{"id":3347,"date":"2020-09-06T19:15:07","date_gmt":"2020-09-06T17:15:07","guid":{"rendered":"https:\/\/aas.xandit.de\/?page_id=3347"},"modified":"2020-12-21T13:06:03","modified_gmt":"2020-12-21T12:06:03","slug":"gewerbe","status":"publish","type":"page","link":"https:\/\/aas-gmbh.de\/index.php\/gewerbe\/","title":{"rendered":"Gewerbe"},"content":{"rendered":"<div id='layer_slider_1'  class='avia-layerslider main_color avia-shadow  avia-builder-el-0  el_before_av_hr  avia-builder-el-first  container_wrap fullsize'  style='height: 356px; max-width: 1120px; margin: 0 auto;'  ><\/div><div id='after_layer_slider_1'  class='main_color av_default_container_wrap container_wrap fullsize'  ><div class='container av-section-cont-open' ><div class='template-page content  av-content-full alpha units'><div class='post-entry post-entry-type-page post-entry-3347'><div class='entry-content-wrapper clearfix'>\n<div  class='hr av-hqaw8h-146e643ae1ee1dfcad19427ee4120f0b hr-default  avia-builder-el-1  el_after_av_layerslider  el_before_av_two_third  avia-builder-el-first  '><span class='hr-inner '><span class=\"hr-inner-style\"><\/span><\/span><\/div>\n\n<style type=\"text\/css\" id=\"style-css-av-fhvg4h-34132c9b460801ce23600f122e980259\">\n#top .flex_column.av-fhvg4h-34132c9b460801ce23600f122e980259{\nborder-radius:0px;\n-webkit-border-radius:0px;\n-moz-border-radius:0px;\npadding:0px;\n}\n<\/style>\n<div class='flex_column av-fhvg4h-34132c9b460801ce23600f122e980259 av_two_third  avia-builder-el-2  el_after_av_hr  el_before_av_one_third  first flex_column_div av-zero-column-padding '   ><style type=\"text\/css\" id=\"style-css-av-khd1yg19-10e50e2a59b6d476d4d2ac8e037d46ea\">\n.avia-image-container.av-khd1yg19-10e50e2a59b6d476d4d2ac8e037d46ea .av-image-caption-overlay-center{\ncolor:#ffffff;\n}\n<\/style>\n<div  class='avia-image-container av-khd1yg19-10e50e2a59b6d476d4d2ac8e037d46ea av-styling- avia-align-center  avia-builder-el-3  avia-builder-el-no-sibling  '  itemprop=\"image\" itemscope=\"itemscope\" itemtype=\"https:\/\/schema.org\/ImageObject\" ><div class=\"avia-image-container-inner\"><div class=\"avia-image-overlay-wrap\"><img class=\"wp-image-3750 avia-img-lazy-loading-not-3750 avia_image\" src=\"https:\/\/aas-gmbh.de\/wp-content\/uploads\/2020\/11\/gewerbe-739x321.png\" alt=\"\" title=\"gewerbe\" height=\"321\" width=\"739\" itemprop=\"thumbnailUrl\"><\/div><\/div><\/div><\/div>\n\n<style type=\"text\/css\" id=\"style-css-av-eg9x9t-5551c694d4c09f0bd0fe640ecaab3cb6\">\n#top .flex_column.av-eg9x9t-5551c694d4c09f0bd0fe640ecaab3cb6{\nborder-radius:0px;\n-webkit-border-radius:0px;\n-moz-border-radius:0px;\npadding:0px;\n}\n<\/style>\n<div class='flex_column av-eg9x9t-5551c694d4c09f0bd0fe640ecaab3cb6 av_one_third  avia-builder-el-4  el_after_av_two_third  el_before_av_one_third  flex_column_div av-zero-column-padding '   ><style type=\"text\/css\" id=\"style-css-av-khd23fo2-7c5df08fe311d05ce38615a344999e44\">\n.avia-image-container.av-khd23fo2-7c5df08fe311d05ce38615a344999e44 .av-image-caption-overlay-center{\ncolor:#ffffff;\n}\n<\/style>\n<div  class='avia-image-container av-khd23fo2-7c5df08fe311d05ce38615a344999e44 av-styling- avia-align-center  avia-builder-el-5  avia-builder-el-no-sibling  '  itemprop=\"image\" itemscope=\"itemscope\" itemtype=\"https:\/\/schema.org\/ImageObject\" ><div class=\"avia-image-container-inner\"><div class=\"avia-image-overlay-wrap\"><img class=\"wp-image-3752 avia-img-lazy-loading-not-3752 avia_image\" src=\"https:\/\/aas-gmbh.de\/wp-content\/uploads\/2020\/11\/g22-180x180.png\" alt=\"\" title=\"g22\" height=\"180\" width=\"180\" itemprop=\"thumbnailUrl\" srcset=\"https:\/\/aas-gmbh.de\/wp-content\/uploads\/2020\/11\/g22-180x180.png 180w, https:\/\/aas-gmbh.de\/wp-content\/uploads\/2020\/11\/g22-300x300.png 300w, https:\/\/aas-gmbh.de\/wp-content\/uploads\/2020\/11\/g22-80x80.png 80w, https:\/\/aas-gmbh.de\/wp-content\/uploads\/2020\/11\/g22-768x768.png 768w, https:\/\/aas-gmbh.de\/wp-content\/uploads\/2020\/11\/g22-36x36.png 36w, https:\/\/aas-gmbh.de\/wp-content\/uploads\/2020\/11\/g22-705x705.png 705w, https:\/\/aas-gmbh.de\/wp-content\/uploads\/2020\/11\/g22.png 830w\" sizes=\"(max-width: 180px) 100vw, 180px\"><\/div><\/div><\/div><\/div>\n\n<style type=\"text\/css\" id=\"style-css-av-btisch-d3b9e67726363790cf630cc5b153e25e\">\n#top .flex_column.av-btisch-d3b9e67726363790cf630cc5b153e25e{\nborder-radius:0px;\n-webkit-border-radius:0px;\n-moz-border-radius:0px;\npadding:0px;\n}\n<\/style>\n<div class='flex_column av-btisch-d3b9e67726363790cf630cc5b153e25e av_one_third  avia-builder-el-6  el_after_av_one_third  el_before_av_two_third  first flex_column_div av-zero-column-padding column-top-margin'   ><\/div>\n\n<style type=\"text\/css\" id=\"style-css-av-b452tt-84db40fe8964b0e98060e4f3f94a35fe\">\n#top .flex_column.av-b452tt-84db40fe8964b0e98060e4f3f94a35fe{\nborder-radius:0px;\n-webkit-border-radius:0px;\n-moz-border-radius:0px;\npadding:0px;\n}\n<\/style>\n<div class='flex_column av-b452tt-84db40fe8964b0e98060e4f3f94a35fe av_two_third  avia-builder-el-7  el_after_av_one_third  el_before_av_one_fourth  flex_column_div av-zero-column-padding column-top-margin'   ><section class=\"av_textblock_section \"  itemscope=\"itemscope\" itemtype=\"https:\/\/schema.org\/CreativeWork\" ><div class='avia_textblock  '  style='font-size:16px; '  itemprop=\"text\" ><p>Unsere Kunden stammen aus den verschiedensten Branchen und Gewerben:<\/p>\n<ul>\n<li>Gro\u00df- und Einzelhandel (vom kleinsten Ladengesch\u00e4ft bis zum Gro\u00dfb\u00fcro)<\/li>\n<li>Industrie (Logistik- und Produktionsstandorte, (Pharma- u. Cemieindustrie)<\/li>\n<li>Konzerne (z.B. T\u00dcV)<\/li>\n<li>Universit\u00e4ten<\/li>\n<li>Hochtechnologierstandorte<\/li>\n<li>\u00d6ffentliche Tr\u00e4ger<\/li>\n<li>Beh\u00f6rden<\/li>\n<\/ul>\n<p><strong>Wir bieten Ihnen reale und gef\u00fchlte Sicherheit direkt aus einer Hand.<\/strong><\/p>\n<\/div><\/section><\/div><div class='flex_column_table av-khd26irf-52d0ebbc81b97270e5ba6ace6ebdb1fe sc-av_one_fourth av-equal-height-column-flextable'>\n<style type=\"text\/css\" id=\"style-css-av-khd26irf-52d0ebbc81b97270e5ba6ace6ebdb1fe\">\n#top .flex_column.av-khd26irf-52d0ebbc81b97270e5ba6ace6ebdb1fe{\nborder-radius:0px;\n-webkit-border-radius:0px;\n-moz-border-radius:0px;\npadding:0px;\n}\n<\/style>\n<div class='flex_column av-khd26irf-52d0ebbc81b97270e5ba6ace6ebdb1fe av_one_fourth  avia-builder-el-9  el_after_av_two_third  el_before_av_one_fourth  first flex_column_table_cell av-equal-height-column av-align-top av-zero-column-padding column-top-margin'   ><p>\n<style type=\"text\/css\" id=\"style-css-av-khd26ajp-23a7502b54a5b7a835b753a95096c8a8\">\n.avia-image-container.av-khd26ajp-23a7502b54a5b7a835b753a95096c8a8 .av-image-caption-overlay-center{\ncolor:#ffffff;\n}\n<\/style>\n<div  class='avia-image-container av-khd26ajp-23a7502b54a5b7a835b753a95096c8a8 av-styling- avia-align-center  avia-builder-el-10  el_before_av_heading  avia-builder-el-first  '  itemprop=\"image\" itemscope=\"itemscope\" itemtype=\"https:\/\/schema.org\/ImageObject\" ><div class=\"avia-image-container-inner\"><div class=\"avia-image-overlay-wrap\"><a href=\"https:\/\/aas-gmbh.de\/index.php\/videoanlagen\/\" class='avia_image' ><img width=\"495\" height=\"400\" class=\"wp-image-3400 avia-img-lazy-loading-not-3400 avia_image\" src=\"https:\/\/aas-gmbh.de\/wp-content\/uploads\/2020\/10\/g-cam_ewpc-4270_5.03741.png_1-495x400.png\" alt=\"\" title=\"g-cam_ewpc-4270_5.03741.png_1\" itemprop=\"thumbnailUrl\" srcset=\"https:\/\/aas-gmbh.de\/wp-content\/uploads\/2020\/10\/g-cam_ewpc-4270_5.03741.png_1-495x400.png 495w, https:\/\/aas-gmbh.de\/wp-content\/uploads\/2020\/10\/g-cam_ewpc-4270_5.03741.png_1-845x684.png 845w\" sizes=\"(max-width: 495px) 100vw, 495px\"><\/a><\/div><\/div><\/div><br \/>\n\n<style type=\"text\/css\" id=\"style-css-av-khd2k99z-2af698da7f42d1f1bc20d9f7dc27f927\">\n#top .av-special-heading.av-khd2k99z-2af698da7f42d1f1bc20d9f7dc27f927{\npadding-bottom:10px;\n}\n<\/style>\n<div  class='av-special-heading av-khd2k99z-2af698da7f42d1f1bc20d9f7dc27f927 av-special-heading-h3  avia-builder-el-11  el_after_av_image  avia-builder-el-last  '><h3 class='av-special-heading-tag '  itemprop=\"headline\"  >Videoanlagen<\/h3><div class='special-heading-border'><div class='special-heading-inner-border'><\/div><\/div><\/div><\/p><\/div><\/p>\n<div class='av-flex-placeholder'><\/div>\n<style type=\"text\/css\" id=\"style-css-av-8zh39d-ebadda5ed32af420e7a48cdc2e08006e\">\n#top .flex_column.av-8zh39d-ebadda5ed32af420e7a48cdc2e08006e{\nborder-radius:0px;\n-webkit-border-radius:0px;\n-moz-border-radius:0px;\npadding:0px;\n}\n<\/style>\n<div class='flex_column av-8zh39d-ebadda5ed32af420e7a48cdc2e08006e av_one_fourth  avia-builder-el-12  el_after_av_one_fourth  el_before_av_one_fourth  flex_column_table_cell av-equal-height-column av-align-top av-zero-column-padding column-top-margin'   ><p>\n<style type=\"text\/css\" id=\"style-css-av-khd271vg-c6782cd8356ac7a0f53868952f54a2ec\">\n.avia-image-container.av-khd271vg-c6782cd8356ac7a0f53868952f54a2ec .av-image-caption-overlay-center{\ncolor:#ffffff;\n}\n<\/style>\n<div  class='avia-image-container av-khd271vg-c6782cd8356ac7a0f53868952f54a2ec av-styling- avia-align-center  avia-builder-el-13  el_before_av_heading  avia-builder-el-first  '  itemprop=\"image\" itemscope=\"itemscope\" itemtype=\"https:\/\/schema.org\/ImageObject\" ><div class=\"avia-image-container-inner\"><div class=\"avia-image-overlay-wrap\"><a href=\"https:\/\/aas-gmbh.de\/index.php\/brandmeldeanlagen\/\" class='avia_image' ><img width=\"495\" height=\"400\" class=\"wp-image-3582 avia-img-lazy-loading-not-3582 avia_image\" src=\"https:\/\/aas-gmbh.de\/wp-content\/uploads\/2020\/10\/hifire-4000-BMT_Gruppe-1-495x400.jpg\" alt=\"\" title=\"hifire-4000-BMT_Gruppe\" itemprop=\"thumbnailUrl\" srcset=\"https:\/\/aas-gmbh.de\/wp-content\/uploads\/2020\/10\/hifire-4000-BMT_Gruppe-1-495x400.jpg 495w, https:\/\/aas-gmbh.de\/wp-content\/uploads\/2020\/10\/hifire-4000-BMT_Gruppe-1-845x684.jpg 845w\" sizes=\"(max-width: 495px) 100vw, 495px\"><\/a><\/div><\/div><\/div><br \/>\n\n<style type=\"text\/css\" id=\"style-css-av-khd2kh3g-430adb80f57ac50a011bcc8d6077fc9f\">\n#top .av-special-heading.av-khd2kh3g-430adb80f57ac50a011bcc8d6077fc9f{\npadding-bottom:10px;\n}\n<\/style>\n<div  class='av-special-heading av-khd2kh3g-430adb80f57ac50a011bcc8d6077fc9f av-special-heading-h3  avia-builder-el-14  el_after_av_image  avia-builder-el-last  '><h3 class='av-special-heading-tag '  itemprop=\"headline\"  >Brandmeldeanlagen<\/h3><div class='special-heading-border'><div class='special-heading-inner-border'><\/div><\/div><\/div><\/p><\/div>\n<div class='av-flex-placeholder'><\/div>\n<style type=\"text\/css\" id=\"style-css-av-7l3lrl-6765e5e5643e03c68a540338115ac84c\">\n#top .flex_column.av-7l3lrl-6765e5e5643e03c68a540338115ac84c{\nborder-radius:0px;\n-webkit-border-radius:0px;\n-moz-border-radius:0px;\npadding:0px;\n}\n<\/style>\n<div class='flex_column av-7l3lrl-6765e5e5643e03c68a540338115ac84c av_one_fourth  avia-builder-el-15  el_after_av_one_fourth  el_before_av_one_fourth  flex_column_table_cell av-equal-height-column av-align-top av-zero-column-padding column-top-margin'   ><p>\n<style type=\"text\/css\" id=\"style-css-av-khd27iv4-27fd21d011fbcb92b4e9a50d184eeff5\">\n.avia-image-container.av-khd27iv4-27fd21d011fbcb92b4e9a50d184eeff5 .av-image-caption-overlay-center{\ncolor:#ffffff;\n}\n<\/style>\n<div  class='avia-image-container av-khd27iv4-27fd21d011fbcb92b4e9a50d184eeff5 av-styling- avia-align-center  avia-builder-el-16  el_before_av_heading  avia-builder-el-first  '  itemprop=\"image\" itemscope=\"itemscope\" itemtype=\"https:\/\/schema.org\/ImageObject\" ><div class=\"avia-image-container-inner\"><div class=\"avia-image-overlay-wrap\"><a href=\"https:\/\/aas-gmbh.de\/index.php\/einbruchmeldeanlagen\/\" class='avia_image' ><img width=\"495\" height=\"400\" class=\"wp-image-3599 avia-img-lazy-loading-not-3599 avia_image\" src=\"https:\/\/aas-gmbh.de\/wp-content\/uploads\/2020\/10\/Alarm-495x400.jpg\" alt=\"\" title=\"Alarm\" itemprop=\"thumbnailUrl\" srcset=\"https:\/\/aas-gmbh.de\/wp-content\/uploads\/2020\/10\/Alarm-495x400.jpg 495w, https:\/\/aas-gmbh.de\/wp-content\/uploads\/2020\/10\/Alarm-845x684.jpg 845w\" sizes=\"(max-width: 495px) 100vw, 495px\"><\/a><\/div><\/div><\/div><br \/>\n\n<style type=\"text\/css\" id=\"style-css-av-khd2krcf-0ca333cd12c1af0e134dca3a6a50a97e\">\n#top .av-special-heading.av-khd2krcf-0ca333cd12c1af0e134dca3a6a50a97e{\npadding-bottom:10px;\n}\n<\/style>\n<div  class='av-special-heading av-khd2krcf-0ca333cd12c1af0e134dca3a6a50a97e av-special-heading-h3  avia-builder-el-17  el_after_av_image  avia-builder-el-last  '><h3 class='av-special-heading-tag '  itemprop=\"headline\"  >Einbruchmeldeanlagen<\/h3><div class='special-heading-border'><div class='special-heading-inner-border'><\/div><\/div><\/div><\/p><\/div>\n<div class='av-flex-placeholder'><\/div>\n<style type=\"text\/css\" id=\"style-css-av-5wwoi9-bb202a364540feb42f6fdfdf3ab4725b\">\n#top .flex_column.av-5wwoi9-bb202a364540feb42f6fdfdf3ab4725b{\nborder-radius:0px;\n-webkit-border-radius:0px;\n-moz-border-radius:0px;\npadding:0px;\n}\n<\/style>\n<div class='flex_column av-5wwoi9-bb202a364540feb42f6fdfdf3ab4725b av_one_fourth  avia-builder-el-18  el_after_av_one_fourth  el_before_av_one_fourth  flex_column_table_cell av-equal-height-column av-align-top av-zero-column-padding column-top-margin'   ><p>\n<style type=\"text\/css\" id=\"style-css-av-khd2bzo6-421eacd4235a2e994820aeb01b74deaa\">\n.avia-image-container.av-khd2bzo6-421eacd4235a2e994820aeb01b74deaa .av-image-caption-overlay-center{\ncolor:#ffffff;\n}\n<\/style>\n<div  class='avia-image-container av-khd2bzo6-421eacd4235a2e994820aeb01b74deaa av-styling- avia-align-center  avia-builder-el-19  el_before_av_heading  avia-builder-el-first  '  itemprop=\"image\" itemscope=\"itemscope\" itemtype=\"https:\/\/schema.org\/ImageObject\" ><div class=\"avia-image-container-inner\"><div class=\"avia-image-overlay-wrap\"><a href=\"https:\/\/aas-gmbh.de\/index.php\/edv-it-security\/\" class='avia_image' ><img width=\"495\" height=\"400\" class=\"wp-image-3601 avia-img-lazy-loading-not-3601 avia_image\" src=\"https:\/\/aas-gmbh.de\/wp-content\/uploads\/2020\/10\/EdgeSwitch_48_500_LeftAngle-495x400.png\" alt=\"\" title=\"EdgeSwitch_48_500_LeftAngle\" itemprop=\"thumbnailUrl\" srcset=\"https:\/\/aas-gmbh.de\/wp-content\/uploads\/2020\/10\/EdgeSwitch_48_500_LeftAngle-495x400.png 495w, https:\/\/aas-gmbh.de\/wp-content\/uploads\/2020\/10\/EdgeSwitch_48_500_LeftAngle-845x684.png 845w\" sizes=\"(max-width: 495px) 100vw, 495px\"><\/a><\/div><\/div><\/div><br \/>\n\n<style type=\"text\/css\" id=\"style-css-av-khd2m8a6-46135c7dd0f77a67116ce350ea855d0d\">\n#top .av-special-heading.av-khd2m8a6-46135c7dd0f77a67116ce350ea855d0d{\npadding-bottom:10px;\n}\n<\/style>\n<div  class='av-special-heading av-khd2m8a6-46135c7dd0f77a67116ce350ea855d0d av-special-heading-h3  avia-builder-el-20  el_after_av_image  avia-builder-el-last  '><h3 class='av-special-heading-tag '  itemprop=\"headline\"  >EDV\/IT-Security<\/h3><div class='special-heading-border'><div class='special-heading-inner-border'><\/div><\/div><\/div><\/p><\/div><\/div><!--close column table wrapper. Autoclose: 1 -->\n\n<style type=\"text\/css\" id=\"style-css-av-khd2ru5p-57db2f8a7c87324669895d7e2cc1a90d\">\n#top .flex_column.av-khd2ru5p-57db2f8a7c87324669895d7e2cc1a90d{\nborder-radius:0px;\n-webkit-border-radius:0px;\n-moz-border-radius:0px;\npadding:0px;\n}\n<\/style>\n<div class='flex_column av-khd2ru5p-57db2f8a7c87324669895d7e2cc1a90d av_one_fourth  avia-builder-el-21  el_after_av_one_fourth  el_before_av_one_fourth  first flex_column_div av-zero-column-padding column-top-margin'   ><p>\n<style type=\"text\/css\" id=\"style-css-av-khd2cmow-82e66461e4174f1953df109a8fcee645\">\n.avia-image-container.av-khd2cmow-82e66461e4174f1953df109a8fcee645 .av-image-caption-overlay-center{\ncolor:#ffffff;\n}\n<\/style>\n<div  class='avia-image-container av-khd2cmow-82e66461e4174f1953df109a8fcee645 av-styling- avia-align-center  avia-builder-el-22  el_before_av_heading  avia-builder-el-first  '  itemprop=\"image\" itemscope=\"itemscope\" itemtype=\"https:\/\/schema.org\/ImageObject\" ><div class=\"avia-image-container-inner\"><div class=\"avia-image-overlay-wrap\"><a href=\"https:\/\/aas-gmbh.de\/index.php\/schliessanlagen\/\" class='avia_image' ><img width=\"495\" height=\"400\" class=\"wp-image-3605 avia-img-lazy-loading-not-3605 avia_image\" src=\"https:\/\/aas-gmbh.de\/wp-content\/uploads\/2020\/10\/Verso-495x400.png\" alt=\"\" title=\"Verso\" itemprop=\"thumbnailUrl\" srcset=\"https:\/\/aas-gmbh.de\/wp-content\/uploads\/2020\/10\/Verso-495x400.png 495w, https:\/\/aas-gmbh.de\/wp-content\/uploads\/2020\/10\/Verso-300x243.png 300w, https:\/\/aas-gmbh.de\/wp-content\/uploads\/2020\/10\/Verso-1030x834.png 1030w, https:\/\/aas-gmbh.de\/wp-content\/uploads\/2020\/10\/Verso-768x622.png 768w, https:\/\/aas-gmbh.de\/wp-content\/uploads\/2020\/10\/Verso-1536x1243.png 1536w, https:\/\/aas-gmbh.de\/wp-content\/uploads\/2020\/10\/Verso-2048x1658.png 2048w, https:\/\/aas-gmbh.de\/wp-content\/uploads\/2020\/10\/Verso-1500x1214.png 1500w, https:\/\/aas-gmbh.de\/wp-content\/uploads\/2020\/10\/Verso-845x684.png 845w, https:\/\/aas-gmbh.de\/wp-content\/uploads\/2020\/10\/Verso-705x571.png 705w\" sizes=\"(max-width: 495px) 100vw, 495px\"><\/a><\/div><\/div><\/div><br \/>\n\n<style type=\"text\/css\" id=\"style-css-av-khd2mows-273b14bd9eb64804f3790426438c526e\">\n#top .av-special-heading.av-khd2mows-273b14bd9eb64804f3790426438c526e{\npadding-bottom:10px;\n}\n<\/style>\n<div  class='av-special-heading av-khd2mows-273b14bd9eb64804f3790426438c526e av-special-heading-h3  avia-builder-el-23  el_after_av_image  avia-builder-el-last  '><h3 class='av-special-heading-tag '  itemprop=\"headline\"  >Schlie\u00dfanlagen<\/h3><div class='special-heading-border'><div class='special-heading-inner-border'><\/div><\/div><\/div><\/p><\/div>\n\n<style type=\"text\/css\" id=\"style-css-av-41krpd-d8b8ea65abaa952846bef10590bc81c1\">\n#top .flex_column.av-41krpd-d8b8ea65abaa952846bef10590bc81c1{\nborder-radius:0px;\n-webkit-border-radius:0px;\n-moz-border-radius:0px;\npadding:0px;\n}\n<\/style>\n<div class='flex_column av-41krpd-d8b8ea65abaa952846bef10590bc81c1 av_one_fourth  avia-builder-el-24  el_after_av_one_fourth  el_before_av_one_fourth  flex_column_div av-zero-column-padding column-top-margin'   ><p>\n<style type=\"text\/css\" id=\"style-css-av-khd2d3vk-f6782683d9ebe6b21bdd9c61c4447d09\">\n.avia-image-container.av-khd2d3vk-f6782683d9ebe6b21bdd9c61c4447d09 .av-image-caption-overlay-center{\ncolor:#ffffff;\n}\n<\/style>\n<div  class='avia-image-container av-khd2d3vk-f6782683d9ebe6b21bdd9c61c4447d09 av-styling- avia-align-center  avia-builder-el-25  el_before_av_heading  avia-builder-el-first  '  itemprop=\"image\" itemscope=\"itemscope\" itemtype=\"https:\/\/schema.org\/ImageObject\" ><div class=\"avia-image-container-inner\"><div class=\"avia-image-overlay-wrap\"><a href=\"https:\/\/aas-gmbh.de\/index.php\/tresore\/\" class='avia_image' ><img width=\"495\" height=\"400\" class=\"wp-image-3611 avia-img-lazy-loading-not-3611 avia_image\" src=\"https:\/\/aas-gmbh.de\/wp-content\/uploads\/2020\/10\/1304-Tresorkauf24.de-Widerstandsgrad-1-60-P-Tresor-TA-10-VdS-Grad-1-1-495x400.jpg\" alt=\"\" title=\"1304-Tresorkauf24.de-Widerstandsgrad-1-60-P-Tresor-TA-10-VdS-Grad-1\" itemprop=\"thumbnailUrl\" srcset=\"https:\/\/aas-gmbh.de\/wp-content\/uploads\/2020\/10\/1304-Tresorkauf24.de-Widerstandsgrad-1-60-P-Tresor-TA-10-VdS-Grad-1-1-495x400.jpg 495w, https:\/\/aas-gmbh.de\/wp-content\/uploads\/2020\/10\/1304-Tresorkauf24.de-Widerstandsgrad-1-60-P-Tresor-TA-10-VdS-Grad-1-1-845x684.jpg 845w\" sizes=\"(max-width: 495px) 100vw, 495px\"><\/a><\/div><\/div><\/div><br \/>\n\n<style type=\"text\/css\" id=\"style-css-av-khd2mvnr-8dd7d4957895d8e3e425eaa6f05c8350\">\n#top .av-special-heading.av-khd2mvnr-8dd7d4957895d8e3e425eaa6f05c8350{\npadding-bottom:10px;\n}\n<\/style>\n<div  class='av-special-heading av-khd2mvnr-8dd7d4957895d8e3e425eaa6f05c8350 av-special-heading-h3  avia-builder-el-26  el_after_av_image  avia-builder-el-last  '><h3 class='av-special-heading-tag '  itemprop=\"headline\"  >Tresore<\/h3><div class='special-heading-border'><div class='special-heading-inner-border'><\/div><\/div><\/div><\/p><\/div>\n\n<style type=\"text\/css\" id=\"style-css-av-39ygy9-9d0c823c953dff38fe747601201fcab5\">\n#top .flex_column.av-39ygy9-9d0c823c953dff38fe747601201fcab5{\nborder-radius:0px;\n-webkit-border-radius:0px;\n-moz-border-radius:0px;\npadding:0px;\n}\n<\/style>\n<div class='flex_column av-39ygy9-9d0c823c953dff38fe747601201fcab5 av_one_fourth  avia-builder-el-27  el_after_av_one_fourth  el_before_av_one_fourth  flex_column_div av-zero-column-padding column-top-margin'   ><p>\n<style type=\"text\/css\" id=\"style-css-av-khd2evsx-3c1b797a7349bb5a941e87e7b172fd09\">\n.avia-image-container.av-khd2evsx-3c1b797a7349bb5a941e87e7b172fd09 .av-image-caption-overlay-center{\ncolor:#ffffff;\n}\n<\/style>\n<div  class='avia-image-container av-khd2evsx-3c1b797a7349bb5a941e87e7b172fd09 av-styling- avia-align-center  avia-builder-el-28  el_before_av_heading  avia-builder-el-first  '  itemprop=\"image\" itemscope=\"itemscope\" itemtype=\"https:\/\/schema.org\/ImageObject\" ><div class=\"avia-image-container-inner\"><div class=\"avia-image-overlay-wrap\"><a href=\"https:\/\/aas-gmbh.de\/index.php\/zutrittskontrollanlagen\/\" class='avia_image' ><img width=\"495\" height=\"400\" class=\"wp-image-3624 avia-img-lazy-loading-not-3624 avia_image\" src=\"https:\/\/aas-gmbh.de\/wp-content\/uploads\/2020\/10\/ABI_41444211_02-495x400.jpg\" alt=\"\" title=\"ABI_41444211_02\" itemprop=\"thumbnailUrl\" srcset=\"https:\/\/aas-gmbh.de\/wp-content\/uploads\/2020\/10\/ABI_41444211_02-495x400.jpg 495w, https:\/\/aas-gmbh.de\/wp-content\/uploads\/2020\/10\/ABI_41444211_02-845x684.jpg 845w\" sizes=\"(max-width: 495px) 100vw, 495px\"><\/a><\/div><\/div><\/div><br \/>\n\n<style type=\"text\/css\" id=\"style-css-av-khd2n4fh-fbb7fe8e2a9cd8b00c5d4c9346bfc543\">\n#top .av-special-heading.av-khd2n4fh-fbb7fe8e2a9cd8b00c5d4c9346bfc543{\npadding-bottom:10px;\n}\n<\/style>\n<div  class='av-special-heading av-khd2n4fh-fbb7fe8e2a9cd8b00c5d4c9346bfc543 av-special-heading-h3  avia-builder-el-29  el_after_av_image  avia-builder-el-last  '><h3 class='av-special-heading-tag '  itemprop=\"headline\"  >Zutrittskontrolle<\/h3><div class='special-heading-border'><div class='special-heading-inner-border'><\/div><\/div><\/div><\/p><\/div>\n\n<style type=\"text\/css\" id=\"style-css-av-39ygy9-9d0c823c953dff38fe747601201fcab5\">\n#top .flex_column.av-39ygy9-9d0c823c953dff38fe747601201fcab5{\nborder-radius:0px;\n-webkit-border-radius:0px;\n-moz-border-radius:0px;\npadding:0px;\n}\n<\/style>\n<div class='flex_column av-39ygy9-9d0c823c953dff38fe747601201fcab5 av_one_fourth  avia-builder-el-30  el_after_av_one_fourth  el_before_av_codeblock  flex_column_div av-zero-column-padding column-top-margin'   ><p>\n<style type=\"text\/css\" id=\"style-css-av-khd2evsx-ed9f3dd72a26ebf8ee0ba1eccb6a44a8\">\n.avia-image-container.av-khd2evsx-ed9f3dd72a26ebf8ee0ba1eccb6a44a8 .av-image-caption-overlay-center{\ncolor:#ffffff;\n}\n<\/style>\n<div  class='avia-image-container av-khd2evsx-ed9f3dd72a26ebf8ee0ba1eccb6a44a8 av-styling- avia-align-center  avia-builder-el-31  el_before_av_heading  avia-builder-el-first  '  itemprop=\"image\" itemscope=\"itemscope\" itemtype=\"https:\/\/schema.org\/ImageObject\" ><div class=\"avia-image-container-inner\"><div class=\"avia-image-overlay-wrap\"><a href=\"https:\/\/aas-gmbh.de\/index.php\/zeiterfassung\/\" class='avia_image' ><img width=\"495\" height=\"400\" class=\"wp-image-3612 avia-img-lazy-loading-not-3612 avia_image\" src=\"https:\/\/aas-gmbh.de\/wp-content\/uploads\/2020\/10\/timas-basic-cb4050_biometrie-495x400.png\" alt=\"\" title=\"timas-basic-cb4050_biometrie\" itemprop=\"thumbnailUrl\" srcset=\"https:\/\/aas-gmbh.de\/wp-content\/uploads\/2020\/10\/timas-basic-cb4050_biometrie-495x400.png 495w, https:\/\/aas-gmbh.de\/wp-content\/uploads\/2020\/10\/timas-basic-cb4050_biometrie-845x684.png 845w\" sizes=\"(max-width: 495px) 100vw, 495px\"><\/a><\/div><\/div><\/div><br \/>\n\n<style type=\"text\/css\" id=\"style-css-av-khd33v8o-21d9e576179c6d4696941ca7574da4c7\">\n#top .av-special-heading.av-khd33v8o-21d9e576179c6d4696941ca7574da4c7{\npadding-bottom:10px;\n}\n<\/style>\n<div  class='av-special-heading av-khd33v8o-21d9e576179c6d4696941ca7574da4c7 av-special-heading-h3  avia-builder-el-32  el_after_av_image  avia-builder-el-last  '><h3 class='av-special-heading-tag '  itemprop=\"headline\"  >Zeiterfassung<\/h3><div class='special-heading-border'><div class='special-heading-inner-border'><\/div><\/div><\/div><\/p><\/div>\n\n","protected":false},"excerpt":{"rendered":"","protected":false},"author":1,"featured_media":0,"parent":0,"menu_order":0,"comment_status":"closed","ping_status":"closed","template":"","meta":[],"_links":{"self":[{"href":"https:\/\/aas-gmbh.de\/index.php\/wp-json\/wp\/v2\/pages\/3347"}],"collection":[{"href":"https:\/\/aas-gmbh.de\/index.php\/wp-json\/wp\/v2\/pages"}],"about":[{"href":"https:\/\/aas-gmbh.de\/index.php\/wp-json\/wp\/v2\/types\/page"}],"author":[{"embeddable":true,"href":"https:\/\/aas-gmbh.de\/index.php\/wp-json\/wp\/v2\/users\/1"}],"replies":[{"embeddable":true,"href":"https:\/\/aas-gmbh.de\/index.php\/wp-json\/wp\/v2\/comments?post=3347"}],"version-history":[{"count":15,"href":"https:\/\/aas-gmbh.de\/index.php\/wp-json\/wp\/v2\/pages\/3347\/revisions"}],"predecessor-version":[{"id":3916,"href":"https:\/\/aas-gmbh.de\/index.php\/wp-json\/wp\/v2\/pages\/3347\/revisions\/3916"}],"wp:attachment":[{"href":"https:\/\/aas-gmbh.de\/index.php\/wp-json\/wp\/v2\/media?parent=3347"}],"curies":[{"name":"wp","href":"https:\/\/api.w.org\/{rel}","templated":true}]}}