{"id":3434,"date":"2020-10-08T12:32:15","date_gmt":"2020-10-08T10:32:15","guid":{"rendered":"https:\/\/aas.xandit.de\/?page_id=3434"},"modified":"2020-12-21T13:14:50","modified_gmt":"2020-12-21T12:14:50","slug":"videoanlagen","status":"publish","type":"page","link":"https:\/\/aas-gmbh.de\/index.php\/videoanlagen\/","title":{"rendered":"Videoanlagen"},"content":{"rendered":"<div id='layer_slider_1'  class='avia-layerslider main_color avia-shadow  avia-builder-el-0  el_before_av_image  avia-builder-el-first  container_wrap fullsize'  style='height: 356px; max-width: 1110px; margin: 0 auto;'  ><\/div><div id='after_layer_slider_1'  class='main_color av_default_container_wrap container_wrap fullsize'  ><div class='container av-section-cont-open' ><div class='template-page content  av-content-full alpha units'><div class='post-entry post-entry-type-page post-entry-3434'><div class='entry-content-wrapper clearfix'>\n\n<style type=\"text\/css\" id=\"style-css-av-kg0zc3ua-5cf795bc7e7e089ba4b0fd43f544cd23\">\n.avia-image-container.av-kg0zc3ua-5cf795bc7e7e089ba4b0fd43f544cd23 .av-image-caption-overlay-center{\ncolor:#ffffff;\n}\n<\/style>\n<div  class='avia-image-container av-kg0zc3ua-5cf795bc7e7e089ba4b0fd43f544cd23 av-styling- avia-align-center  avia-builder-el-1  el_after_av_layerslider  el_before_av_hr  avia-builder-el-first  '  itemprop=\"image\" itemscope=\"itemscope\" itemtype=\"https:\/\/schema.org\/ImageObject\" ><div class=\"avia-image-container-inner\"><div class=\"avia-image-overlay-wrap\"><img class=\"wp-image-3403 avia-img-lazy-loading-not-3403 avia_image\" src=\"https:\/\/aas-gmbh.de\/wp-content\/uploads\/2020\/10\/videobanner-1030x254.png\" alt=\"\" title=\"videobanner\" height=\"254\" width=\"1030\" itemprop=\"thumbnailUrl\" srcset=\"https:\/\/aas-gmbh.de\/wp-content\/uploads\/2020\/10\/videobanner-1030x254.png 1030w, https:\/\/aas-gmbh.de\/wp-content\/uploads\/2020\/10\/videobanner-300x74.png 300w, https:\/\/aas-gmbh.de\/wp-content\/uploads\/2020\/10\/videobanner-768x189.png 768w, https:\/\/aas-gmbh.de\/wp-content\/uploads\/2020\/10\/videobanner-705x174.png 705w, https:\/\/aas-gmbh.de\/wp-content\/uploads\/2020\/10\/videobanner.png 1139w\" sizes=\"(max-width: 1030px) 100vw, 1030px\"><\/div><\/div><\/div>\n<div  class='hr av-5mzlmy-be6987d7698609202695d9578e510cdd hr-default  avia-builder-el-2  el_after_av_image  el_before_av_one_half  '><span class='hr-inner '><span class=\"hr-inner-style\"><\/span><\/span><\/div>\n\n<style type=\"text\/css\" id=\"style-css-av-40yhay-c755fc501ee402d635e1cc2222d88fda\">\n#top .flex_column.av-40yhay-c755fc501ee402d635e1cc2222d88fda{\nborder-radius:0px;\n-webkit-border-radius:0px;\n-moz-border-radius:0px;\npadding:0px;\n}\n<\/style>\n<div class='flex_column av-40yhay-c755fc501ee402d635e1cc2222d88fda av_one_half  avia-builder-el-3  el_after_av_hr  el_before_av_one_half  first flex_column_div av-zero-column-padding '   ><style type=\"text\/css\" id=\"style-css-av-kg0zbik6-ed0079a3a10c54a5b201c2e678be65d7\">\n#top .avia-gallery.av-kg0zbik6-ed0079a3a10c54a5b201c2e678be65d7 .avia-gallery-thumb a{\nwidth:20%;\n}\n<\/style>\n<div  class='avia-gallery av-kg0zbik6-ed0079a3a10c54a5b201c2e678be65d7 avia_animate_when_visible  avia-builder-el-4  avia-builder-el-no-sibling  avia_lazyload avia-gallery-animate  avia-gallery-1'  itemprop=\"image\" itemscope=\"itemscope\" itemtype=\"https:\/\/schema.org\/ImageObject\" ><a class='avia-gallery-big fakeLightbox lightbox avia-gallery-big-crop-thumb ' href=\"https:\/\/aas-gmbh.de\/wp-content\/uploads\/2020\/10\/g-cam-efd-4430-1030x993.png\" data-srcset=\"https:\/\/aas-gmbh.de\/wp-content\/uploads\/2020\/10\/g-cam-efd-4430-1030x993.png 1030w, https:\/\/aas-gmbh.de\/wp-content\/uploads\/2020\/10\/g-cam-efd-4430-300x289.png 300w, https:\/\/aas-gmbh.de\/wp-content\/uploads\/2020\/10\/g-cam-efd-4430-768x740.png 768w, https:\/\/aas-gmbh.de\/wp-content\/uploads\/2020\/10\/g-cam-efd-4430-36x36.png 36w, https:\/\/aas-gmbh.de\/wp-content\/uploads\/2020\/10\/g-cam-efd-4430-705x680.png 705w, https:\/\/aas-gmbh.de\/wp-content\/uploads\/2020\/10\/g-cam-efd-4430.png 1245w\" data-sizes=\"(max-width: 1030px) 100vw, 1030px\"  data-onclick='1' title='g-cam-efd-4430' ><span class='avia-gallery-big-inner'  itemprop=\"thumbnailUrl\" ><img class=\"wp-image-3401 avia-img-lazy-loading-not-3401\" width=\"845\" height=\"684\" src=\"https:\/\/aas-gmbh.de\/wp-content\/uploads\/2020\/10\/g-cam-efd-4430-845x684.png\" title=\"g-cam-efd-4430\" alt=\"\" srcset=\"https:\/\/aas-gmbh.de\/wp-content\/uploads\/2020\/10\/g-cam-efd-4430-845x684.png 845w, https:\/\/aas-gmbh.de\/wp-content\/uploads\/2020\/10\/g-cam-efd-4430-495x400.png 495w\" sizes=\"(max-width: 845px) 100vw, 845px\"><\/span><\/a><div class='avia-gallery-thumb'> <a href=\"https:\/\/aas-gmbh.de\/wp-content\/uploads\/2020\/10\/g-cam-efd-4430-1030x993.png\" data-srcset=\"https:\/\/aas-gmbh.de\/wp-content\/uploads\/2020\/10\/g-cam-efd-4430-1030x993.png 1030w, https:\/\/aas-gmbh.de\/wp-content\/uploads\/2020\/10\/g-cam-efd-4430-300x289.png 300w, https:\/\/aas-gmbh.de\/wp-content\/uploads\/2020\/10\/g-cam-efd-4430-768x740.png 768w, https:\/\/aas-gmbh.de\/wp-content\/uploads\/2020\/10\/g-cam-efd-4430-36x36.png 36w, https:\/\/aas-gmbh.de\/wp-content\/uploads\/2020\/10\/g-cam-efd-4430-705x680.png 705w, https:\/\/aas-gmbh.de\/wp-content\/uploads\/2020\/10\/g-cam-efd-4430.png 1245w\" data-sizes=\"(max-width: 1030px) 100vw, 1030px\" data-rel='gallery-1' data-prev-img='https:\/\/aas-gmbh.de\/wp-content\/uploads\/2020\/10\/g-cam-efd-4430-845x684.png' class='first_thumb lightbox ' data-onclick='1' title='g-cam-efd-4430'  itemprop=\"thumbnailUrl\"  ><img class=\"wp-image-3401 avia-img-lazy-loading-not-3401\" src=\"https:\/\/aas-gmbh.de\/wp-content\/uploads\/2020\/10\/g-cam-efd-4430-495x400.png\" width=\"495\" height=\"400\" title=\"g-cam-efd-4430\" alt=\"\" srcset=\"https:\/\/aas-gmbh.de\/wp-content\/uploads\/2020\/10\/g-cam-efd-4430-495x400.png 495w, https:\/\/aas-gmbh.de\/wp-content\/uploads\/2020\/10\/g-cam-efd-4430-845x684.png 845w\" sizes=\"(max-width: 495px) 100vw, 495px\"><\/a> <a href=\"https:\/\/aas-gmbh.de\/wp-content\/uploads\/2020\/10\/g-cam_ewpc-4270_5.03741.png_1-1030x687.png\" data-srcset=\"https:\/\/aas-gmbh.de\/wp-content\/uploads\/2020\/10\/g-cam_ewpc-4270_5.03741.png_1-1030x687.png 1030w, https:\/\/aas-gmbh.de\/wp-content\/uploads\/2020\/10\/g-cam_ewpc-4270_5.03741.png_1-300x200.png 300w, https:\/\/aas-gmbh.de\/wp-content\/uploads\/2020\/10\/g-cam_ewpc-4270_5.03741.png_1-768x512.png 768w, https:\/\/aas-gmbh.de\/wp-content\/uploads\/2020\/10\/g-cam_ewpc-4270_5.03741.png_1-1536x1025.png 1536w, https:\/\/aas-gmbh.de\/wp-content\/uploads\/2020\/10\/g-cam_ewpc-4270_5.03741.png_1-1500x1001.png 1500w, https:\/\/aas-gmbh.de\/wp-content\/uploads\/2020\/10\/g-cam_ewpc-4270_5.03741.png_1-705x470.png 705w, https:\/\/aas-gmbh.de\/wp-content\/uploads\/2020\/10\/g-cam_ewpc-4270_5.03741.png_1.png 1799w\" data-sizes=\"(max-width: 1030px) 100vw, 1030px\" data-rel='gallery-1' data-prev-img='https:\/\/aas-gmbh.de\/wp-content\/uploads\/2020\/10\/g-cam_ewpc-4270_5.03741.png_1-845x684.png' class='lightbox ' data-onclick='2' title='g-cam_ewpc-4270_5.03741.png_1'  itemprop=\"thumbnailUrl\"  ><img class=\"wp-image-3400 avia-img-lazy-loading-not-3400\" src=\"https:\/\/aas-gmbh.de\/wp-content\/uploads\/2020\/10\/g-cam_ewpc-4270_5.03741.png_1-495x400.png\" width=\"495\" height=\"400\" title=\"g-cam_ewpc-4270_5.03741.png_1\" alt=\"\" srcset=\"https:\/\/aas-gmbh.de\/wp-content\/uploads\/2020\/10\/g-cam_ewpc-4270_5.03741.png_1-495x400.png 495w, https:\/\/aas-gmbh.de\/wp-content\/uploads\/2020\/10\/g-cam_ewpc-4270_5.03741.png_1-845x684.png 845w\" sizes=\"(max-width: 495px) 100vw, 495px\"><\/a> <a href=\"https:\/\/aas-gmbh.de\/wp-content\/uploads\/2020\/10\/g_cam_pthc_0.022xx_d_1_5_1-1030x702.jpg\" data-srcset=\"https:\/\/aas-gmbh.de\/wp-content\/uploads\/2020\/10\/g_cam_pthc_0.022xx_d_1_5_1-1030x702.jpg 1030w, https:\/\/aas-gmbh.de\/wp-content\/uploads\/2020\/10\/g_cam_pthc_0.022xx_d_1_5_1-300x204.jpg 300w, https:\/\/aas-gmbh.de\/wp-content\/uploads\/2020\/10\/g_cam_pthc_0.022xx_d_1_5_1-768x523.jpg 768w, https:\/\/aas-gmbh.de\/wp-content\/uploads\/2020\/10\/g_cam_pthc_0.022xx_d_1_5_1-1536x1047.jpg 1536w, https:\/\/aas-gmbh.de\/wp-content\/uploads\/2020\/10\/g_cam_pthc_0.022xx_d_1_5_1-1500x1022.jpg 1500w, https:\/\/aas-gmbh.de\/wp-content\/uploads\/2020\/10\/g_cam_pthc_0.022xx_d_1_5_1-705x480.jpg 705w, https:\/\/aas-gmbh.de\/wp-content\/uploads\/2020\/10\/g_cam_pthc_0.022xx_d_1_5_1.jpg 1761w\" data-sizes=\"(max-width: 1030px) 100vw, 1030px\" data-rel='gallery-1' data-prev-img='https:\/\/aas-gmbh.de\/wp-content\/uploads\/2020\/10\/g_cam_pthc_0.022xx_d_1_5_1-845x684.jpg' class='lightbox ' data-onclick='3' title='g_cam_pthc_0.022xx_d_1_5_1'  itemprop=\"thumbnailUrl\"  ><img class=\"wp-image-3399 avia-img-lazy-loading-not-3399\" src=\"https:\/\/aas-gmbh.de\/wp-content\/uploads\/2020\/10\/g_cam_pthc_0.022xx_d_1_5_1-495x400.jpg\" width=\"495\" height=\"400\" title=\"g_cam_pthc_0.022xx_d_1_5_1\" alt=\"\" srcset=\"https:\/\/aas-gmbh.de\/wp-content\/uploads\/2020\/10\/g_cam_pthc_0.022xx_d_1_5_1-495x400.jpg 495w, https:\/\/aas-gmbh.de\/wp-content\/uploads\/2020\/10\/g_cam_pthc_0.022xx_d_1_5_1-845x684.jpg 845w\" sizes=\"(max-width: 495px) 100vw, 495px\"><\/a> <a href=\"https:\/\/aas-gmbh.de\/wp-content\/uploads\/2020\/10\/containercam-1030x855.png\" data-srcset=\"https:\/\/aas-gmbh.de\/wp-content\/uploads\/2020\/10\/containercam-1030x855.png 1030w, https:\/\/aas-gmbh.de\/wp-content\/uploads\/2020\/10\/containercam-300x249.png 300w, https:\/\/aas-gmbh.de\/wp-content\/uploads\/2020\/10\/containercam-768x638.png 768w, https:\/\/aas-gmbh.de\/wp-content\/uploads\/2020\/10\/containercam-705x585.png 705w, https:\/\/aas-gmbh.de\/wp-content\/uploads\/2020\/10\/containercam.png 1445w\" data-sizes=\"(max-width: 1030px) 100vw, 1030px\" data-rel='gallery-1' data-prev-img='https:\/\/aas-gmbh.de\/wp-content\/uploads\/2020\/10\/containercam-845x684.png' class='lightbox ' data-onclick='4' title='containercam'  itemprop=\"thumbnailUrl\"  ><img class=\"wp-image-3398 avia-img-lazy-loading-not-3398\" src=\"https:\/\/aas-gmbh.de\/wp-content\/uploads\/2020\/10\/containercam-495x400.png\" width=\"495\" height=\"400\" title=\"containercam\" alt=\"\" srcset=\"https:\/\/aas-gmbh.de\/wp-content\/uploads\/2020\/10\/containercam-495x400.png 495w, https:\/\/aas-gmbh.de\/wp-content\/uploads\/2020\/10\/containercam-845x684.png 845w\" sizes=\"(max-width: 495px) 100vw, 495px\"><\/a> <a href=\"https:\/\/aas-gmbh.de\/wp-content\/uploads\/2020\/10\/csm_Geutebrueck-G-Cam-EWPC-4250-1200x1000-transparenz_01_edd34af7da.png\" data-srcset=\"https:\/\/aas-gmbh.de\/wp-content\/uploads\/2020\/10\/csm_Geutebrueck-G-Cam-EWPC-4250-1200x1000-transparenz_01_edd34af7da.png 600w, https:\/\/aas-gmbh.de\/wp-content\/uploads\/2020\/10\/csm_Geutebrueck-G-Cam-EWPC-4250-1200x1000-transparenz_01_edd34af7da-300x250.png 300w\" data-sizes=\"(max-width: 600px) 100vw, 600px\" data-rel='gallery-1' data-prev-img='https:\/\/aas-gmbh.de\/wp-content\/uploads\/2020\/10\/csm_Geutebrueck-G-Cam-EWPC-4250-1200x1000-transparenz_01_edd34af7da.png' class='lightbox ' data-onclick='5' title='csm_Geutebrueck-G-Cam-EWPC-4250-1200x1000-transparenz_01_edd34af7da'  itemprop=\"thumbnailUrl\"  ><img class=\"wp-image-3394 avia-img-lazy-loading-not-3394\" src=\"https:\/\/aas-gmbh.de\/wp-content\/uploads\/2020\/10\/csm_Geutebrueck-G-Cam-EWPC-4250-1200x1000-transparenz_01_edd34af7da-495x400.png\" width=\"495\" height=\"400\" title=\"csm_Geutebrueck-G-Cam-EWPC-4250-1200x1000-transparenz_01_edd34af7da\" alt=\"\"><\/a> <a href=\"https:\/\/aas-gmbh.de\/wp-content\/uploads\/2020\/10\/anpr-lpr-4900_1-1027x1030.jpg\" data-srcset=\"https:\/\/aas-gmbh.de\/wp-content\/uploads\/2020\/10\/anpr-lpr-4900_1-1027x1030.jpg 1027w, https:\/\/aas-gmbh.de\/wp-content\/uploads\/2020\/10\/anpr-lpr-4900_1-300x300.jpg 300w, https:\/\/aas-gmbh.de\/wp-content\/uploads\/2020\/10\/anpr-lpr-4900_1-80x80.jpg 80w, https:\/\/aas-gmbh.de\/wp-content\/uploads\/2020\/10\/anpr-lpr-4900_1-768x771.jpg 768w, https:\/\/aas-gmbh.de\/wp-content\/uploads\/2020\/10\/anpr-lpr-4900_1-36x36.jpg 36w, https:\/\/aas-gmbh.de\/wp-content\/uploads\/2020\/10\/anpr-lpr-4900_1-180x180.jpg 180w, https:\/\/aas-gmbh.de\/wp-content\/uploads\/2020\/10\/anpr-lpr-4900_1-703x705.jpg 703w, https:\/\/aas-gmbh.de\/wp-content\/uploads\/2020\/10\/anpr-lpr-4900_1.jpg 1196w\" data-sizes=\"(max-width: 1027px) 100vw, 1027px\" data-rel='gallery-1' data-prev-img='https:\/\/aas-gmbh.de\/wp-content\/uploads\/2020\/10\/anpr-lpr-4900_1-845x684.jpg' class='first_thumb lightbox ' data-onclick='6' title='anpr-lpr-4900_1'  itemprop=\"thumbnailUrl\"  ><img class=\"wp-image-3397 avia-img-lazy-loading-not-3397\" src=\"https:\/\/aas-gmbh.de\/wp-content\/uploads\/2020\/10\/anpr-lpr-4900_1-495x400.jpg\" width=\"495\" height=\"400\" title=\"anpr-lpr-4900_1\" alt=\"\" srcset=\"https:\/\/aas-gmbh.de\/wp-content\/uploads\/2020\/10\/anpr-lpr-4900_1-495x400.jpg 495w, https:\/\/aas-gmbh.de\/wp-content\/uploads\/2020\/10\/anpr-lpr-4900_1-845x684.jpg 845w\" sizes=\"(max-width: 495px) 100vw, 495px\"><\/a> <a href=\"https:\/\/aas-gmbh.de\/wp-content\/uploads\/2020\/10\/csm_Geutebrueck-Recorder-2000_1200x1000-transparenz_48cdf63731.png\" data-srcset=\"https:\/\/aas-gmbh.de\/wp-content\/uploads\/2020\/10\/csm_Geutebrueck-Recorder-2000_1200x1000-transparenz_48cdf63731.png 600w, https:\/\/aas-gmbh.de\/wp-content\/uploads\/2020\/10\/csm_Geutebrueck-Recorder-2000_1200x1000-transparenz_48cdf63731-300x250.png 300w\" data-sizes=\"(max-width: 600px) 100vw, 600px\" data-rel='gallery-1' data-prev-img='https:\/\/aas-gmbh.de\/wp-content\/uploads\/2020\/10\/csm_Geutebrueck-Recorder-2000_1200x1000-transparenz_48cdf63731.png' class='lightbox ' data-onclick='7' title='csm_Geutebrueck-Recorder-2000_1200x1000-transparenz_48cdf63731'  itemprop=\"thumbnailUrl\"  ><img class=\"wp-image-3393 avia-img-lazy-loading-not-3393\" src=\"https:\/\/aas-gmbh.de\/wp-content\/uploads\/2020\/10\/csm_Geutebrueck-Recorder-2000_1200x1000-transparenz_48cdf63731-495x400.png\" width=\"495\" height=\"400\" title=\"csm_Geutebrueck-Recorder-2000_1200x1000-transparenz_48cdf63731\" alt=\"\"><\/a><\/div><\/div><\/div>\n\n<style type=\"text\/css\" id=\"style-css-av-1uawkq-278d06c293555109ff0376094286f2c1\">\n#top .flex_column.av-1uawkq-278d06c293555109ff0376094286f2c1{\nborder-radius:0px;\n-webkit-border-radius:0px;\n-moz-border-radius:0px;\npadding:0px;\n}\n<\/style>\n<div class='flex_column av-1uawkq-278d06c293555109ff0376094286f2c1 av_one_half  avia-builder-el-5  el_after_av_one_half  el_before_av_hr  flex_column_div av-zero-column-padding '   ><p>\n<style type=\"text\/css\" id=\"style-css-av-2q1iu2-dd2dd3d710f566c4bb8362d4d1b5a168\">\n#top .av-special-heading.av-2q1iu2-dd2dd3d710f566c4bb8362d4d1b5a168{\npadding-bottom:10px;\ncolor:#002d6c;\n}\n.av-special-heading.av-2q1iu2-dd2dd3d710f566c4bb8362d4d1b5a168 .special-heading-inner-border{\nborder-color:#002d6c;\n}\n<\/style>\n<div  class='av-special-heading av-2q1iu2-dd2dd3d710f566c4bb8362d4d1b5a168 av-special-heading-h3 custom-color-heading  avia-builder-el-6  el_before_av_textblock  avia-builder-el-first  '><h3 class='av-special-heading-tag '  itemprop=\"headline\"  >Video-\u00dcberwachung<\/h3><div class='special-heading-border'><div class='special-heading-inner-border'><\/div><\/div><\/div><br \/>\n<section class=\"av_textblock_section \"  itemscope=\"itemscope\" itemtype=\"https:\/\/schema.org\/CreativeWork\" ><div class='avia_textblock  '  style='font-size:16px; '  itemprop=\"text\" ><section class=\"av_textblock_section \">\n<div class=\"avia_textblock \">\n<p>AAS bietet von der Videosprechanlage und Video\u00fcberwachung im privaten Haushalt bis hin zur vollst\u00e4ndigen Gewerbe\/Industrie- mit Gel\u00e4ndevor-feld\u00fcberwachung ein optimales Leistungsspektrum an Video\u00fcberwachungssystemen.<\/p>\n<p>Durch Video\u00fcberwachung unterst\u00fctzen sie Kernaufgaben, die sonst nur mit erh\u00f6htem Personaleinsatz geleistet werden k\u00f6nnten. Mit Livebildmonitoring und Langzeitaufzeichnung leisten unsere Systeme einen wichtigen Beitrag zur Nachhaltigkeit von Ereignissen.<\/p>\n<p>Hochaufl\u00f6sende Aufzeichnungssysteme liefern Hinweise bei verschiedensten Ermittlungen; unsere \u00dcberwachungssysteme sind selbstverst\u00e4ndlich \u00fcber online \u00fcber Internet und Smartphone nutzbar.<\/p>\n<\/div>\n<\/section>\n<\/div><\/section><\/p><\/div>\n<div  class='hr av-eazljb-19741ec133b6adf66271a952f44b7fb7 hr-default  avia-builder-el-8  el_after_av_one_half  el_before_av_one_full  '><span class='hr-inner '><span class=\"hr-inner-style\"><\/span><\/span><\/div>\n\n<style type=\"text\/css\" id=\"style-css-av-kgujgq8y-caeb774e2caf3bf22b4b9919c211c4a0\">\n#top .flex_column.av-kgujgq8y-caeb774e2caf3bf22b4b9919c211c4a0{\nborder-radius:0px;\n-webkit-border-radius:0px;\n-moz-border-radius:0px;\npadding:0px;\n}\n<\/style>\n<div class='flex_column av-kgujgq8y-caeb774e2caf3bf22b4b9919c211c4a0 av_one_full  avia-builder-el-9  el_after_av_hr  el_before_av_codeblock  first flex_column_div av-zero-column-padding '   ><div  class='avia-buttonrow-wrap av-khd52nme-99b1a15be4f8f2b4e7f8c184659fb035 avia-buttonrow-center  avia-builder-el-10  avia-builder-el-no-sibling  '>\n\n<style type=\"text\/css\" id=\"style-css-av-c7zmgn-e15b56ae71599146d56deb01bf5b97f5\">\n#top #wrap_all .avia-button.av-c7zmgn-e15b56ae71599146d56deb01bf5b97f5{\nmargin-bottom:5px;\nmargin-right:3px;\nmargin-left:3px;\n}\n<\/style>\n<a href='https:\/\/aas-gmbh.de\/index.php\/einbruchmeldeanlagen\/'  class='avia-button av-c7zmgn-e15b56ae71599146d56deb01bf5b97f5 avia-icon_select-no avia-size-small avia-color-theme-color'  ><span class='avia_iconbox_title' >Einbruchmeldeanlagen<\/span><\/a>\n\n<style type=\"text\/css\" id=\"style-css-av-akm2av-f1cfc37d1b9d40f8cba3e6869392a635\">\n#top #wrap_all .avia-button.av-akm2av-f1cfc37d1b9d40f8cba3e6869392a635{\nmargin-bottom:5px;\nmargin-right:3px;\nmargin-left:3px;\n}\n<\/style>\n<a href='https:\/\/aas-gmbh.de\/index.php\/videoanlagen\/'  class='avia-button av-akm2av-f1cfc37d1b9d40f8cba3e6869392a635 avia-icon_select-no avia-size-small avia-color-theme-color'  ><span class='avia_iconbox_title' >Videoanlagen<\/span><\/a>\n\n<style type=\"text\/css\" id=\"style-css-av-98wdvr-7862eb795b95ea2c738706c50567e504\">\n#top #wrap_all .avia-button.av-98wdvr-7862eb795b95ea2c738706c50567e504{\nmargin-bottom:5px;\nmargin-right:3px;\nmargin-left:3px;\n}\n<\/style>\n<a href='https:\/\/aas-gmbh.de\/index.php\/brandmeldeanlagen\/'  class='avia-button av-98wdvr-7862eb795b95ea2c738706c50567e504 avia-icon_select-no avia-size-small avia-color-theme-color'  ><span class='avia_iconbox_title' >Brandmeldeanlagen<\/span><\/a>\n\n<style type=\"text\/css\" id=\"style-css-av-7q7pyv-2f985e9a369ae8f6ae341904e3e5a818\">\n#top #wrap_all .avia-button.av-7q7pyv-2f985e9a369ae8f6ae341904e3e5a818{\nmargin-bottom:5px;\nmargin-right:3px;\nmargin-left:3px;\n}\n<\/style>\n<a href='https:\/\/aas-gmbh.de\/index.php\/edv-it-security\/'  class='avia-button av-7q7pyv-2f985e9a369ae8f6ae341904e3e5a818 avia-icon_select-no avia-size-small avia-color-theme-color'  ><span class='avia_iconbox_title' >EDV\/IT-Security<\/span><\/a>\n\n<style type=\"text\/css\" id=\"style-css-av-5wcblj-c09b1b084201028e2b4d862e46615a68\">\n#top #wrap_all .avia-button.av-5wcblj-c09b1b084201028e2b4d862e46615a68{\nmargin-bottom:5px;\nmargin-right:3px;\nmargin-left:3px;\n}\n<\/style>\n<a href='https:\/\/aas-gmbh.de\/index.php\/schliessanlagen\/'  class='avia-button av-5wcblj-c09b1b084201028e2b4d862e46615a68 avia-icon_select-no avia-size-small avia-color-theme-color'  ><span class='avia_iconbox_title' >Schlie\u00dfanlagen<\/span><\/a>\n\n<style type=\"text\/css\" id=\"style-css-av-4tln9j-12f2e7a508c657a9b1b4419a6cd43807\">\n#top #wrap_all .avia-button.av-4tln9j-12f2e7a508c657a9b1b4419a6cd43807{\nmargin-bottom:5px;\nmargin-right:3px;\nmargin-left:3px;\n}\n<\/style>\n<a href='https:\/\/aas-gmbh.de\/index.php\/zutrittskontrollanlagen\/'  class='avia-button av-4tln9j-12f2e7a508c657a9b1b4419a6cd43807 avia-icon_select-no avia-size-small avia-color-theme-color'  ><span class='avia_iconbox_title' >Zutrittskontrolle<\/span><\/a>\n\n<style type=\"text\/css\" id=\"style-css-av-1w8zrr-87f9062c32eca236eba5c10dffd6275a\">\n#top #wrap_all .avia-button.av-1w8zrr-87f9062c32eca236eba5c10dffd6275a{\nmargin-bottom:5px;\nmargin-right:3px;\nmargin-left:3px;\n}\n<\/style>\n<a href='https:\/\/aas-gmbh.de\/index.php\/tresore\/'  class='avia-button av-1w8zrr-87f9062c32eca236eba5c10dffd6275a avia-icon_select-no avia-size-small avia-color-theme-color'  ><span class='avia_iconbox_title' >Tresore<\/span><\/a>\n\n<style type=\"text\/css\" id=\"style-css-av-3zmgwq-33adce20d561e3b24342daabe7d42232\">\n#top #wrap_all .avia-button.av-3zmgwq-33adce20d561e3b24342daabe7d42232{\nmargin-bottom:5px;\nmargin-right:3px;\nmargin-left:3px;\n}\n<\/style>\n<a href='https:\/\/aas-gmbh.de\/index.php\/zeiterfassung\/'  class='avia-button av-3zmgwq-33adce20d561e3b24342daabe7d42232 avia-icon_select-no avia-size-small avia-color-theme-color'  ><span class='avia_iconbox_title' >Zeiterfassung<\/span><\/a>\n\n<style type=\"text\/css\" id=\"style-css-av-2d47ai-e5bfd9c397af6e52584beb8d81284165\">\n#top #wrap_all .avia-button.av-2d47ai-e5bfd9c397af6e52584beb8d81284165{\nmargin-bottom:5px;\nmargin-right:3px;\nmargin-left:3px;\n}\n<\/style>\n<a href='https:\/\/aas-gmbh.de\/index.php\/custom-made\/'  class='avia-button av-2d47ai-e5bfd9c397af6e52584beb8d81284165 avia-icon_select-no avia-size-small avia-color-theme-color'  ><span class='avia_iconbox_title' >Custom made<\/span><\/a>\n<\/div><\/div>\n\n","protected":false},"excerpt":{"rendered":"","protected":false},"author":1,"featured_media":0,"parent":0,"menu_order":0,"comment_status":"closed","ping_status":"closed","template":"","meta":[],"_links":{"self":[{"href":"https:\/\/aas-gmbh.de\/index.php\/wp-json\/wp\/v2\/pages\/3434"}],"collection":[{"href":"https:\/\/aas-gmbh.de\/index.php\/wp-json\/wp\/v2\/pages"}],"about":[{"href":"https:\/\/aas-gmbh.de\/index.php\/wp-json\/wp\/v2\/types\/page"}],"author":[{"embeddable":true,"href":"https:\/\/aas-gmbh.de\/index.php\/wp-json\/wp\/v2\/users\/1"}],"replies":[{"embeddable":true,"href":"https:\/\/aas-gmbh.de\/index.php\/wp-json\/wp\/v2\/comments?post=3434"}],"version-history":[{"count":8,"href":"https:\/\/aas-gmbh.de\/index.php\/wp-json\/wp\/v2\/pages\/3434\/revisions"}],"predecessor-version":[{"id":3877,"href":"https:\/\/aas-gmbh.de\/index.php\/wp-json\/wp\/v2\/pages\/3434\/revisions\/3877"}],"wp:attachment":[{"href":"https:\/\/aas-gmbh.de\/index.php\/wp-json\/wp\/v2\/media?parent=3434"}],"curies":[{"name":"wp","href":"https:\/\/api.w.org\/{rel}","templated":true}]}}