{"id":3497,"date":"2020-10-08T16:00:17","date_gmt":"2020-10-08T14:00:17","guid":{"rendered":"https:\/\/aas.xandit.de\/?page_id=3497"},"modified":"2020-12-21T13:13:42","modified_gmt":"2020-12-21T12:13:42","slug":"tresore","status":"publish","type":"page","link":"https:\/\/aas-gmbh.de\/index.php\/tresore\/","title":{"rendered":"Tresore"},"content":{"rendered":"<div id='layer_slider_1'  class='avia-layerslider main_color avia-shadow  avia-builder-el-0  el_before_av_image  avia-builder-el-first  container_wrap fullsize'  style='height: 356px; max-width: 1110px; margin: 0 auto;'  ><\/div><div id='after_layer_slider_1'  class='main_color av_default_container_wrap container_wrap fullsize'  ><div class='container av-section-cont-open' ><div class='template-page content  av-content-full alpha units'><div class='post-entry post-entry-type-page post-entry-3497'><div class='entry-content-wrapper clearfix'>\n\n<style type=\"text\/css\" id=\"style-css-av-khcaweqy-f5b5d8742732943eea4c1a26791f2cd6\">\n.avia-image-container.av-khcaweqy-f5b5d8742732943eea4c1a26791f2cd6 .av-image-caption-overlay-center{\ncolor:#ffffff;\n}\n<\/style>\n<div  class='avia-image-container av-khcaweqy-f5b5d8742732943eea4c1a26791f2cd6 av-styling- avia-align-center  avia-builder-el-1  el_after_av_layerslider  el_before_av_hr  avia-builder-el-first  '  itemprop=\"image\" itemscope=\"itemscope\" itemtype=\"https:\/\/schema.org\/ImageObject\" ><div class=\"avia-image-container-inner\"><div class=\"avia-image-overlay-wrap\"><img class=\"wp-image-3734 avia-img-lazy-loading-not-3734 avia_image\" src=\"https:\/\/aas-gmbh.de\/wp-content\/uploads\/2020\/11\/tresor.png\" alt=\"\" title=\"tresor\" height=\"254\" width=\"1030\" itemprop=\"thumbnailUrl\" srcset=\"https:\/\/aas-gmbh.de\/wp-content\/uploads\/2020\/11\/tresor.png 1030w, https:\/\/aas-gmbh.de\/wp-content\/uploads\/2020\/11\/tresor-300x74.png 300w, https:\/\/aas-gmbh.de\/wp-content\/uploads\/2020\/11\/tresor-768x189.png 768w, https:\/\/aas-gmbh.de\/wp-content\/uploads\/2020\/11\/tresor-705x174.png 705w\" sizes=\"(max-width: 1030px) 100vw, 1030px\"><\/div><\/div><\/div>\n<div  class='hr av-6zgxh5-631a3e988db5bd118490a63dd34b5f50 hr-default  avia-builder-el-2  el_after_av_image  el_before_av_one_half  '><span class='hr-inner '><span class=\"hr-inner-style\"><\/span><\/span><\/div>\n\n<style type=\"text\/css\" id=\"style-css-av-64q3sp-e2db6f39c0147aa4f6b44bd79806d50a\">\n#top .flex_column.av-64q3sp-e2db6f39c0147aa4f6b44bd79806d50a{\nborder-radius:0px;\n-webkit-border-radius:0px;\n-moz-border-radius:0px;\npadding:0px;\n}\n<\/style>\n<div class='flex_column av-64q3sp-e2db6f39c0147aa4f6b44bd79806d50a av_one_half  avia-builder-el-3  el_after_av_hr  el_before_av_one_half  first flex_column_div av-zero-column-padding '   ><style type=\"text\/css\" id=\"style-css-av-4t253t-0cefcebb0482d04256cc2997db7b9d81\">\n#top .avia-gallery.av-4t253t-0cefcebb0482d04256cc2997db7b9d81 .avia-gallery-thumb a{\nwidth:20%;\n}\n<\/style>\n<div  class='avia-gallery av-4t253t-0cefcebb0482d04256cc2997db7b9d81 avia_animate_when_visible  avia-builder-el-4  avia-builder-el-no-sibling  avia_lazyload avia-gallery-animate  avia-gallery-1'  itemprop=\"image\" itemscope=\"itemscope\" itemtype=\"https:\/\/schema.org\/ImageObject\" ><a class='avia-gallery-big fakeLightbox lightbox avia-gallery-big-crop-thumb ' href=\"https:\/\/aas-gmbh.de\/wp-content\/uploads\/fire_star_plus_3_open.jpg\" data-srcset=\"https:\/\/aas-gmbh.de\/wp-content\/uploads\/fire_star_plus_3_open.jpg 600w, https:\/\/aas-gmbh.de\/wp-content\/uploads\/fire_star_plus_3_open-300x265.jpg 300w\" data-sizes=\"(max-width: 600px) 100vw, 600px\"  data-onclick='1' title='fire_star_plus_3_open' ><span class='avia-gallery-big-inner'  itemprop=\"thumbnailUrl\" ><img class=\"wp-image-3838 avia-img-lazy-loading-not-3838\" width=\"495\" height=\"400\" src=\"https:\/\/aas-gmbh.de\/wp-content\/uploads\/fire_star_plus_3_open-495x400.jpg\" title=\"fire_star_plus_3_open\" alt=\"\"><\/span><\/a><div class='avia-gallery-thumb'> <a href=\"https:\/\/aas-gmbh.de\/wp-content\/uploads\/fire_star_plus_3_open.jpg\" data-srcset=\"https:\/\/aas-gmbh.de\/wp-content\/uploads\/fire_star_plus_3_open.jpg 600w, https:\/\/aas-gmbh.de\/wp-content\/uploads\/fire_star_plus_3_open-300x265.jpg 300w\" data-sizes=\"(max-width: 600px) 100vw, 600px\" data-rel='gallery-1' data-prev-img='https:\/\/aas-gmbh.de\/wp-content\/uploads\/fire_star_plus_3_open-495x400.jpg' class='first_thumb lightbox ' data-onclick='1' title='fire_star_plus_3_open'  itemprop=\"thumbnailUrl\"  ><img class=\"wp-image-3838 avia-img-lazy-loading-not-3838\" src=\"https:\/\/aas-gmbh.de\/wp-content\/uploads\/fire_star_plus_3_open-495x400.jpg\" width=\"495\" height=\"400\" title=\"fire_star_plus_3_open\" alt=\"\"><\/a> <a href=\"https:\/\/aas-gmbh.de\/wp-content\/uploads\/fwbo4-1-180-open.jpg\" data-srcset=\"https:\/\/aas-gmbh.de\/wp-content\/uploads\/fwbo4-1-180-open.jpg 471w, https:\/\/aas-gmbh.de\/wp-content\/uploads\/fwbo4-1-180-open-236x300.jpg 236w\" data-sizes=\"(max-width: 471px) 100vw, 471px\" data-rel='gallery-1' data-prev-img='https:\/\/aas-gmbh.de\/wp-content\/uploads\/fwbo4-1-180-open-471x400.jpg' class='lightbox ' data-onclick='2' title='fwbo4-1-180-open'  itemprop=\"thumbnailUrl\"  ><img class=\"wp-image-3839 avia-img-lazy-loading-not-3839\" src=\"https:\/\/aas-gmbh.de\/wp-content\/uploads\/fwbo4-1-180-open-471x400.jpg\" width=\"471\" height=\"400\" title=\"fwbo4-1-180-open\" alt=\"\"><\/a> <a href=\"https:\/\/aas-gmbh.de\/wp-content\/uploads\/HTFIII_320-04_1.jpg\" data-srcset=\"https:\/\/aas-gmbh.de\/wp-content\/uploads\/HTFIII_320-04_1.jpg 1000w, https:\/\/aas-gmbh.de\/wp-content\/uploads\/HTFIII_320-04_1-300x300.jpg 300w, https:\/\/aas-gmbh.de\/wp-content\/uploads\/HTFIII_320-04_1-80x80.jpg 80w, https:\/\/aas-gmbh.de\/wp-content\/uploads\/HTFIII_320-04_1-768x768.jpg 768w, https:\/\/aas-gmbh.de\/wp-content\/uploads\/HTFIII_320-04_1-36x36.jpg 36w, https:\/\/aas-gmbh.de\/wp-content\/uploads\/HTFIII_320-04_1-180x180.jpg 180w, https:\/\/aas-gmbh.de\/wp-content\/uploads\/HTFIII_320-04_1-705x705.jpg 705w\" data-sizes=\"(max-width: 1000px) 100vw, 1000px\" data-rel='gallery-1' data-prev-img='https:\/\/aas-gmbh.de\/wp-content\/uploads\/HTFIII_320-04_1-495x400.jpg' class='lightbox ' data-onclick='3' title='HTFIII_320-04_1'  itemprop=\"thumbnailUrl\"  ><img class=\"wp-image-3840 avia-img-lazy-loading-not-3840\" src=\"https:\/\/aas-gmbh.de\/wp-content\/uploads\/HTFIII_320-04_1-495x400.jpg\" width=\"495\" height=\"400\" title=\"HTFIII_320-04_1\" alt=\"\" srcset=\"https:\/\/aas-gmbh.de\/wp-content\/uploads\/HTFIII_320-04_1-495x400.jpg 495w, https:\/\/aas-gmbh.de\/wp-content\/uploads\/HTFIII_320-04_1-845x684.jpg 845w\" sizes=\"(max-width: 495px) 100vw, 495px\"><\/a> <a href=\"https:\/\/aas-gmbh.de\/wp-content\/uploads\/HTIV415-23_1.jpg\" data-srcset=\"https:\/\/aas-gmbh.de\/wp-content\/uploads\/HTIV415-23_1.jpg 1000w, https:\/\/aas-gmbh.de\/wp-content\/uploads\/HTIV415-23_1-300x300.jpg 300w, https:\/\/aas-gmbh.de\/wp-content\/uploads\/HTIV415-23_1-80x80.jpg 80w, https:\/\/aas-gmbh.de\/wp-content\/uploads\/HTIV415-23_1-768x768.jpg 768w, https:\/\/aas-gmbh.de\/wp-content\/uploads\/HTIV415-23_1-36x36.jpg 36w, https:\/\/aas-gmbh.de\/wp-content\/uploads\/HTIV415-23_1-180x180.jpg 180w, https:\/\/aas-gmbh.de\/wp-content\/uploads\/HTIV415-23_1-705x705.jpg 705w\" data-sizes=\"(max-width: 1000px) 100vw, 1000px\" data-rel='gallery-1' data-prev-img='https:\/\/aas-gmbh.de\/wp-content\/uploads\/HTIV415-23_1-495x400.jpg' class='lightbox ' data-onclick='4' title='HTIV415-23_1'  itemprop=\"thumbnailUrl\"  ><img class=\"wp-image-3841 avia-img-lazy-loading-not-3841\" src=\"https:\/\/aas-gmbh.de\/wp-content\/uploads\/HTIV415-23_1-495x400.jpg\" width=\"495\" height=\"400\" title=\"HTIV415-23_1\" alt=\"\" srcset=\"https:\/\/aas-gmbh.de\/wp-content\/uploads\/HTIV415-23_1-495x400.jpg 495w, https:\/\/aas-gmbh.de\/wp-content\/uploads\/HTIV415-23_1-845x684.jpg 845w\" sizes=\"(max-width: 495px) 100vw, 495px\"><\/a> <a href=\"https:\/\/aas-gmbh.de\/wp-content\/uploads\/Sirius_half-open.jpg\" data-srcset=\"https:\/\/aas-gmbh.de\/wp-content\/uploads\/Sirius_half-open.jpg 468w, https:\/\/aas-gmbh.de\/wp-content\/uploads\/Sirius_half-open-234x300.jpg 234w\" data-sizes=\"(max-width: 468px) 100vw, 468px\" data-rel='gallery-1' data-prev-img='https:\/\/aas-gmbh.de\/wp-content\/uploads\/Sirius_half-open-468x400.jpg' class='lightbox ' data-onclick='5' title='Sirius_half-open'  itemprop=\"thumbnailUrl\"  ><img class=\"wp-image-3842 avia-img-lazy-loading-not-3842\" src=\"https:\/\/aas-gmbh.de\/wp-content\/uploads\/Sirius_half-open-468x400.jpg\" width=\"468\" height=\"400\" title=\"Sirius_half-open\" alt=\"\"><\/a> <a href=\"https:\/\/aas-gmbh.de\/wp-content\/uploads\/tresor-vds-klasse-3-rubin-01.jpg\" data-srcset=\"https:\/\/aas-gmbh.de\/wp-content\/uploads\/tresor-vds-klasse-3-rubin-01.jpg 575w, https:\/\/aas-gmbh.de\/wp-content\/uploads\/tresor-vds-klasse-3-rubin-01-288x300.jpg 288w\" data-sizes=\"(max-width: 575px) 100vw, 575px\" data-rel='gallery-1' data-prev-img='https:\/\/aas-gmbh.de\/wp-content\/uploads\/tresor-vds-klasse-3-rubin-01-495x400.jpg' class='first_thumb lightbox ' data-onclick='6' title='tresor-vds-klasse-3-rubin-01'  itemprop=\"thumbnailUrl\"  ><img class=\"wp-image-3843 avia-img-lazy-loading-not-3843\" src=\"https:\/\/aas-gmbh.de\/wp-content\/uploads\/tresor-vds-klasse-3-rubin-01-495x400.jpg\" width=\"495\" height=\"400\" title=\"tresor-vds-klasse-3-rubin-01\" alt=\"\"><\/a><\/div><\/div><\/div>\n\n<style type=\"text\/css\" id=\"style-css-av-25acqh-ad6a378c8cc17d0564da04eba43a6e40\">\n#top .flex_column.av-25acqh-ad6a378c8cc17d0564da04eba43a6e40{\nborder-radius:0px;\n-webkit-border-radius:0px;\n-moz-border-radius:0px;\npadding:0px;\n}\n<\/style>\n<div class='flex_column av-25acqh-ad6a378c8cc17d0564da04eba43a6e40 av_one_half  avia-builder-el-5  el_after_av_one_half  el_before_av_hr  flex_column_div av-zero-column-padding '   ><p>\n<style type=\"text\/css\" id=\"style-css-av-36n389-46c9dc8517ea534d068d0972de553eb4\">\n#top .av-special-heading.av-36n389-46c9dc8517ea534d068d0972de553eb4{\npadding-bottom:10px;\n}\n<\/style>\n<div  class='av-special-heading av-36n389-46c9dc8517ea534d068d0972de553eb4 av-special-heading-h3  avia-builder-el-6  el_before_av_textblock  avia-builder-el-first  '><h3 class='av-special-heading-tag '  itemprop=\"headline\"  >Tresore<\/h3><div class='special-heading-border'><div class='special-heading-inner-border'><\/div><\/div><\/div><br \/>\n<section class=\"av_textblock_section \"  itemscope=\"itemscope\" itemtype=\"https:\/\/schema.org\/CreativeWork\" ><div class='avia_textblock  '  style='font-size:16px; '  itemprop=\"text\" ><p>Sicherheit, Verl\u00e4sslichkeit und eine Prise Individualit\u00e4t \u2013 Tresore unserer Partner sind wahre Kraftpakete. Ganz gleich, ob M\u00f6beltresor, Wandtresor oder Bodentresor \u2013 alle von uns Angebotenen Safes werden von deutschen Fachleuten entwickelt und getestet. Wir beraten und unterst\u00fctzen Sie bei der Entscheidung zwischen den verschiedenen Sicherheitsstufen, w\u00e4hlen mit Ihnen das passende Schloss und eine sch\u00f6ne Farbe. Das Auge sichert schlie\u00dflich mit und Ihr neuer Safe soll sich optimal in Ihrem Zuhause eingliedern.<\/p>\n<\/div><\/section><\/p><\/div><div  class='hr av-eazljb-19741ec133b6adf66271a952f44b7fb7 hr-default  avia-builder-el-8  el_after_av_one_half  el_before_av_one_full  '><span class='hr-inner '><span class=\"hr-inner-style\"><\/span><\/span><\/div><\/p>\n\n<style type=\"text\/css\" id=\"style-css-av-kgujgq8y-caeb774e2caf3bf22b4b9919c211c4a0\">\n#top .flex_column.av-kgujgq8y-caeb774e2caf3bf22b4b9919c211c4a0{\nborder-radius:0px;\n-webkit-border-radius:0px;\n-moz-border-radius:0px;\npadding:0px;\n}\n<\/style>\n<div class='flex_column av-kgujgq8y-caeb774e2caf3bf22b4b9919c211c4a0 av_one_full  avia-builder-el-9  el_after_av_hr  el_before_av_codeblock  first flex_column_div av-zero-column-padding '   ><div  class='avia-buttonrow-wrap av-khd52nme-99b1a15be4f8f2b4e7f8c184659fb035 avia-buttonrow-center  avia-builder-el-10  avia-builder-el-no-sibling  '>\n\n<style type=\"text\/css\" id=\"style-css-av-c7zmgn-e15b56ae71599146d56deb01bf5b97f5\">\n#top #wrap_all .avia-button.av-c7zmgn-e15b56ae71599146d56deb01bf5b97f5{\nmargin-bottom:5px;\nmargin-right:3px;\nmargin-left:3px;\n}\n<\/style>\n<a href='https:\/\/aas-gmbh.de\/index.php\/einbruchmeldeanlagen\/'  class='avia-button av-c7zmgn-e15b56ae71599146d56deb01bf5b97f5 avia-icon_select-no avia-size-small avia-color-theme-color'  ><span class='avia_iconbox_title' >Einbruchmeldeanlagen<\/span><\/a>\n\n<style type=\"text\/css\" id=\"style-css-av-akm2av-f1cfc37d1b9d40f8cba3e6869392a635\">\n#top #wrap_all .avia-button.av-akm2av-f1cfc37d1b9d40f8cba3e6869392a635{\nmargin-bottom:5px;\nmargin-right:3px;\nmargin-left:3px;\n}\n<\/style>\n<a href='https:\/\/aas-gmbh.de\/index.php\/videoanlagen\/'  class='avia-button av-akm2av-f1cfc37d1b9d40f8cba3e6869392a635 avia-icon_select-no avia-size-small avia-color-theme-color'  ><span class='avia_iconbox_title' >Videoanlagen<\/span><\/a>\n\n<style type=\"text\/css\" id=\"style-css-av-98wdvr-7862eb795b95ea2c738706c50567e504\">\n#top #wrap_all .avia-button.av-98wdvr-7862eb795b95ea2c738706c50567e504{\nmargin-bottom:5px;\nmargin-right:3px;\nmargin-left:3px;\n}\n<\/style>\n<a href='https:\/\/aas-gmbh.de\/index.php\/brandmeldeanlagen\/'  class='avia-button av-98wdvr-7862eb795b95ea2c738706c50567e504 avia-icon_select-no avia-size-small avia-color-theme-color'  ><span class='avia_iconbox_title' >Brandmeldeanlagen<\/span><\/a>\n\n<style type=\"text\/css\" id=\"style-css-av-7q7pyv-2f985e9a369ae8f6ae341904e3e5a818\">\n#top #wrap_all .avia-button.av-7q7pyv-2f985e9a369ae8f6ae341904e3e5a818{\nmargin-bottom:5px;\nmargin-right:3px;\nmargin-left:3px;\n}\n<\/style>\n<a href='https:\/\/aas-gmbh.de\/index.php\/edv-it-security\/'  class='avia-button av-7q7pyv-2f985e9a369ae8f6ae341904e3e5a818 avia-icon_select-no avia-size-small avia-color-theme-color'  ><span class='avia_iconbox_title' >EDV\/IT-Security<\/span><\/a>\n\n<style type=\"text\/css\" id=\"style-css-av-5wcblj-c09b1b084201028e2b4d862e46615a68\">\n#top #wrap_all .avia-button.av-5wcblj-c09b1b084201028e2b4d862e46615a68{\nmargin-bottom:5px;\nmargin-right:3px;\nmargin-left:3px;\n}\n<\/style>\n<a href='https:\/\/aas-gmbh.de\/index.php\/schliessanlagen\/'  class='avia-button av-5wcblj-c09b1b084201028e2b4d862e46615a68 avia-icon_select-no avia-size-small avia-color-theme-color'  ><span class='avia_iconbox_title' >Schlie\u00dfanlagen<\/span><\/a>\n\n<style type=\"text\/css\" id=\"style-css-av-4tln9j-12f2e7a508c657a9b1b4419a6cd43807\">\n#top #wrap_all .avia-button.av-4tln9j-12f2e7a508c657a9b1b4419a6cd43807{\nmargin-bottom:5px;\nmargin-right:3px;\nmargin-left:3px;\n}\n<\/style>\n<a href='https:\/\/aas-gmbh.de\/index.php\/zutrittskontrollanlagen\/'  class='avia-button av-4tln9j-12f2e7a508c657a9b1b4419a6cd43807 avia-icon_select-no avia-size-small avia-color-theme-color'  ><span class='avia_iconbox_title' >Zutrittskontrolle<\/span><\/a>\n\n<style type=\"text\/css\" id=\"style-css-av-1w8zrr-87f9062c32eca236eba5c10dffd6275a\">\n#top #wrap_all .avia-button.av-1w8zrr-87f9062c32eca236eba5c10dffd6275a{\nmargin-bottom:5px;\nmargin-right:3px;\nmargin-left:3px;\n}\n<\/style>\n<a href='https:\/\/aas-gmbh.de\/index.php\/tresore\/'  class='avia-button av-1w8zrr-87f9062c32eca236eba5c10dffd6275a avia-icon_select-no avia-size-small avia-color-theme-color'  ><span class='avia_iconbox_title' >Tresore<\/span><\/a>\n\n<style type=\"text\/css\" id=\"style-css-av-fc78p-79e8fb7e8e841685a6ed3acfbb2def69\">\n#top #wrap_all .avia-button.av-fc78p-79e8fb7e8e841685a6ed3acfbb2def69{\nmargin-bottom:5px;\nmargin-right:3px;\nmargin-left:3px;\n}\n<\/style>\n<a href='https:\/\/aas-gmbh.de\/index.php\/zeiterfassung\/'  class='avia-button av-fc78p-79e8fb7e8e841685a6ed3acfbb2def69 avia-icon_select-no avia-size-small avia-color-theme-color'  ><span class='avia_iconbox_title' >Zeiterfassung<\/span><\/a>\n\n<style type=\"text\/css\" id=\"style-css-av-30fytl-e53981a9f25d04ea38995b133be7bcb4\">\n#top #wrap_all .avia-button.av-30fytl-e53981a9f25d04ea38995b133be7bcb4{\nmargin-bottom:5px;\nmargin-right:3px;\nmargin-left:3px;\n}\n<\/style>\n<a href='https:\/\/aas-gmbh.de\/index.php\/custom-made\/'  class='avia-button av-30fytl-e53981a9f25d04ea38995b133be7bcb4 avia-icon_select-no avia-size-small avia-color-theme-color'  ><span class='avia_iconbox_title' >Custom made<\/span><\/a>\n<\/div><\/div>\n\n","protected":false},"excerpt":{"rendered":"","protected":false},"author":1,"featured_media":0,"parent":0,"menu_order":0,"comment_status":"closed","ping_status":"closed","template":"","meta":[],"_links":{"self":[{"href":"https:\/\/aas-gmbh.de\/index.php\/wp-json\/wp\/v2\/pages\/3497"}],"collection":[{"href":"https:\/\/aas-gmbh.de\/index.php\/wp-json\/wp\/v2\/pages"}],"about":[{"href":"https:\/\/aas-gmbh.de\/index.php\/wp-json\/wp\/v2\/types\/page"}],"author":[{"embeddable":true,"href":"https:\/\/aas-gmbh.de\/index.php\/wp-json\/wp\/v2\/users\/1"}],"replies":[{"embeddable":true,"href":"https:\/\/aas-gmbh.de\/index.php\/wp-json\/wp\/v2\/comments?post=3497"}],"version-history":[{"count":9,"href":"https:\/\/aas-gmbh.de\/index.php\/wp-json\/wp\/v2\/pages\/3497\/revisions"}],"predecessor-version":[{"id":3973,"href":"https:\/\/aas-gmbh.de\/index.php\/wp-json\/wp\/v2\/pages\/3497\/revisions\/3973"}],"wp:attachment":[{"href":"https:\/\/aas-gmbh.de\/index.php\/wp-json\/wp\/v2\/media?parent=3497"}],"curies":[{"name":"wp","href":"https:\/\/api.w.org\/{rel}","templated":true}]}}