{"id":3499,"date":"2020-10-08T16:00:47","date_gmt":"2020-10-08T14:00:47","guid":{"rendered":"https:\/\/aas.xandit.de\/?page_id=3499"},"modified":"2021-07-28T16:23:58","modified_gmt":"2021-07-28T14:23:58","slug":"brandmeldeanlagen","status":"publish","type":"page","link":"https:\/\/aas-gmbh.de\/index.php\/brandmeldeanlagen\/","title":{"rendered":"Brandmeldeanlagen"},"content":{"rendered":"<div id='layer_slider_1'  class='avia-layerslider main_color avia-shadow  avia-builder-el-0  el_before_av_image  avia-builder-el-first  container_wrap fullsize'  style='height: 356px; max-width: 1110px; margin: 0 auto;'  ><\/div><div id='after_layer_slider_1'  class='main_color av_default_container_wrap container_wrap fullsize'  ><div class='container av-section-cont-open' ><div class='template-page content  av-content-full alpha units'><div class='post-entry post-entry-type-page post-entry-3499'><div class='entry-content-wrapper clearfix'>\n\n<style type=\"text\/css\" id=\"style-css-av-kg0z22vc-b97497cbdf8873aed6947db2ea9f5566\">\n.avia-image-container.av-kg0z22vc-b97497cbdf8873aed6947db2ea9f5566 .av-image-caption-overlay-center{\ncolor:#ffffff;\n}\n<\/style>\n<div  class='avia-image-container av-kg0z22vc-b97497cbdf8873aed6947db2ea9f5566 av-styling- avia-align-center  avia-builder-el-1  el_after_av_layerslider  el_before_av_hr  avia-builder-el-first  '  itemprop=\"image\" itemscope=\"itemscope\" itemtype=\"https:\/\/schema.org\/ImageObject\" ><div class=\"avia-image-container-inner\"><div class=\"avia-image-overlay-wrap\"><img class=\"wp-image-3536 avia-img-lazy-loading-not-3536 avia_image\" src=\"https:\/\/aas-gmbh.de\/wp-content\/uploads\/2020\/10\/bmabanner-2-1030x254.png\" alt=\"\" title=\"bmabanner\" height=\"254\" width=\"1030\" itemprop=\"thumbnailUrl\" srcset=\"https:\/\/aas-gmbh.de\/wp-content\/uploads\/2020\/10\/bmabanner-2-1030x254.png 1030w, https:\/\/aas-gmbh.de\/wp-content\/uploads\/2020\/10\/bmabanner-2-300x74.png 300w, https:\/\/aas-gmbh.de\/wp-content\/uploads\/2020\/10\/bmabanner-2-768x190.png 768w, https:\/\/aas-gmbh.de\/wp-content\/uploads\/2020\/10\/bmabanner-2-705x174.png 705w, https:\/\/aas-gmbh.de\/wp-content\/uploads\/2020\/10\/bmabanner-2.png 1138w\" sizes=\"(max-width: 1030px) 100vw, 1030px\"><\/div><\/div><\/div>\n<div  class='hr av-9gly63-d57ec403f3510cc934915f3803a9c9e9 hr-default  avia-builder-el-2  el_after_av_image  el_before_av_one_half  '><span class='hr-inner '><span class=\"hr-inner-style\"><\/span><\/span><\/div>\n<div class='flex_column_table av-pjzzf-e94723bef4b1625c977afa8e9351c764 sc-av_one_half av-equal-height-column-flextable'>\n<style type=\"text\/css\" id=\"style-css-av-pjzzf-e94723bef4b1625c977afa8e9351c764\">\n#top .flex_column.av-pjzzf-e94723bef4b1625c977afa8e9351c764{\nborder-radius:0px;\n-webkit-border-radius:0px;\n-moz-border-radius:0px;\npadding:0px;\n}\n<\/style>\n<div class='flex_column av-pjzzf-e94723bef4b1625c977afa8e9351c764 av_one_half  avia-builder-el-3  el_after_av_hr  el_before_av_one_half  first flex_column_table_cell av-equal-height-column av-align-top av-zero-column-padding '   ><style type=\"text\/css\" id=\"style-css-av-kg0z05ww-61debcc374303e8e79160713af79ba47\">\n#top .avia-gallery.av-kg0z05ww-61debcc374303e8e79160713af79ba47 .avia-gallery-thumb a{\nwidth:20%;\n}\n<\/style>\n<div  class='avia-gallery av-kg0z05ww-61debcc374303e8e79160713af79ba47 avia_animate_when_visible  avia-builder-el-4  avia-builder-el-no-sibling  avia_lazyload avia-gallery-animate  avia-gallery-1'  itemprop=\"image\" itemscope=\"itemscope\" itemtype=\"https:\/\/schema.org\/ImageObject\" ><a class='avia-gallery-big fakeLightbox lightbox avia-gallery-big-crop-thumb ' href=\"https:\/\/aas-gmbh.de\/wp-content\/uploads\/Daitem_Funk-Brandwarnanlage-BEKA-1030x687.jpg\" data-srcset=\"https:\/\/aas-gmbh.de\/wp-content\/uploads\/Daitem_Funk-Brandwarnanlage-BEKA-1030x687.jpg 1030w, https:\/\/aas-gmbh.de\/wp-content\/uploads\/Daitem_Funk-Brandwarnanlage-BEKA-300x200.jpg 300w, https:\/\/aas-gmbh.de\/wp-content\/uploads\/Daitem_Funk-Brandwarnanlage-BEKA-768x512.jpg 768w, https:\/\/aas-gmbh.de\/wp-content\/uploads\/Daitem_Funk-Brandwarnanlage-BEKA-705x470.jpg 705w, https:\/\/aas-gmbh.de\/wp-content\/uploads\/Daitem_Funk-Brandwarnanlage-BEKA.jpg 1500w\" data-sizes=\"(max-width: 1030px) 100vw, 1030px\"  data-onclick='1' title='Daitem_Funk Brandwarnanlage BEKA' ><span class='avia-gallery-big-inner'  itemprop=\"thumbnailUrl\" ><img class=\"wp-image-3981 avia-img-lazy-loading-not-3981\" width=\"845\" height=\"684\" src=\"https:\/\/aas-gmbh.de\/wp-content\/uploads\/Daitem_Funk-Brandwarnanlage-BEKA-845x684.jpg\" title=\"Daitem_Funk Brandwarnanlage BEKA\" alt=\"\" srcset=\"https:\/\/aas-gmbh.de\/wp-content\/uploads\/Daitem_Funk-Brandwarnanlage-BEKA-845x684.jpg 845w, https:\/\/aas-gmbh.de\/wp-content\/uploads\/Daitem_Funk-Brandwarnanlage-BEKA-495x400.jpg 495w\" sizes=\"(max-width: 845px) 100vw, 845px\"><\/span><\/a><div class='avia-gallery-thumb'> <a href=\"https:\/\/aas-gmbh.de\/wp-content\/uploads\/Daitem_Funk-Brandwarnanlage-BEKA-1030x687.jpg\" data-srcset=\"https:\/\/aas-gmbh.de\/wp-content\/uploads\/Daitem_Funk-Brandwarnanlage-BEKA-1030x687.jpg 1030w, https:\/\/aas-gmbh.de\/wp-content\/uploads\/Daitem_Funk-Brandwarnanlage-BEKA-300x200.jpg 300w, https:\/\/aas-gmbh.de\/wp-content\/uploads\/Daitem_Funk-Brandwarnanlage-BEKA-768x512.jpg 768w, https:\/\/aas-gmbh.de\/wp-content\/uploads\/Daitem_Funk-Brandwarnanlage-BEKA-705x470.jpg 705w, https:\/\/aas-gmbh.de\/wp-content\/uploads\/Daitem_Funk-Brandwarnanlage-BEKA.jpg 1500w\" data-sizes=\"(max-width: 1030px) 100vw, 1030px\" data-rel='gallery-1' data-prev-img='https:\/\/aas-gmbh.de\/wp-content\/uploads\/Daitem_Funk-Brandwarnanlage-BEKA-845x684.jpg' class='first_thumb lightbox ' data-onclick='1' title='Daitem_Funk Brandwarnanlage BEKA'  itemprop=\"thumbnailUrl\"  ><img class=\"wp-image-3981 avia-img-lazy-loading-not-3981\" src=\"https:\/\/aas-gmbh.de\/wp-content\/uploads\/Daitem_Funk-Brandwarnanlage-BEKA-495x400.jpg\" width=\"495\" height=\"400\" title=\"Daitem_Funk Brandwarnanlage BEKA\" alt=\"\" srcset=\"https:\/\/aas-gmbh.de\/wp-content\/uploads\/Daitem_Funk-Brandwarnanlage-BEKA-495x400.jpg 495w, https:\/\/aas-gmbh.de\/wp-content\/uploads\/Daitem_Funk-Brandwarnanlage-BEKA-845x684.jpg 845w\" sizes=\"(max-width: 495px) 100vw, 495px\"><\/a> <a href=\"https:\/\/aas-gmbh.de\/wp-content\/uploads\/2020\/10\/hifire-4000-BMT_Gruppe-1-1030x860.jpg\" data-srcset=\"https:\/\/aas-gmbh.de\/wp-content\/uploads\/2020\/10\/hifire-4000-BMT_Gruppe-1-1030x860.jpg 1030w, https:\/\/aas-gmbh.de\/wp-content\/uploads\/2020\/10\/hifire-4000-BMT_Gruppe-1-300x250.jpg 300w, https:\/\/aas-gmbh.de\/wp-content\/uploads\/2020\/10\/hifire-4000-BMT_Gruppe-1-768x641.jpg 768w, https:\/\/aas-gmbh.de\/wp-content\/uploads\/2020\/10\/hifire-4000-BMT_Gruppe-1-1536x1282.jpg 1536w, https:\/\/aas-gmbh.de\/wp-content\/uploads\/2020\/10\/hifire-4000-BMT_Gruppe-1-2048x1709.jpg 2048w, https:\/\/aas-gmbh.de\/wp-content\/uploads\/2020\/10\/hifire-4000-BMT_Gruppe-1-1500x1252.jpg 1500w, https:\/\/aas-gmbh.de\/wp-content\/uploads\/2020\/10\/hifire-4000-BMT_Gruppe-1-705x588.jpg 705w\" data-sizes=\"(max-width: 1030px) 100vw, 1030px\" data-rel='gallery-1' data-prev-img='https:\/\/aas-gmbh.de\/wp-content\/uploads\/2020\/10\/hifire-4000-BMT_Gruppe-1-845x684.jpg' class='lightbox ' data-onclick='2' title='hifire-4000-BMT_Gruppe'  itemprop=\"thumbnailUrl\"  ><img class=\"wp-image-3582 avia-img-lazy-loading-not-3582\" src=\"https:\/\/aas-gmbh.de\/wp-content\/uploads\/2020\/10\/hifire-4000-BMT_Gruppe-1-495x400.jpg\" width=\"495\" height=\"400\" title=\"hifire-4000-BMT_Gruppe\" alt=\"\" srcset=\"https:\/\/aas-gmbh.de\/wp-content\/uploads\/2020\/10\/hifire-4000-BMT_Gruppe-1-495x400.jpg 495w, https:\/\/aas-gmbh.de\/wp-content\/uploads\/2020\/10\/hifire-4000-BMT_Gruppe-1-845x684.jpg 845w\" sizes=\"(max-width: 495px) 100vw, 495px\"><\/a> <a href=\"https:\/\/aas-gmbh.de\/wp-content\/uploads\/ABI_21895000_01-960x1030.jpg\" data-srcset=\"https:\/\/aas-gmbh.de\/wp-content\/uploads\/ABI_21895000_01-960x1030.jpg 960w, https:\/\/aas-gmbh.de\/wp-content\/uploads\/ABI_21895000_01-280x300.jpg 280w, https:\/\/aas-gmbh.de\/wp-content\/uploads\/ABI_21895000_01-768x824.jpg 768w, https:\/\/aas-gmbh.de\/wp-content\/uploads\/ABI_21895000_01-1432x1536.jpg 1432w, https:\/\/aas-gmbh.de\/wp-content\/uploads\/ABI_21895000_01-1399x1500.jpg 1399w, https:\/\/aas-gmbh.de\/wp-content\/uploads\/ABI_21895000_01-657x705.jpg 657w, https:\/\/aas-gmbh.de\/wp-content\/uploads\/ABI_21895000_01.jpg 1670w\" data-sizes=\"(max-width: 960px) 100vw, 960px\" data-rel='gallery-1' data-prev-img='https:\/\/aas-gmbh.de\/wp-content\/uploads\/ABI_21895000_01-845x684.jpg' class='lightbox ' data-onclick='3' title='ABI_21895000_01'  itemprop=\"thumbnailUrl\"  ><img class=\"wp-image-3802 avia-img-lazy-loading-not-3802\" src=\"https:\/\/aas-gmbh.de\/wp-content\/uploads\/ABI_21895000_01-495x400.jpg\" width=\"495\" height=\"400\" title=\"ABI_21895000_01\" alt=\"\" srcset=\"https:\/\/aas-gmbh.de\/wp-content\/uploads\/ABI_21895000_01-495x400.jpg 495w, https:\/\/aas-gmbh.de\/wp-content\/uploads\/ABI_21895000_01-845x684.jpg 845w\" sizes=\"(max-width: 495px) 100vw, 495px\"><\/a> <a href=\"https:\/\/aas-gmbh.de\/wp-content\/uploads\/ABI_70511453_01-1030x758.jpg\" data-srcset=\"https:\/\/aas-gmbh.de\/wp-content\/uploads\/ABI_70511453_01-1030x758.jpg 1030w, https:\/\/aas-gmbh.de\/wp-content\/uploads\/ABI_70511453_01-300x221.jpg 300w, https:\/\/aas-gmbh.de\/wp-content\/uploads\/ABI_70511453_01-768x565.jpg 768w, https:\/\/aas-gmbh.de\/wp-content\/uploads\/ABI_70511453_01-705x519.jpg 705w, https:\/\/aas-gmbh.de\/wp-content\/uploads\/ABI_70511453_01.jpg 1473w\" data-sizes=\"(max-width: 1030px) 100vw, 1030px\" data-rel='gallery-1' data-prev-img='https:\/\/aas-gmbh.de\/wp-content\/uploads\/ABI_70511453_01-845x684.jpg' class='lightbox ' data-onclick='4' title='ABI_70511453_01'  itemprop=\"thumbnailUrl\"  ><img class=\"wp-image-3800 avia-img-lazy-loading-not-3800\" src=\"https:\/\/aas-gmbh.de\/wp-content\/uploads\/ABI_70511453_01-495x400.jpg\" width=\"495\" height=\"400\" title=\"ABI_70511453_01\" alt=\"\" srcset=\"https:\/\/aas-gmbh.de\/wp-content\/uploads\/ABI_70511453_01-495x400.jpg 495w, https:\/\/aas-gmbh.de\/wp-content\/uploads\/ABI_70511453_01-845x684.jpg 845w\" sizes=\"(max-width: 495px) 100vw, 495px\"><\/a> <a href=\"https:\/\/aas-gmbh.de\/wp-content\/uploads\/ABI_70511454_01.jpg\" data-srcset=\"https:\/\/aas-gmbh.de\/wp-content\/uploads\/ABI_70511454_01.jpg 841w, https:\/\/aas-gmbh.de\/wp-content\/uploads\/ABI_70511454_01-300x230.jpg 300w, https:\/\/aas-gmbh.de\/wp-content\/uploads\/ABI_70511454_01-768x590.jpg 768w, https:\/\/aas-gmbh.de\/wp-content\/uploads\/ABI_70511454_01-705x542.jpg 705w\" data-sizes=\"(max-width: 841px) 100vw, 841px\" data-rel='gallery-1' data-prev-img='https:\/\/aas-gmbh.de\/wp-content\/uploads\/ABI_70511454_01.jpg' class='lightbox ' data-onclick='5' title='32015 002'  itemprop=\"thumbnailUrl\"  ><img class=\"wp-image-3801 avia-img-lazy-loading-not-3801\" data-avia-tooltip=\"32015 002\" src=\"https:\/\/aas-gmbh.de\/wp-content\/uploads\/ABI_70511454_01-495x400.jpg\" width=\"495\" height=\"400\" title=\"32015 002\" alt=\"\"><\/a> <a href=\"https:\/\/aas-gmbh.de\/wp-content\/uploads\/ABI_31600201_01-924x1030.jpg\" data-srcset=\"https:\/\/aas-gmbh.de\/wp-content\/uploads\/ABI_31600201_01-924x1030.jpg 924w, https:\/\/aas-gmbh.de\/wp-content\/uploads\/ABI_31600201_01-269x300.jpg 269w, https:\/\/aas-gmbh.de\/wp-content\/uploads\/ABI_31600201_01-768x856.jpg 768w, https:\/\/aas-gmbh.de\/wp-content\/uploads\/ABI_31600201_01-1378x1536.jpg 1378w, https:\/\/aas-gmbh.de\/wp-content\/uploads\/ABI_31600201_01-1837x2048.jpg 1837w, https:\/\/aas-gmbh.de\/wp-content\/uploads\/ABI_31600201_01-1345x1500.jpg 1345w, https:\/\/aas-gmbh.de\/wp-content\/uploads\/ABI_31600201_01-632x705.jpg 632w\" data-sizes=\"(max-width: 924px) 100vw, 924px\" data-rel='gallery-1' data-prev-img='https:\/\/aas-gmbh.de\/wp-content\/uploads\/ABI_31600201_01-845x684.jpg' class='first_thumb lightbox ' data-onclick='6' title='ABI_31600201_01'  itemprop=\"thumbnailUrl\"  ><img class=\"wp-image-3797 avia-img-lazy-loading-not-3797\" src=\"https:\/\/aas-gmbh.de\/wp-content\/uploads\/ABI_31600201_01-495x400.jpg\" width=\"495\" height=\"400\" title=\"ABI_31600201_01\" alt=\"\" srcset=\"https:\/\/aas-gmbh.de\/wp-content\/uploads\/ABI_31600201_01-495x400.jpg 495w, https:\/\/aas-gmbh.de\/wp-content\/uploads\/ABI_31600201_01-845x684.jpg 845w\" sizes=\"(max-width: 495px) 100vw, 495px\"><\/a> <a href=\"https:\/\/aas-gmbh.de\/wp-content\/uploads\/ABI_70511450_01-1030x862.jpg\" data-srcset=\"https:\/\/aas-gmbh.de\/wp-content\/uploads\/ABI_70511450_01-1030x862.jpg 1030w, https:\/\/aas-gmbh.de\/wp-content\/uploads\/ABI_70511450_01-300x251.jpg 300w, https:\/\/aas-gmbh.de\/wp-content\/uploads\/ABI_70511450_01-768x643.jpg 768w, https:\/\/aas-gmbh.de\/wp-content\/uploads\/ABI_70511450_01-1536x1285.jpg 1536w, https:\/\/aas-gmbh.de\/wp-content\/uploads\/ABI_70511450_01-1500x1255.jpg 1500w, https:\/\/aas-gmbh.de\/wp-content\/uploads\/ABI_70511450_01-705x590.jpg 705w, https:\/\/aas-gmbh.de\/wp-content\/uploads\/ABI_70511450_01.jpg 2040w\" data-sizes=\"(max-width: 1030px) 100vw, 1030px\" data-rel='gallery-1' data-prev-img='https:\/\/aas-gmbh.de\/wp-content\/uploads\/ABI_70511450_01-845x684.jpg' class='lightbox ' data-onclick='7' title='ABI_70511450_01'  itemprop=\"thumbnailUrl\"  ><img class=\"wp-image-3798 avia-img-lazy-loading-not-3798\" src=\"https:\/\/aas-gmbh.de\/wp-content\/uploads\/ABI_70511450_01-495x400.jpg\" width=\"495\" height=\"400\" title=\"ABI_70511450_01\" alt=\"\" srcset=\"https:\/\/aas-gmbh.de\/wp-content\/uploads\/ABI_70511450_01-495x400.jpg 495w, https:\/\/aas-gmbh.de\/wp-content\/uploads\/ABI_70511450_01-845x684.jpg 845w\" sizes=\"(max-width: 495px) 100vw, 495px\"><\/a> <a href=\"https:\/\/aas-gmbh.de\/wp-content\/uploads\/ABI_70511451_01-1030x885.jpg\" data-srcset=\"https:\/\/aas-gmbh.de\/wp-content\/uploads\/ABI_70511451_01-1030x885.jpg 1030w, https:\/\/aas-gmbh.de\/wp-content\/uploads\/ABI_70511451_01-300x258.jpg 300w, https:\/\/aas-gmbh.de\/wp-content\/uploads\/ABI_70511451_01-768x660.jpg 768w, https:\/\/aas-gmbh.de\/wp-content\/uploads\/ABI_70511451_01-1536x1320.jpg 1536w, https:\/\/aas-gmbh.de\/wp-content\/uploads\/ABI_70511451_01-1500x1289.jpg 1500w, https:\/\/aas-gmbh.de\/wp-content\/uploads\/ABI_70511451_01-705x606.jpg 705w, https:\/\/aas-gmbh.de\/wp-content\/uploads\/ABI_70511451_01.jpg 1674w\" data-sizes=\"(max-width: 1030px) 100vw, 1030px\" data-rel='gallery-1' data-prev-img='https:\/\/aas-gmbh.de\/wp-content\/uploads\/ABI_70511451_01-845x684.jpg' class='lightbox ' data-onclick='8' title='ABI_70511451_01'  itemprop=\"thumbnailUrl\"  ><img class=\"wp-image-3799 avia-img-lazy-loading-not-3799\" src=\"https:\/\/aas-gmbh.de\/wp-content\/uploads\/ABI_70511451_01-495x400.jpg\" width=\"495\" height=\"400\" title=\"ABI_70511451_01\" alt=\"\" srcset=\"https:\/\/aas-gmbh.de\/wp-content\/uploads\/ABI_70511451_01-495x400.jpg 495w, https:\/\/aas-gmbh.de\/wp-content\/uploads\/ABI_70511451_01-845x684.jpg 845w\" sizes=\"(max-width: 495px) 100vw, 495px\"><\/a><\/div><\/div><\/div><div class='av-flex-placeholder'><\/div>\n<style type=\"text\/css\" id=\"style-css-av-lxwcb-b306a40433b306c9f86ab5e484377635\">\n#top .flex_column.av-lxwcb-b306a40433b306c9f86ab5e484377635{\nborder-radius:0px;\n-webkit-border-radius:0px;\n-moz-border-radius:0px;\npadding:0px;\n}\n<\/style>\n<div class='flex_column av-lxwcb-b306a40433b306c9f86ab5e484377635 av_one_half  avia-builder-el-5  el_after_av_one_half  el_before_av_hr  flex_column_table_cell av-equal-height-column av-align-top av-zero-column-padding '   ><p>\n<style type=\"text\/css\" id=\"style-css-av-krnkpyih-b8fb80b74ba794226bc95247b720d60f\">\n#top .av-special-heading.av-krnkpyih-b8fb80b74ba794226bc95247b720d60f{\npadding-bottom:10px;\ncolor:#002d6c;\n}\n.av-special-heading.av-krnkpyih-b8fb80b74ba794226bc95247b720d60f .special-heading-inner-border{\nborder-color:#002d6c;\n}\n<\/style>\n<div  class='av-special-heading av-krnkpyih-b8fb80b74ba794226bc95247b720d60f av-special-heading-h1 custom-color-heading  avia-builder-el-6  el_before_av_textblock  avia-builder-el-first  '><h1 class='av-special-heading-tag '  itemprop=\"headline\"  >Brandmeldeanlagen<\/h1><div class='special-heading-border'><div class='special-heading-inner-border'><\/div><\/div><\/div><br \/>\n<section class=\"av_textblock_section \"  itemscope=\"itemscope\" itemtype=\"https:\/\/schema.org\/CreativeWork\" ><div class='avia_textblock  '  style='font-size:16px; '  itemprop=\"text\" ><p>Eine gute Brandmeldeanlage leistet mehr als die reine Brandfr\u00fcherkennung.<\/p>\n<p>Im Brandfall bietet Sie die M\u00f6glichkeit Feuerwehr und Einsatzkr\u00e4ften im Vorfeld Kenntnisse \u00fcber den Einsatzort zu geben um somit zum Schutz von Mensch und Sachwerten zur Schadensbegrenzung einen weiteren wichtigen Beitrag zu leisten.<\/p>\n<p>Die Installation aller AAS Brandmeldeanlagen erfolgt unter der Einhaltung und Beachtung einschl\u00e4gigen Richtlinien und beh\u00f6rdlichen Auflagen \u00a0sowie aktuellen DIN-Richtlinien und relevanten Versicherungsrichtlinien. Von der Planung bis zur Instandhaltung ist die Qualit\u00e4t durch unsere Zertifizierung nach DIN EN 14675 sicher gestellt.<\/p>\n<\/div><\/section><\/p><\/div><\/div><!--close column table wrapper. Autoclose: 1 --><div  class='hr av-eazljb-19741ec133b6adf66271a952f44b7fb7 hr-default  avia-builder-el-8  el_after_av_one_half  el_before_av_one_full  '><span class='hr-inner '><span class=\"hr-inner-style\"><\/span><\/span><\/div><\/p>\n\n<style type=\"text\/css\" id=\"style-css-av-kgujgq8y-caeb774e2caf3bf22b4b9919c211c4a0\">\n#top .flex_column.av-kgujgq8y-caeb774e2caf3bf22b4b9919c211c4a0{\nborder-radius:0px;\n-webkit-border-radius:0px;\n-moz-border-radius:0px;\npadding:0px;\n}\n<\/style>\n<div class='flex_column av-kgujgq8y-caeb774e2caf3bf22b4b9919c211c4a0 av_one_full  avia-builder-el-9  el_after_av_hr  el_before_av_codeblock  first flex_column_div av-zero-column-padding '   ><div  class='avia-buttonrow-wrap av-khd52nme-99b1a15be4f8f2b4e7f8c184659fb035 avia-buttonrow-center  avia-builder-el-10  avia-builder-el-no-sibling  '>\n\n<style type=\"text\/css\" id=\"style-css-av-c7zmgn-e15b56ae71599146d56deb01bf5b97f5\">\n#top #wrap_all .avia-button.av-c7zmgn-e15b56ae71599146d56deb01bf5b97f5{\nmargin-bottom:5px;\nmargin-right:3px;\nmargin-left:3px;\n}\n<\/style>\n<a href='https:\/\/aas-gmbh.de\/index.php\/einbruchmeldeanlagen\/'  class='avia-button av-c7zmgn-e15b56ae71599146d56deb01bf5b97f5 avia-icon_select-no avia-size-small avia-color-theme-color'  ><span class='avia_iconbox_title' >Einbruchmeldeanlagen<\/span><\/a>\n\n<style type=\"text\/css\" id=\"style-css-av-akm2av-f1cfc37d1b9d40f8cba3e6869392a635\">\n#top #wrap_all .avia-button.av-akm2av-f1cfc37d1b9d40f8cba3e6869392a635{\nmargin-bottom:5px;\nmargin-right:3px;\nmargin-left:3px;\n}\n<\/style>\n<a href='https:\/\/aas-gmbh.de\/index.php\/videoanlagen\/'  class='avia-button av-akm2av-f1cfc37d1b9d40f8cba3e6869392a635 avia-icon_select-no avia-size-small avia-color-theme-color'  ><span class='avia_iconbox_title' >Videoanlagen<\/span><\/a>\n\n<style type=\"text\/css\" id=\"style-css-av-98wdvr-7862eb795b95ea2c738706c50567e504\">\n#top #wrap_all .avia-button.av-98wdvr-7862eb795b95ea2c738706c50567e504{\nmargin-bottom:5px;\nmargin-right:3px;\nmargin-left:3px;\n}\n<\/style>\n<a href='https:\/\/aas-gmbh.de\/index.php\/brandmeldeanlagen\/'  class='avia-button av-98wdvr-7862eb795b95ea2c738706c50567e504 avia-icon_select-no avia-size-small avia-color-theme-color'  ><span class='avia_iconbox_title' >Brandmeldeanlagen<\/span><\/a>\n\n<style type=\"text\/css\" id=\"style-css-av-7q7pyv-2f985e9a369ae8f6ae341904e3e5a818\">\n#top #wrap_all .avia-button.av-7q7pyv-2f985e9a369ae8f6ae341904e3e5a818{\nmargin-bottom:5px;\nmargin-right:3px;\nmargin-left:3px;\n}\n<\/style>\n<a href='https:\/\/aas-gmbh.de\/index.php\/edv-it-security\/'  class='avia-button av-7q7pyv-2f985e9a369ae8f6ae341904e3e5a818 avia-icon_select-no avia-size-small avia-color-theme-color'  ><span class='avia_iconbox_title' >EDV\/IT-Security<\/span><\/a>\n\n<style type=\"text\/css\" id=\"style-css-av-5wcblj-c09b1b084201028e2b4d862e46615a68\">\n#top #wrap_all .avia-button.av-5wcblj-c09b1b084201028e2b4d862e46615a68{\nmargin-bottom:5px;\nmargin-right:3px;\nmargin-left:3px;\n}\n<\/style>\n<a href='https:\/\/aas-gmbh.de\/index.php\/schliessanlagen\/'  class='avia-button av-5wcblj-c09b1b084201028e2b4d862e46615a68 avia-icon_select-no avia-size-small avia-color-theme-color'  ><span class='avia_iconbox_title' >Schlie\u00dfanlagen<\/span><\/a>\n\n<style type=\"text\/css\" id=\"style-css-av-4tln9j-12f2e7a508c657a9b1b4419a6cd43807\">\n#top #wrap_all .avia-button.av-4tln9j-12f2e7a508c657a9b1b4419a6cd43807{\nmargin-bottom:5px;\nmargin-right:3px;\nmargin-left:3px;\n}\n<\/style>\n<a href='https:\/\/aas-gmbh.de\/index.php\/zutrittskontrollanlagen\/'  class='avia-button av-4tln9j-12f2e7a508c657a9b1b4419a6cd43807 avia-icon_select-no avia-size-small avia-color-theme-color'  ><span class='avia_iconbox_title' >Zutrittskontrolle<\/span><\/a>\n\n<style type=\"text\/css\" id=\"style-css-av-1w8zrr-87f9062c32eca236eba5c10dffd6275a\">\n#top #wrap_all .avia-button.av-1w8zrr-87f9062c32eca236eba5c10dffd6275a{\nmargin-bottom:5px;\nmargin-right:3px;\nmargin-left:3px;\n}\n<\/style>\n<a href='https:\/\/aas-gmbh.de\/index.php\/tresore\/'  class='avia-button av-1w8zrr-87f9062c32eca236eba5c10dffd6275a avia-icon_select-no avia-size-small avia-color-theme-color'  ><span class='avia_iconbox_title' >Tresore<\/span><\/a>\n\n<style type=\"text\/css\" id=\"style-css-av-4apciz-b3594e1c05fdab306097d4f9247623e8\">\n#top #wrap_all .avia-button.av-4apciz-b3594e1c05fdab306097d4f9247623e8{\nmargin-bottom:5px;\nmargin-right:3px;\nmargin-left:3px;\n}\n<\/style>\n<a href='https:\/\/aas-gmbh.de\/index.php\/zeiterfassung\/'  class='avia-button av-4apciz-b3594e1c05fdab306097d4f9247623e8 avia-icon_select-no avia-size-small avia-color-theme-color'  ><span class='avia_iconbox_title' >Zeiterfassung<\/span><\/a>\n\n<style type=\"text\/css\" id=\"style-css-av-1w42az-e46bd781c89db49ece074f6fad973c06\">\n#top #wrap_all .avia-button.av-1w42az-e46bd781c89db49ece074f6fad973c06{\nmargin-bottom:5px;\nmargin-right:3px;\nmargin-left:3px;\n}\n<\/style>\n<a href='https:\/\/aas-gmbh.de\/index.php\/custom-made\/'  class='avia-button av-1w42az-e46bd781c89db49ece074f6fad973c06 avia-icon_select-no avia-size-small avia-color-theme-color'  ><span class='avia_iconbox_title' >Custom made<\/span><\/a>\n<\/div><\/div>\n\n","protected":false},"excerpt":{"rendered":"","protected":false},"author":1,"featured_media":0,"parent":0,"menu_order":0,"comment_status":"closed","ping_status":"closed","template":"","meta":[],"_links":{"self":[{"href":"https:\/\/aas-gmbh.de\/index.php\/wp-json\/wp\/v2\/pages\/3499"}],"collection":[{"href":"https:\/\/aas-gmbh.de\/index.php\/wp-json\/wp\/v2\/pages"}],"about":[{"href":"https:\/\/aas-gmbh.de\/index.php\/wp-json\/wp\/v2\/types\/page"}],"author":[{"embeddable":true,"href":"https:\/\/aas-gmbh.de\/index.php\/wp-json\/wp\/v2\/users\/1"}],"replies":[{"embeddable":true,"href":"https:\/\/aas-gmbh.de\/index.php\/wp-json\/wp\/v2\/comments?post=3499"}],"version-history":[{"count":17,"href":"https:\/\/aas-gmbh.de\/index.php\/wp-json\/wp\/v2\/pages\/3499\/revisions"}],"predecessor-version":[{"id":4048,"href":"https:\/\/aas-gmbh.de\/index.php\/wp-json\/wp\/v2\/pages\/3499\/revisions\/4048"}],"wp:attachment":[{"href":"https:\/\/aas-gmbh.de\/index.php\/wp-json\/wp\/v2\/media?parent=3499"}],"curies":[{"name":"wp","href":"https:\/\/api.w.org\/{rel}","templated":true}]}}