{"id":3501,"date":"2020-10-08T16:01:32","date_gmt":"2020-10-08T14:01:32","guid":{"rendered":"https:\/\/aas.xandit.de\/?page_id=3501"},"modified":"2020-12-21T13:15:36","modified_gmt":"2020-12-21T12:15:36","slug":"zutrittskontrollanlagen","status":"publish","type":"page","link":"https:\/\/aas-gmbh.de\/index.php\/zutrittskontrollanlagen\/","title":{"rendered":"Zutrittskontrollanlagen"},"content":{"rendered":"<div id='layer_slider_1'  class='avia-layerslider main_color avia-shadow  avia-builder-el-0  el_before_av_image  avia-builder-el-first  container_wrap fullsize'  style='height: 356px; max-width: 1110px; margin: 0 auto;'  ><\/div><div id='after_layer_slider_1'  class='main_color av_default_container_wrap container_wrap fullsize'  ><div class='container av-section-cont-open' ><div class='template-page content  av-content-full alpha units'><div class='post-entry post-entry-type-page post-entry-3501'><div class='entry-content-wrapper clearfix'>\n\n<style type=\"text\/css\" id=\"style-css-av-kg0zqnr4-90d452b540b6019bea4a8c73d0f0d176\">\n.avia-image-container.av-kg0zqnr4-90d452b540b6019bea4a8c73d0f0d176 .av-image-caption-overlay-center{\ncolor:#ffffff;\n}\n<\/style>\n<div  class='avia-image-container av-kg0zqnr4-90d452b540b6019bea4a8c73d0f0d176 av-styling- avia-align-center  avia-builder-el-1  el_after_av_layerslider  el_before_av_hr  avia-builder-el-first  '  itemprop=\"image\" itemscope=\"itemscope\" itemtype=\"https:\/\/schema.org\/ImageObject\" ><div class=\"avia-image-container-inner\"><div class=\"avia-image-overlay-wrap\"><img class=\"wp-image-3551 avia-img-lazy-loading-not-3551 avia_image\" src=\"https:\/\/aas-gmbh.de\/wp-content\/uploads\/2020\/10\/zkbanner-1-1030x254.png\" alt=\"\" title=\"zkbanner\" height=\"254\" width=\"1030\" itemprop=\"thumbnailUrl\" srcset=\"https:\/\/aas-gmbh.de\/wp-content\/uploads\/2020\/10\/zkbanner-1-1030x254.png 1030w, https:\/\/aas-gmbh.de\/wp-content\/uploads\/2020\/10\/zkbanner-1-300x74.png 300w, https:\/\/aas-gmbh.de\/wp-content\/uploads\/2020\/10\/zkbanner-1-768x190.png 768w, https:\/\/aas-gmbh.de\/wp-content\/uploads\/2020\/10\/zkbanner-1-705x174.png 705w, https:\/\/aas-gmbh.de\/wp-content\/uploads\/2020\/10\/zkbanner-1.png 1138w\" sizes=\"(max-width: 1030px) 100vw, 1030px\"><\/div><\/div><\/div>\n<div  class='hr av-77a4xp-2d425bf9a86f07b915a144dc617bca34 hr-default  avia-builder-el-2  el_after_av_image  el_before_av_one_half  '><span class='hr-inner '><span class=\"hr-inner-style\"><\/span><\/span><\/div>\n\n<style type=\"text\/css\" id=\"style-css-av-5d65x9-0f62e7cda6928ee5d0d7c0354c61872f\">\n#top .flex_column.av-5d65x9-0f62e7cda6928ee5d0d7c0354c61872f{\nborder-radius:0px;\n-webkit-border-radius:0px;\n-moz-border-radius:0px;\npadding:0px;\n}\n<\/style>\n<div class='flex_column av-5d65x9-0f62e7cda6928ee5d0d7c0354c61872f av_one_half  avia-builder-el-3  el_after_av_hr  el_before_av_one_half  first flex_column_div av-zero-column-padding '   ><style type=\"text\/css\" id=\"style-css-av-4xvje5-74ce5926f2b8545999a5b44e9f84352c\">\n#top .avia-gallery.av-4xvje5-74ce5926f2b8545999a5b44e9f84352c .avia-gallery-thumb a{\nwidth:20%;\n}\n<\/style>\n<div  class='avia-gallery av-4xvje5-74ce5926f2b8545999a5b44e9f84352c avia_animate_when_visible  avia-builder-el-4  avia-builder-el-no-sibling  avia_lazyload avia-gallery-animate  avia-gallery-1'  itemprop=\"image\" itemscope=\"itemscope\" itemtype=\"https:\/\/schema.org\/ImageObject\" ><a class='avia-gallery-big fakeLightbox lightbox avia-gallery-big-crop-thumb ' href=\"https:\/\/aas-gmbh.de\/wp-content\/uploads\/Digitaler_Schliesszylinder_hilock2200-1030x786.jpg\" data-srcset=\"https:\/\/aas-gmbh.de\/wp-content\/uploads\/Digitaler_Schliesszylinder_hilock2200-1030x786.jpg 1030w, https:\/\/aas-gmbh.de\/wp-content\/uploads\/Digitaler_Schliesszylinder_hilock2200-300x229.jpg 300w, https:\/\/aas-gmbh.de\/wp-content\/uploads\/Digitaler_Schliesszylinder_hilock2200-768x586.jpg 768w, https:\/\/aas-gmbh.de\/wp-content\/uploads\/Digitaler_Schliesszylinder_hilock2200-1536x1172.jpg 1536w, https:\/\/aas-gmbh.de\/wp-content\/uploads\/Digitaler_Schliesszylinder_hilock2200-2048x1563.jpg 2048w, https:\/\/aas-gmbh.de\/wp-content\/uploads\/Digitaler_Schliesszylinder_hilock2200-1500x1145.jpg 1500w, https:\/\/aas-gmbh.de\/wp-content\/uploads\/Digitaler_Schliesszylinder_hilock2200-705x538.jpg 705w\" data-sizes=\"(max-width: 1030px) 100vw, 1030px\"  data-onclick='1' title='Digitaler_Schliesszylinder_hilock2200' ><span class='avia-gallery-big-inner'  itemprop=\"thumbnailUrl\" ><img class=\"wp-image-3829 avia-img-lazy-loading-not-3829\" width=\"845\" height=\"684\" src=\"https:\/\/aas-gmbh.de\/wp-content\/uploads\/Digitaler_Schliesszylinder_hilock2200-845x684.jpg\" title=\"Digitaler_Schliesszylinder_hilock2200\" alt=\"\" srcset=\"https:\/\/aas-gmbh.de\/wp-content\/uploads\/Digitaler_Schliesszylinder_hilock2200-845x684.jpg 845w, https:\/\/aas-gmbh.de\/wp-content\/uploads\/Digitaler_Schliesszylinder_hilock2200-495x400.jpg 495w\" sizes=\"(max-width: 845px) 100vw, 845px\"><\/span><\/a><div class='avia-gallery-thumb'> <a href=\"https:\/\/aas-gmbh.de\/wp-content\/uploads\/Digitaler_Schliesszylinder_hilock2200-1030x786.jpg\" data-srcset=\"https:\/\/aas-gmbh.de\/wp-content\/uploads\/Digitaler_Schliesszylinder_hilock2200-1030x786.jpg 1030w, https:\/\/aas-gmbh.de\/wp-content\/uploads\/Digitaler_Schliesszylinder_hilock2200-300x229.jpg 300w, https:\/\/aas-gmbh.de\/wp-content\/uploads\/Digitaler_Schliesszylinder_hilock2200-768x586.jpg 768w, https:\/\/aas-gmbh.de\/wp-content\/uploads\/Digitaler_Schliesszylinder_hilock2200-1536x1172.jpg 1536w, https:\/\/aas-gmbh.de\/wp-content\/uploads\/Digitaler_Schliesszylinder_hilock2200-2048x1563.jpg 2048w, https:\/\/aas-gmbh.de\/wp-content\/uploads\/Digitaler_Schliesszylinder_hilock2200-1500x1145.jpg 1500w, https:\/\/aas-gmbh.de\/wp-content\/uploads\/Digitaler_Schliesszylinder_hilock2200-705x538.jpg 705w\" data-sizes=\"(max-width: 1030px) 100vw, 1030px\" data-rel='gallery-1' data-prev-img='https:\/\/aas-gmbh.de\/wp-content\/uploads\/Digitaler_Schliesszylinder_hilock2200-845x684.jpg' class='first_thumb lightbox ' data-onclick='1' title='Digitaler_Schliesszylinder_hilock2200'  itemprop=\"thumbnailUrl\"  ><img class=\"wp-image-3829 avia-img-lazy-loading-not-3829\" src=\"https:\/\/aas-gmbh.de\/wp-content\/uploads\/Digitaler_Schliesszylinder_hilock2200-495x400.jpg\" width=\"495\" height=\"400\" title=\"Digitaler_Schliesszylinder_hilock2200\" alt=\"\" srcset=\"https:\/\/aas-gmbh.de\/wp-content\/uploads\/Digitaler_Schliesszylinder_hilock2200-495x400.jpg 495w, https:\/\/aas-gmbh.de\/wp-content\/uploads\/Digitaler_Schliesszylinder_hilock2200-845x684.jpg 845w\" sizes=\"(max-width: 495px) 100vw, 495px\"><\/a> <a href=\"https:\/\/aas-gmbh.de\/wp-content\/uploads\/MX-5_glas.png\" data-srcset=\"https:\/\/aas-gmbh.de\/wp-content\/uploads\/MX-5_glas.png 600w, https:\/\/aas-gmbh.de\/wp-content\/uploads\/MX-5_glas-300x300.png 300w, https:\/\/aas-gmbh.de\/wp-content\/uploads\/MX-5_glas-80x80.png 80w, https:\/\/aas-gmbh.de\/wp-content\/uploads\/MX-5_glas-36x36.png 36w, https:\/\/aas-gmbh.de\/wp-content\/uploads\/MX-5_glas-180x180.png 180w\" data-sizes=\"(max-width: 600px) 100vw, 600px\" data-rel='gallery-1' data-prev-img='https:\/\/aas-gmbh.de\/wp-content\/uploads\/MX-5_glas.png' class='lightbox ' data-onclick='2' title='MX-5_glas'  itemprop=\"thumbnailUrl\"  ><img class=\"wp-image-3830 avia-img-lazy-loading-not-3830\" src=\"https:\/\/aas-gmbh.de\/wp-content\/uploads\/MX-5_glas-495x400.png\" width=\"495\" height=\"400\" title=\"MX-5_glas\" alt=\"\"><\/a> <a href=\"https:\/\/aas-gmbh.de\/wp-content\/uploads\/Verso-1030x834.png\" data-srcset=\"https:\/\/aas-gmbh.de\/wp-content\/uploads\/Verso-1030x834.png 1030w, https:\/\/aas-gmbh.de\/wp-content\/uploads\/Verso-300x243.png 300w, https:\/\/aas-gmbh.de\/wp-content\/uploads\/Verso-768x622.png 768w, https:\/\/aas-gmbh.de\/wp-content\/uploads\/Verso-1536x1243.png 1536w, https:\/\/aas-gmbh.de\/wp-content\/uploads\/Verso-2048x1658.png 2048w, https:\/\/aas-gmbh.de\/wp-content\/uploads\/Verso-1500x1214.png 1500w, https:\/\/aas-gmbh.de\/wp-content\/uploads\/Verso-495x400.png 495w, https:\/\/aas-gmbh.de\/wp-content\/uploads\/Verso-845x684.png 845w, https:\/\/aas-gmbh.de\/wp-content\/uploads\/Verso-705x571.png 705w\" data-sizes=\"(max-width: 1030px) 100vw, 1030px\" data-rel='gallery-1' data-prev-img='https:\/\/aas-gmbh.de\/wp-content\/uploads\/Verso-845x684.png' class='lightbox ' data-onclick='3' title='Verso'  itemprop=\"thumbnailUrl\"  ><img class=\"wp-image-3831 avia-img-lazy-loading-not-3831\" src=\"https:\/\/aas-gmbh.de\/wp-content\/uploads\/Verso-495x400.png\" width=\"495\" height=\"400\" title=\"Verso\" alt=\"\" srcset=\"https:\/\/aas-gmbh.de\/wp-content\/uploads\/Verso-495x400.png 495w, https:\/\/aas-gmbh.de\/wp-content\/uploads\/Verso-300x243.png 300w, https:\/\/aas-gmbh.de\/wp-content\/uploads\/Verso-1030x834.png 1030w, https:\/\/aas-gmbh.de\/wp-content\/uploads\/Verso-768x622.png 768w, https:\/\/aas-gmbh.de\/wp-content\/uploads\/Verso-1536x1243.png 1536w, https:\/\/aas-gmbh.de\/wp-content\/uploads\/Verso-2048x1658.png 2048w, https:\/\/aas-gmbh.de\/wp-content\/uploads\/Verso-1500x1214.png 1500w, https:\/\/aas-gmbh.de\/wp-content\/uploads\/Verso-845x684.png 845w, https:\/\/aas-gmbh.de\/wp-content\/uploads\/Verso-705x571.png 705w\" sizes=\"(max-width: 495px) 100vw, 495px\"><\/a> <a href=\"https:\/\/aas-gmbh.de\/wp-content\/uploads\/ABI_41442210_01.jpg\" data-srcset=\"https:\/\/aas-gmbh.de\/wp-content\/uploads\/ABI_41442210_01.jpg 866w, https:\/\/aas-gmbh.de\/wp-content\/uploads\/ABI_41442210_01-293x300.jpg 293w, https:\/\/aas-gmbh.de\/wp-content\/uploads\/ABI_41442210_01-768x787.jpg 768w, https:\/\/aas-gmbh.de\/wp-content\/uploads\/ABI_41442210_01-36x36.jpg 36w, https:\/\/aas-gmbh.de\/wp-content\/uploads\/ABI_41442210_01-688x705.jpg 688w\" data-sizes=\"(max-width: 866px) 100vw, 866px\" data-rel='gallery-1' data-prev-img='https:\/\/aas-gmbh.de\/wp-content\/uploads\/ABI_41442210_01-845x684.jpg' class='lightbox ' data-onclick='4' title='ABI_41442210_01'  itemprop=\"thumbnailUrl\"  ><img class=\"wp-image-3832 avia-img-lazy-loading-not-3832\" src=\"https:\/\/aas-gmbh.de\/wp-content\/uploads\/ABI_41442210_01-495x400.jpg\" width=\"495\" height=\"400\" title=\"ABI_41442210_01\" alt=\"\" srcset=\"https:\/\/aas-gmbh.de\/wp-content\/uploads\/ABI_41442210_01-495x400.jpg 495w, https:\/\/aas-gmbh.de\/wp-content\/uploads\/ABI_41442210_01-845x684.jpg 845w\" sizes=\"(max-width: 495px) 100vw, 495px\"><\/a> <a href=\"https:\/\/aas-gmbh.de\/wp-content\/uploads\/ABI_41442230_01-721x1030.jpg\" data-srcset=\"https:\/\/aas-gmbh.de\/wp-content\/uploads\/ABI_41442230_01-721x1030.jpg 721w, https:\/\/aas-gmbh.de\/wp-content\/uploads\/ABI_41442230_01-210x300.jpg 210w, https:\/\/aas-gmbh.de\/wp-content\/uploads\/ABI_41442230_01-768x1098.jpg 768w, https:\/\/aas-gmbh.de\/wp-content\/uploads\/ABI_41442230_01-493x705.jpg 493w, https:\/\/aas-gmbh.de\/wp-content\/uploads\/ABI_41442230_01.jpg 1002w\" data-sizes=\"(max-width: 721px) 100vw, 721px\" data-rel='gallery-1' data-prev-img='https:\/\/aas-gmbh.de\/wp-content\/uploads\/ABI_41442230_01-845x684.jpg' class='lightbox ' data-onclick='5' title='ABI_41442230_01'  itemprop=\"thumbnailUrl\"  ><img class=\"wp-image-3833 avia-img-lazy-loading-not-3833\" src=\"https:\/\/aas-gmbh.de\/wp-content\/uploads\/ABI_41442230_01-495x400.jpg\" width=\"495\" height=\"400\" title=\"ABI_41442230_01\" alt=\"\" srcset=\"https:\/\/aas-gmbh.de\/wp-content\/uploads\/ABI_41442230_01-495x400.jpg 495w, https:\/\/aas-gmbh.de\/wp-content\/uploads\/ABI_41442230_01-845x684.jpg 845w\" sizes=\"(max-width: 495px) 100vw, 495px\"><\/a> <a href=\"https:\/\/aas-gmbh.de\/wp-content\/uploads\/ABI_41630265_01-770x1030.jpg\" data-srcset=\"https:\/\/aas-gmbh.de\/wp-content\/uploads\/ABI_41630265_01-770x1030.jpg 770w, https:\/\/aas-gmbh.de\/wp-content\/uploads\/ABI_41630265_01-224x300.jpg 224w, https:\/\/aas-gmbh.de\/wp-content\/uploads\/ABI_41630265_01-768x1027.jpg 768w, https:\/\/aas-gmbh.de\/wp-content\/uploads\/ABI_41630265_01-1148x1536.jpg 1148w, https:\/\/aas-gmbh.de\/wp-content\/uploads\/ABI_41630265_01-1121x1500.jpg 1121w, https:\/\/aas-gmbh.de\/wp-content\/uploads\/ABI_41630265_01-527x705.jpg 527w, https:\/\/aas-gmbh.de\/wp-content\/uploads\/ABI_41630265_01.jpg 1181w\" data-sizes=\"(max-width: 770px) 100vw, 770px\" data-rel='gallery-1' data-prev-img='https:\/\/aas-gmbh.de\/wp-content\/uploads\/ABI_41630265_01-845x684.jpg' class='first_thumb lightbox ' data-onclick='6' title='ABI_41630265_01'  itemprop=\"thumbnailUrl\"  ><img class=\"wp-image-3834 avia-img-lazy-loading-not-3834\" src=\"https:\/\/aas-gmbh.de\/wp-content\/uploads\/ABI_41630265_01-495x400.jpg\" width=\"495\" height=\"400\" title=\"ABI_41630265_01\" alt=\"\" srcset=\"https:\/\/aas-gmbh.de\/wp-content\/uploads\/ABI_41630265_01-495x400.jpg 495w, https:\/\/aas-gmbh.de\/wp-content\/uploads\/ABI_41630265_01-845x684.jpg 845w\" sizes=\"(max-width: 495px) 100vw, 495px\"><\/a><\/div><\/div><\/div>\n\n<style type=\"text\/css\" id=\"style-css-av-2bqoxp-61ac0dd8b2103e30d976f32009009544\">\n#top .flex_column.av-2bqoxp-61ac0dd8b2103e30d976f32009009544{\nborder-radius:0px;\n-webkit-border-radius:0px;\n-moz-border-radius:0px;\npadding:0px;\n}\n<\/style>\n<div class='flex_column av-2bqoxp-61ac0dd8b2103e30d976f32009009544 av_one_half  avia-builder-el-5  el_after_av_one_half  el_before_av_hr  flex_column_div av-zero-column-padding '   ><p>\n<style type=\"text\/css\" id=\"style-css-av-kg0zpbgx-8d850292fd9b29b2d23b9c86b8cd7768\">\n#top .av-special-heading.av-kg0zpbgx-8d850292fd9b29b2d23b9c86b8cd7768{\npadding-bottom:10px;\ncolor:#002d6c;\n}\n.av-special-heading.av-kg0zpbgx-8d850292fd9b29b2d23b9c86b8cd7768 .special-heading-inner-border{\nborder-color:#002d6c;\n}\n<\/style>\n<div  class='av-special-heading av-kg0zpbgx-8d850292fd9b29b2d23b9c86b8cd7768 av-special-heading-h3 custom-color-heading  avia-builder-el-6  el_before_av_textblock  avia-builder-el-first  '><h3 class='av-special-heading-tag '  itemprop=\"headline\"  >Zutrittskontrolle<\/h3><div class='special-heading-border'><div class='special-heading-inner-border'><\/div><\/div><\/div><br \/>\n<section class=\"av_textblock_section \"  itemscope=\"itemscope\" itemtype=\"https:\/\/schema.org\/CreativeWork\" ><div class='avia_textblock  '  style='font-size:16px; '  itemprop=\"text\" ><p>Der unkontrollierte Zutritt in ein Geb\u00e4ude stellt vor allem in der Wirtschaft ein zunehmendes Risiko dar.<\/p>\n<p>Mit dem AAS-Zutrittskontrollsystemen beugen Sie nicht nur steigender Kriminalit\u00e4t vor, sondern bauen gleichzeitig auch einen h\u00f6heren Qualit\u00e4tsstandard in Ihrem Unternehmen auf. Zutrittskontrollanlagen k\u00f6nnen durch die beliebige Festlegung der Zutrittsberechtigungen eine wesentliche Voraussetzung f\u00fcr umfassende Sicherungskonzepte schaffen.<\/p>\n<p>AAS hat \u00fcber die Jahre ein Zutrittskontrollsystem geschaffen, das eine Sicherung von einfachen Anlagen, bis hin zu komplexen Anwendungen f\u00fcr Hochsicherheitsbereiche zul\u00e4sst.<\/p>\n<p>Aufgrund der klaren Linie im Systemaufbau und der zukunftsorientierten Software-Entwicklung lassen sich L\u00f6sungen unter allen g\u00e4ngigen PC-Betriebssystemen auch als vernetzte Systeme zur Erf\u00fcllung der Mehrplatzf\u00e4higkeit umsetzen.<\/p>\n<p>Auch die Anbindung von Filialen ist optional m\u00f6glich.<\/p>\n<p>\u00dcber die Integration von Standardschnittstellen ist die Adaption aller Lesersysteme wie z.B. Mifare\u00ae, LEGIC\u00ae und Wiegand sowie Offline-Zylinder- und Beschlagsysteme etc. m\u00f6glich.<\/p>\n<p>Durch dieses Leistungsmerkmal k\u00f6nnen wahlweise ber\u00fchrungslose Abstandsleser oder Einsteck\/Einbehalt- und Durchzugsleser in das System integriert werden.<\/p>\n<p>Vervollst\u00e4ndigt wird unser Produkt mit der eigenen Fertigung der Codekarten.<\/p>\n<p>Es besteht die M\u00f6glichkeit, diese z.B. mit Logo, Foto, Findertext oder Layout etc. individuell nach Ihren W\u00fcnschen zu bedrucken. Auch multifuktionale Transponder werden von AAS gefertigt.<\/p>\n<p>Optional ist das System zum <u>Arbeitszeiterfassungssystem<\/u> und Betriebsdaten-erfassungssystem erweiterbar.<\/p>\n<\/div><\/section><\/p><\/div>\n<div  class='hr av-eazljb-19741ec133b6adf66271a952f44b7fb7 hr-default  avia-builder-el-8  el_after_av_one_half  el_before_av_one_full  '><span class='hr-inner '><span class=\"hr-inner-style\"><\/span><\/span><\/div>\n\n<style type=\"text\/css\" id=\"style-css-av-kgujgq8y-caeb774e2caf3bf22b4b9919c211c4a0\">\n#top .flex_column.av-kgujgq8y-caeb774e2caf3bf22b4b9919c211c4a0{\nborder-radius:0px;\n-webkit-border-radius:0px;\n-moz-border-radius:0px;\npadding:0px;\n}\n<\/style>\n<div class='flex_column av-kgujgq8y-caeb774e2caf3bf22b4b9919c211c4a0 av_one_full  avia-builder-el-9  el_after_av_hr  el_before_av_codeblock  first flex_column_div av-zero-column-padding '   ><div  class='avia-buttonrow-wrap av-khd52nme-99b1a15be4f8f2b4e7f8c184659fb035 avia-buttonrow-center  avia-builder-el-10  avia-builder-el-no-sibling  '>\n\n<style type=\"text\/css\" id=\"style-css-av-c7zmgn-e15b56ae71599146d56deb01bf5b97f5\">\n#top #wrap_all .avia-button.av-c7zmgn-e15b56ae71599146d56deb01bf5b97f5{\nmargin-bottom:5px;\nmargin-right:3px;\nmargin-left:3px;\n}\n<\/style>\n<a href='https:\/\/aas-gmbh.de\/index.php\/einbruchmeldeanlagen\/'  class='avia-button av-c7zmgn-e15b56ae71599146d56deb01bf5b97f5 avia-icon_select-no avia-size-small avia-color-theme-color'  ><span class='avia_iconbox_title' >Einbruchmeldeanlagen<\/span><\/a>\n\n<style type=\"text\/css\" id=\"style-css-av-akm2av-f1cfc37d1b9d40f8cba3e6869392a635\">\n#top #wrap_all .avia-button.av-akm2av-f1cfc37d1b9d40f8cba3e6869392a635{\nmargin-bottom:5px;\nmargin-right:3px;\nmargin-left:3px;\n}\n<\/style>\n<a href='https:\/\/aas-gmbh.de\/index.php\/videoanlagen\/'  class='avia-button av-akm2av-f1cfc37d1b9d40f8cba3e6869392a635 avia-icon_select-no avia-size-small avia-color-theme-color'  ><span class='avia_iconbox_title' >Videoanlagen<\/span><\/a>\n\n<style type=\"text\/css\" id=\"style-css-av-98wdvr-7862eb795b95ea2c738706c50567e504\">\n#top #wrap_all .avia-button.av-98wdvr-7862eb795b95ea2c738706c50567e504{\nmargin-bottom:5px;\nmargin-right:3px;\nmargin-left:3px;\n}\n<\/style>\n<a href='https:\/\/aas-gmbh.de\/index.php\/brandmeldeanlagen\/'  class='avia-button av-98wdvr-7862eb795b95ea2c738706c50567e504 avia-icon_select-no avia-size-small avia-color-theme-color'  ><span class='avia_iconbox_title' >Brandmeldeanlagen<\/span><\/a>\n\n<style type=\"text\/css\" id=\"style-css-av-7q7pyv-2f985e9a369ae8f6ae341904e3e5a818\">\n#top #wrap_all .avia-button.av-7q7pyv-2f985e9a369ae8f6ae341904e3e5a818{\nmargin-bottom:5px;\nmargin-right:3px;\nmargin-left:3px;\n}\n<\/style>\n<a href='https:\/\/aas-gmbh.de\/index.php\/edv-it-security\/'  class='avia-button av-7q7pyv-2f985e9a369ae8f6ae341904e3e5a818 avia-icon_select-no avia-size-small avia-color-theme-color'  ><span class='avia_iconbox_title' >EDV\/IT-Security<\/span><\/a>\n\n<style type=\"text\/css\" id=\"style-css-av-5wcblj-c09b1b084201028e2b4d862e46615a68\">\n#top #wrap_all .avia-button.av-5wcblj-c09b1b084201028e2b4d862e46615a68{\nmargin-bottom:5px;\nmargin-right:3px;\nmargin-left:3px;\n}\n<\/style>\n<a href='https:\/\/aas-gmbh.de\/index.php\/schliessanlagen\/'  class='avia-button av-5wcblj-c09b1b084201028e2b4d862e46615a68 avia-icon_select-no avia-size-small avia-color-theme-color'  ><span class='avia_iconbox_title' >Schlie\u00dfanlagen<\/span><\/a>\n\n<style type=\"text\/css\" id=\"style-css-av-4tln9j-12f2e7a508c657a9b1b4419a6cd43807\">\n#top #wrap_all .avia-button.av-4tln9j-12f2e7a508c657a9b1b4419a6cd43807{\nmargin-bottom:5px;\nmargin-right:3px;\nmargin-left:3px;\n}\n<\/style>\n<a href='https:\/\/aas-gmbh.de\/index.php\/zutrittskontrollanlagen\/'  class='avia-button av-4tln9j-12f2e7a508c657a9b1b4419a6cd43807 avia-icon_select-no avia-size-small avia-color-theme-color'  ><span class='avia_iconbox_title' >Zutrittskontrolle<\/span><\/a>\n\n<style type=\"text\/css\" id=\"style-css-av-1w8zrr-87f9062c32eca236eba5c10dffd6275a\">\n#top #wrap_all .avia-button.av-1w8zrr-87f9062c32eca236eba5c10dffd6275a{\nmargin-bottom:5px;\nmargin-right:3px;\nmargin-left:3px;\n}\n<\/style>\n<a href='https:\/\/aas-gmbh.de\/index.php\/tresore\/'  class='avia-button av-1w8zrr-87f9062c32eca236eba5c10dffd6275a avia-icon_select-no avia-size-small avia-color-theme-color'  ><span class='avia_iconbox_title' >Tresore<\/span><\/a>\n\n<style type=\"text\/css\" id=\"style-css-av-4q9tzx-f9bf116ecf76a3a7c4e38c7b20533e38\">\n#top #wrap_all .avia-button.av-4q9tzx-f9bf116ecf76a3a7c4e38c7b20533e38{\nmargin-bottom:5px;\nmargin-right:3px;\nmargin-left:3px;\n}\n<\/style>\n<a href='https:\/\/aas-gmbh.de\/index.php\/zeiterfassung\/'  class='avia-button av-4q9tzx-f9bf116ecf76a3a7c4e38c7b20533e38 avia-icon_select-no avia-size-small avia-color-theme-color'  ><span class='avia_iconbox_title' >Zeiterfassung<\/span><\/a>\n\n<style type=\"text\/css\" id=\"style-css-av-2u623x-7b6befa61849441f5c3558528fc546b0\">\n#top #wrap_all .avia-button.av-2u623x-7b6befa61849441f5c3558528fc546b0{\nmargin-bottom:5px;\nmargin-right:3px;\nmargin-left:3px;\n}\n<\/style>\n<a href='https:\/\/aas-gmbh.de\/index.php\/custom-made\/'  class='avia-button av-2u623x-7b6befa61849441f5c3558528fc546b0 avia-icon_select-no avia-size-small avia-color-theme-color'  ><span class='avia_iconbox_title' >Custom made<\/span><\/a>\n<\/div><\/div>\n\n","protected":false},"excerpt":{"rendered":"","protected":false},"author":1,"featured_media":0,"parent":0,"menu_order":0,"comment_status":"closed","ping_status":"closed","template":"","meta":[],"_links":{"self":[{"href":"https:\/\/aas-gmbh.de\/index.php\/wp-json\/wp\/v2\/pages\/3501"}],"collection":[{"href":"https:\/\/aas-gmbh.de\/index.php\/wp-json\/wp\/v2\/pages"}],"about":[{"href":"https:\/\/aas-gmbh.de\/index.php\/wp-json\/wp\/v2\/types\/page"}],"author":[{"embeddable":true,"href":"https:\/\/aas-gmbh.de\/index.php\/wp-json\/wp\/v2\/users\/1"}],"replies":[{"embeddable":true,"href":"https:\/\/aas-gmbh.de\/index.php\/wp-json\/wp\/v2\/comments?post=3501"}],"version-history":[{"count":8,"href":"https:\/\/aas-gmbh.de\/index.php\/wp-json\/wp\/v2\/pages\/3501\/revisions"}],"predecessor-version":[{"id":3879,"href":"https:\/\/aas-gmbh.de\/index.php\/wp-json\/wp\/v2\/pages\/3501\/revisions\/3879"}],"wp:attachment":[{"href":"https:\/\/aas-gmbh.de\/index.php\/wp-json\/wp\/v2\/media?parent=3501"}],"curies":[{"name":"wp","href":"https:\/\/api.w.org\/{rel}","templated":true}]}}