{"id":3505,"date":"2020-10-08T16:02:38","date_gmt":"2020-10-08T14:02:38","guid":{"rendered":"https:\/\/aas.xandit.de\/?page_id=3505"},"modified":"2021-07-28T16:26:41","modified_gmt":"2021-07-28T14:26:41","slug":"custom-made","status":"publish","type":"page","link":"https:\/\/aas-gmbh.de\/index.php\/custom-made\/","title":{"rendered":"Custom made"},"content":{"rendered":"<div id='layer_slider_1'  class='avia-layerslider main_color avia-shadow  avia-builder-el-0  el_before_av_image  avia-builder-el-first  container_wrap fullsize'  style='height: 356px; max-width: 1110px; margin: 0 auto;'  ><\/div><div id='after_layer_slider_1'  class='main_color av_default_container_wrap container_wrap fullsize'  ><div class='container av-section-cont-open' ><div class='template-page content  av-content-full alpha units'><div class='post-entry post-entry-type-page post-entry-3505'><div class='entry-content-wrapper clearfix'>\n\n<style type=\"text\/css\" id=\"style-css-av-785n75-15f40fb59c53560cd30b054e91affe60\">\n.avia-image-container.av-785n75-15f40fb59c53560cd30b054e91affe60 .av-image-caption-overlay-center{\ncolor:#ffffff;\n}\n<\/style>\n<div  class='avia-image-container av-785n75-15f40fb59c53560cd30b054e91affe60 av-styling- avia-align-center  avia-builder-el-1  el_after_av_layerslider  el_before_av_hr  avia-builder-el-first  '  itemprop=\"image\" itemscope=\"itemscope\" itemtype=\"https:\/\/schema.org\/ImageObject\" ><div class=\"avia-image-container-inner\"><div class=\"avia-image-overlay-wrap\"><img class=\"wp-image-3731 avia-img-lazy-loading-not-3731 avia_image\" src=\"https:\/\/aas-gmbh.de\/wp-content\/uploads\/2020\/11\/custom.png\" alt=\"\" title=\"custom\" height=\"254\" width=\"1030\" itemprop=\"thumbnailUrl\" srcset=\"https:\/\/aas-gmbh.de\/wp-content\/uploads\/2020\/11\/custom.png 1030w, https:\/\/aas-gmbh.de\/wp-content\/uploads\/2020\/11\/custom-300x74.png 300w, https:\/\/aas-gmbh.de\/wp-content\/uploads\/2020\/11\/custom-768x189.png 768w, https:\/\/aas-gmbh.de\/wp-content\/uploads\/2020\/11\/custom-705x174.png 705w\" sizes=\"(max-width: 1030px) 100vw, 1030px\"><\/div><\/div><\/div>\n<div  class='hr av-npzg1-f9de6afd946fbf2fad72c08181ed6e28 hr-default  avia-builder-el-2  el_after_av_image  el_before_av_one_half  '><span class='hr-inner '><span class=\"hr-inner-style\"><\/span><\/span><\/div>\n<div class='flex_column_table av-4l6sht-94714b4de499f6aec499c52afc9b7234 sc-av_one_half av-equal-height-column-flextable'>\n<style type=\"text\/css\" id=\"style-css-av-4l6sht-94714b4de499f6aec499c52afc9b7234\">\n#top .flex_column.av-4l6sht-94714b4de499f6aec499c52afc9b7234{\nborder-radius:0px;\n-webkit-border-radius:0px;\n-moz-border-radius:0px;\npadding:0px;\n}\n<\/style>\n<div class='flex_column av-4l6sht-94714b4de499f6aec499c52afc9b7234 av_one_half  avia-builder-el-3  el_after_av_hr  el_before_av_one_half  first flex_column_table_cell av-equal-height-column av-align-top av-zero-column-padding '   ><style type=\"text\/css\" id=\"style-css-av-kg18m6ik-211d6ed59c226e28290d81f8218d0304\">\n#top .avia-gallery.av-kg18m6ik-211d6ed59c226e28290d81f8218d0304 .avia-gallery-thumb a{\nwidth:20%;\n}\n<\/style>\n<div  class='avia-gallery av-kg18m6ik-211d6ed59c226e28290d81f8218d0304 avia_animate_when_visible  avia-builder-el-4  avia-builder-el-no-sibling  av-hide-gallery-thumbs deactivate_avia_lazyload avia-gallery-animate  avia-gallery-1'  itemprop=\"image\" itemscope=\"itemscope\" itemtype=\"https:\/\/schema.org\/ImageObject\" ><a class='avia-gallery-big fakeLightbox lightbox avia-gallery-big-crop-thumb ' href=\"https:\/\/aas-gmbh.de\/wp-content\/uploads\/ABI_Programmiermaschine_09-1030x687.jpg\" data-srcset=\"https:\/\/aas-gmbh.de\/wp-content\/uploads\/ABI_Programmiermaschine_09-1030x687.jpg 1030w, https:\/\/aas-gmbh.de\/wp-content\/uploads\/ABI_Programmiermaschine_09-300x200.jpg 300w, https:\/\/aas-gmbh.de\/wp-content\/uploads\/ABI_Programmiermaschine_09-768x512.jpg 768w, https:\/\/aas-gmbh.de\/wp-content\/uploads\/ABI_Programmiermaschine_09-1536x1024.jpg 1536w, https:\/\/aas-gmbh.de\/wp-content\/uploads\/ABI_Programmiermaschine_09-2048x1365.jpg 2048w, https:\/\/aas-gmbh.de\/wp-content\/uploads\/ABI_Programmiermaschine_09-1500x1000.jpg 1500w, https:\/\/aas-gmbh.de\/wp-content\/uploads\/ABI_Programmiermaschine_09-705x470.jpg 705w\" data-sizes=\"(max-width: 1030px) 100vw, 1030px\"  data-onclick='1' title='ABI_Programmiermaschine_09' ><span class='avia-gallery-big-inner'  itemprop=\"thumbnailUrl\" ><img class=\"wp-image-3805 avia-img-lazy-loading-not-3805\" width=\"845\" height=\"684\" src=\"https:\/\/aas-gmbh.de\/wp-content\/uploads\/ABI_Programmiermaschine_09-845x684.jpg\" title=\"ABI_Programmiermaschine_09\" alt=\"\" srcset=\"https:\/\/aas-gmbh.de\/wp-content\/uploads\/ABI_Programmiermaschine_09-845x684.jpg 845w, https:\/\/aas-gmbh.de\/wp-content\/uploads\/ABI_Programmiermaschine_09-495x400.jpg 495w\" sizes=\"(max-width: 845px) 100vw, 845px\"><\/span><\/a><div class='avia-gallery-thumb'> <a href=\"https:\/\/aas-gmbh.de\/wp-content\/uploads\/ABI_Programmiermaschine_09-1030x687.jpg\" data-srcset=\"https:\/\/aas-gmbh.de\/wp-content\/uploads\/ABI_Programmiermaschine_09-1030x687.jpg 1030w, https:\/\/aas-gmbh.de\/wp-content\/uploads\/ABI_Programmiermaschine_09-300x200.jpg 300w, https:\/\/aas-gmbh.de\/wp-content\/uploads\/ABI_Programmiermaschine_09-768x512.jpg 768w, https:\/\/aas-gmbh.de\/wp-content\/uploads\/ABI_Programmiermaschine_09-1536x1024.jpg 1536w, https:\/\/aas-gmbh.de\/wp-content\/uploads\/ABI_Programmiermaschine_09-2048x1365.jpg 2048w, https:\/\/aas-gmbh.de\/wp-content\/uploads\/ABI_Programmiermaschine_09-1500x1000.jpg 1500w, https:\/\/aas-gmbh.de\/wp-content\/uploads\/ABI_Programmiermaschine_09-705x470.jpg 705w\" data-sizes=\"(max-width: 1030px) 100vw, 1030px\" data-rel='gallery-1' data-prev-img='https:\/\/aas-gmbh.de\/wp-content\/uploads\/ABI_Programmiermaschine_09-845x684.jpg' class='first_thumb lightbox ' data-onclick='1' title='ABI_Programmiermaschine_09'  itemprop=\"thumbnailUrl\"  ><img class=\"wp-image-3805 avia-img-lazy-loading-not-3805\" src=\"https:\/\/aas-gmbh.de\/wp-content\/uploads\/ABI_Programmiermaschine_09-495x400.jpg\" width=\"495\" height=\"400\" title=\"ABI_Programmiermaschine_09\" alt=\"\" srcset=\"https:\/\/aas-gmbh.de\/wp-content\/uploads\/ABI_Programmiermaschine_09-495x400.jpg 495w, https:\/\/aas-gmbh.de\/wp-content\/uploads\/ABI_Programmiermaschine_09-845x684.jpg 845w\" sizes=\"(max-width: 495px) 100vw, 495px\"><\/a><\/div><\/div><\/div>\n<div class='av-flex-placeholder'><\/div>\n<style type=\"text\/css\" id=\"style-css-av-1vo7bl-57c7b382b05d6a341cebd72e784f0fdc\">\n#top .flex_column.av-1vo7bl-57c7b382b05d6a341cebd72e784f0fdc{\nborder-radius:0px;\n-webkit-border-radius:0px;\n-moz-border-radius:0px;\npadding:0px;\n}\n<\/style>\n<div class='flex_column av-1vo7bl-57c7b382b05d6a341cebd72e784f0fdc av_one_half  avia-builder-el-5  el_after_av_one_half  el_before_av_hr  flex_column_table_cell av-equal-height-column av-align-top av-zero-column-padding '   ><p>\n<style type=\"text\/css\" id=\"style-css-av-kg18mpwi-dbaeacaeaa0be5ca0d85106589aa9db5\">\n#top .av-special-heading.av-kg18mpwi-dbaeacaeaa0be5ca0d85106589aa9db5{\npadding-bottom:10px;\ncolor:#002d6c;\n}\n.av-special-heading.av-kg18mpwi-dbaeacaeaa0be5ca0d85106589aa9db5 .special-heading-inner-border{\nborder-color:#002d6c;\n}\n<\/style>\n<div  class='av-special-heading av-kg18mpwi-dbaeacaeaa0be5ca0d85106589aa9db5 av-special-heading-h3 custom-color-heading  avia-builder-el-6  el_before_av_textblock  avia-builder-el-first  '><h3 class='av-special-heading-tag '  itemprop=\"headline\"  >CUSTOM MADE<\/h3><div class='special-heading-border'><div class='special-heading-inner-border'><\/div><\/div><\/div><br \/>\n<section class=\"av_textblock_section \"  itemscope=\"itemscope\" itemtype=\"https:\/\/schema.org\/CreativeWork\" ><div class='avia_textblock  '  style='font-size:16px; '  itemprop=\"text\" ><p>Wir haben die Erfahrung direkt auf Ihre individuellen Bed\u00fcrfnisse und Sicherheitsanforderungen einzugehen und diese professionell in Funktion und\u00a0 Design umzusetzen.<\/p>\n<p>Wir schlagen Ihnen die richtigen Konzepte und Produkte vor. Auch besondere architektonische Akzente k\u00f6nnen wir ber\u00fccksichtigen.<\/p>\n<p>Mit ca. 3800 errichteten Anlagen und eine umfangreiche Referenzliste sowie Nachweise aller n\u00f6tigen Zulassungen und ein seit 1996 angewandtes Qualit\u00e4tsmanagement nach DIN ISO 9000-2014 sind Ihr Garant f\u00fcr eine durchdachte, innovative und an ihre pers\u00f6nlichen Anforderung angepasste Anlage.<\/p>\n<p>Hierbei ist es unerheblich ob Sie ein System f\u00fcr Ihr Privatobjekt oder Ihre Firma ben\u00f6tigen.<\/p>\n<\/div><\/section><\/p><\/div><\/div><!--close column table wrapper. Autoclose: 1 -->\n<div  class='hr av-npzg1-f9de6afd946fbf2fad72c08181ed6e28 hr-default  avia-builder-el-8  el_after_av_one_half  el_before_av_one_full  '><span class='hr-inner '><span class=\"hr-inner-style\"><\/span><\/span><\/div>\n\n<style type=\"text\/css\" id=\"style-css-av-kgujgq8y-caeb774e2caf3bf22b4b9919c211c4a0\">\n#top .flex_column.av-kgujgq8y-caeb774e2caf3bf22b4b9919c211c4a0{\nborder-radius:0px;\n-webkit-border-radius:0px;\n-moz-border-radius:0px;\npadding:0px;\n}\n<\/style>\n<div class='flex_column av-kgujgq8y-caeb774e2caf3bf22b4b9919c211c4a0 av_one_full  avia-builder-el-9  el_after_av_hr  el_before_av_codeblock  first flex_column_div av-zero-column-padding '   ><div  class='avia-buttonrow-wrap av-khd52nme-99b1a15be4f8f2b4e7f8c184659fb035 avia-buttonrow-center  avia-builder-el-10  avia-builder-el-no-sibling  '>\n\n<style type=\"text\/css\" id=\"style-css-av-c7zmgn-e15b56ae71599146d56deb01bf5b97f5\">\n#top #wrap_all .avia-button.av-c7zmgn-e15b56ae71599146d56deb01bf5b97f5{\nmargin-bottom:5px;\nmargin-right:3px;\nmargin-left:3px;\n}\n<\/style>\n<a href='https:\/\/aas-gmbh.de\/index.php\/einbruchmeldeanlagen\/'  class='avia-button av-c7zmgn-e15b56ae71599146d56deb01bf5b97f5 avia-icon_select-no avia-size-small avia-color-theme-color'  ><span class='avia_iconbox_title' >Einbruchmeldeanlagen<\/span><\/a>\n\n<style type=\"text\/css\" id=\"style-css-av-akm2av-f1cfc37d1b9d40f8cba3e6869392a635\">\n#top #wrap_all .avia-button.av-akm2av-f1cfc37d1b9d40f8cba3e6869392a635{\nmargin-bottom:5px;\nmargin-right:3px;\nmargin-left:3px;\n}\n<\/style>\n<a href='https:\/\/aas-gmbh.de\/index.php\/videoanlagen\/'  class='avia-button av-akm2av-f1cfc37d1b9d40f8cba3e6869392a635 avia-icon_select-no avia-size-small avia-color-theme-color'  ><span class='avia_iconbox_title' >Videoanlagen<\/span><\/a>\n\n<style type=\"text\/css\" id=\"style-css-av-98wdvr-7862eb795b95ea2c738706c50567e504\">\n#top #wrap_all .avia-button.av-98wdvr-7862eb795b95ea2c738706c50567e504{\nmargin-bottom:5px;\nmargin-right:3px;\nmargin-left:3px;\n}\n<\/style>\n<a href='https:\/\/aas-gmbh.de\/index.php\/brandmeldeanlagen\/'  class='avia-button av-98wdvr-7862eb795b95ea2c738706c50567e504 avia-icon_select-no avia-size-small avia-color-theme-color'  ><span class='avia_iconbox_title' >Brandmeldeanlagen<\/span><\/a>\n\n<style type=\"text\/css\" id=\"style-css-av-7q7pyv-2f985e9a369ae8f6ae341904e3e5a818\">\n#top #wrap_all .avia-button.av-7q7pyv-2f985e9a369ae8f6ae341904e3e5a818{\nmargin-bottom:5px;\nmargin-right:3px;\nmargin-left:3px;\n}\n<\/style>\n<a href='https:\/\/aas-gmbh.de\/index.php\/edv-it-security\/'  class='avia-button av-7q7pyv-2f985e9a369ae8f6ae341904e3e5a818 avia-icon_select-no avia-size-small avia-color-theme-color'  ><span class='avia_iconbox_title' >EDV\/IT-Security<\/span><\/a>\n\n<style type=\"text\/css\" id=\"style-css-av-5wcblj-c09b1b084201028e2b4d862e46615a68\">\n#top #wrap_all .avia-button.av-5wcblj-c09b1b084201028e2b4d862e46615a68{\nmargin-bottom:5px;\nmargin-right:3px;\nmargin-left:3px;\n}\n<\/style>\n<a href='https:\/\/aas-gmbh.de\/index.php\/schliessanlagen\/'  class='avia-button av-5wcblj-c09b1b084201028e2b4d862e46615a68 avia-icon_select-no avia-size-small avia-color-theme-color'  ><span class='avia_iconbox_title' >Schlie\u00dfanlagen<\/span><\/a>\n\n<style type=\"text\/css\" id=\"style-css-av-4tln9j-12f2e7a508c657a9b1b4419a6cd43807\">\n#top #wrap_all .avia-button.av-4tln9j-12f2e7a508c657a9b1b4419a6cd43807{\nmargin-bottom:5px;\nmargin-right:3px;\nmargin-left:3px;\n}\n<\/style>\n<a href='https:\/\/aas-gmbh.de\/index.php\/zutrittskontrollanlagen\/'  class='avia-button av-4tln9j-12f2e7a508c657a9b1b4419a6cd43807 avia-icon_select-no avia-size-small avia-color-theme-color'  ><span class='avia_iconbox_title' >Zutrittskontrolle<\/span><\/a>\n\n<style type=\"text\/css\" id=\"style-css-av-1w8zrr-87f9062c32eca236eba5c10dffd6275a\">\n#top #wrap_all .avia-button.av-1w8zrr-87f9062c32eca236eba5c10dffd6275a{\nmargin-bottom:5px;\nmargin-right:3px;\nmargin-left:3px;\n}\n<\/style>\n<a href='https:\/\/aas-gmbh.de\/index.php\/tresore\/'  class='avia-button av-1w8zrr-87f9062c32eca236eba5c10dffd6275a avia-icon_select-no avia-size-small avia-color-theme-color'  ><span class='avia_iconbox_title' >Tresore<\/span><\/a>\n\n<style type=\"text\/css\" id=\"style-css-av-48owi9-457c704f5103d165f6a662c7bb1efc0d\">\n#top #wrap_all .avia-button.av-48owi9-457c704f5103d165f6a662c7bb1efc0d{\nmargin-bottom:5px;\nmargin-right:3px;\nmargin-left:3px;\n}\n<\/style>\n<a href='https:\/\/aas-gmbh.de\/index.php\/zeiterfassung\/'  class='avia-button av-48owi9-457c704f5103d165f6a662c7bb1efc0d avia-icon_select-no avia-size-small avia-color-theme-color'  ><span class='avia_iconbox_title' >Zeiterfassung<\/span><\/a>\n\n<style type=\"text\/css\" id=\"style-css-av-2nl7vl-ef9e6e3d845431a2a667e5c1b85d9470\">\n#top #wrap_all .avia-button.av-2nl7vl-ef9e6e3d845431a2a667e5c1b85d9470{\nmargin-bottom:5px;\nmargin-right:3px;\nmargin-left:3px;\n}\n<\/style>\n<a href='https:\/\/aas-gmbh.de\/index.php\/custom-made\/'  class='avia-button av-2nl7vl-ef9e6e3d845431a2a667e5c1b85d9470 avia-icon_select-no avia-size-small avia-color-theme-color'  ><span class='avia_iconbox_title' >Custom made<\/span><\/a>\n<\/div><\/div>\n\n","protected":false},"excerpt":{"rendered":"","protected":false},"author":1,"featured_media":0,"parent":0,"menu_order":0,"comment_status":"closed","ping_status":"closed","template":"","meta":[],"_links":{"self":[{"href":"https:\/\/aas-gmbh.de\/index.php\/wp-json\/wp\/v2\/pages\/3505"}],"collection":[{"href":"https:\/\/aas-gmbh.de\/index.php\/wp-json\/wp\/v2\/pages"}],"about":[{"href":"https:\/\/aas-gmbh.de\/index.php\/wp-json\/wp\/v2\/types\/page"}],"author":[{"embeddable":true,"href":"https:\/\/aas-gmbh.de\/index.php\/wp-json\/wp\/v2\/users\/1"}],"replies":[{"embeddable":true,"href":"https:\/\/aas-gmbh.de\/index.php\/wp-json\/wp\/v2\/comments?post=3505"}],"version-history":[{"count":9,"href":"https:\/\/aas-gmbh.de\/index.php\/wp-json\/wp\/v2\/pages\/3505\/revisions"}],"predecessor-version":[{"id":4050,"href":"https:\/\/aas-gmbh.de\/index.php\/wp-json\/wp\/v2\/pages\/3505\/revisions\/4050"}],"wp:attachment":[{"href":"https:\/\/aas-gmbh.de\/index.php\/wp-json\/wp\/v2\/media?parent=3505"}],"curies":[{"name":"wp","href":"https:\/\/api.w.org\/{rel}","templated":true}]}}