{"id":3669,"date":"2020-11-10T12:00:45","date_gmt":"2020-11-10T11:00:45","guid":{"rendered":"https:\/\/aas.xandit.de\/?page_id=3669"},"modified":"2020-12-21T13:11:17","modified_gmt":"2020-12-21T12:11:17","slug":"instandhaltung","status":"publish","type":"page","link":"https:\/\/aas-gmbh.de\/index.php\/instandhaltung\/","title":{"rendered":"Instandhaltung"},"content":{"rendered":"<div id='layer_slider_1'  class='avia-layerslider main_color avia-shadow  avia-builder-el-0  el_before_av_one_full  avia-builder-el-first  container_wrap fullsize'  style='height: 356px; max-width: 1115px; margin: 0 auto;'  ><\/div><div id='after_layer_slider_1'  class='main_color av_default_container_wrap container_wrap fullsize'  ><div class='container av-section-cont-open' ><div class='template-page content  av-content-full alpha units'><div class='post-entry post-entry-type-page post-entry-3669'><div class='entry-content-wrapper clearfix'>\n\n<style type=\"text\/css\" id=\"style-css-av-9hh14l-f68579aa7f79df28e03d2565ea170b94\">\n#top .flex_column.av-9hh14l-f68579aa7f79df28e03d2565ea170b94{\nborder-radius:0px;\n-webkit-border-radius:0px;\n-moz-border-radius:0px;\npadding:0px;\n}\n<\/style>\n<div class='flex_column av-9hh14l-f68579aa7f79df28e03d2565ea170b94 av_one_full  avia-builder-el-1  el_after_av_layerslider  el_before_av_one_half  avia-builder-el-first  first flex_column_div av-zero-column-padding '   ><div  class='hr av-khbxznbd-25a69466a6c0bb9752e3d038de929fec hr-short  avia-builder-el-2  avia-builder-el-no-sibling  hr-center '><span class='hr-inner '><span class=\"hr-inner-style\"><\/span><\/span><\/div><\/div>\n\n<style type=\"text\/css\" id=\"style-css-av-7phd11-4fb1cc4f47a4a7a2e1a960e72d5e2a57\">\n#top .flex_column.av-7phd11-4fb1cc4f47a4a7a2e1a960e72d5e2a57{\nborder-radius:0px;\n-webkit-border-radius:0px;\n-moz-border-radius:0px;\npadding:0px;\n}\n<\/style>\n<div class='flex_column av-7phd11-4fb1cc4f47a4a7a2e1a960e72d5e2a57 av_one_half  avia-builder-el-3  el_after_av_one_full  el_before_av_one_half  first flex_column_div av-zero-column-padding column-top-margin'   ><style type=\"text\/css\" id=\"style-css-av-khc2m2vw-4ee669b8d4345b5ffa7f7e705cae0aea\">\n.avia-image-container.av-khc2m2vw-4ee669b8d4345b5ffa7f7e705cae0aea .av-image-caption-overlay-center{\ncolor:#ffffff;\n}\n<\/style>\n<div  class='avia-image-container av-khc2m2vw-4ee669b8d4345b5ffa7f7e705cae0aea av-styling- avia-align-center  avia-builder-el-4  avia-builder-el-no-sibling  '  itemprop=\"image\" itemscope=\"itemscope\" itemtype=\"https:\/\/schema.org\/ImageObject\" ><div class=\"avia-image-container-inner\"><div class=\"avia-image-overlay-wrap\"><img class=\"wp-image-3687 avia-img-lazy-loading-not-3687 avia_image\" src=\"https:\/\/aas-gmbh.de\/wp-content\/uploads\/2020\/11\/g188-180x180.png\" alt=\"\" title=\"g188\" height=\"180\" width=\"180\" itemprop=\"thumbnailUrl\" srcset=\"https:\/\/aas-gmbh.de\/wp-content\/uploads\/2020\/11\/g188-180x180.png 180w, https:\/\/aas-gmbh.de\/wp-content\/uploads\/2020\/11\/g188-300x300.png 300w, https:\/\/aas-gmbh.de\/wp-content\/uploads\/2020\/11\/g188-80x80.png 80w, https:\/\/aas-gmbh.de\/wp-content\/uploads\/2020\/11\/g188-768x768.png 768w, https:\/\/aas-gmbh.de\/wp-content\/uploads\/2020\/11\/g188-36x36.png 36w, https:\/\/aas-gmbh.de\/wp-content\/uploads\/2020\/11\/g188-705x705.png 705w, https:\/\/aas-gmbh.de\/wp-content\/uploads\/2020\/11\/g188.png 800w\" sizes=\"(max-width: 180px) 100vw, 180px\"><\/div><\/div><\/div><\/div>\n\n<style type=\"text\/css\" id=\"style-css-av-67mx2t-0672416dff6021d89e724f833f456dee\">\n#top .flex_column.av-67mx2t-0672416dff6021d89e724f833f456dee{\nborder-radius:0px;\n-webkit-border-radius:0px;\n-moz-border-radius:0px;\npadding:0px;\n}\n<\/style>\n<div class='flex_column av-67mx2t-0672416dff6021d89e724f833f456dee av_one_half  avia-builder-el-5  el_after_av_one_half  el_before_av_one_full  flex_column_div av-zero-column-padding column-top-margin'   ><p>\n<style type=\"text\/css\" id=\"style-css-av-2ikyt1-59e4e4f934c0cc6e5659f6fbdf344448\">\n#top .av-special-heading.av-2ikyt1-59e4e4f934c0cc6e5659f6fbdf344448{\npadding-bottom:10px;\n}\n<\/style>\n<div  class='av-special-heading av-2ikyt1-59e4e4f934c0cc6e5659f6fbdf344448 av-special-heading-h3  avia-builder-el-6  el_before_av_textblock  avia-builder-el-first  '><h3 class='av-special-heading-tag '  itemprop=\"headline\"  >Instandhaltung<\/h3><div class='special-heading-border'><div class='special-heading-inner-border'><\/div><\/div><\/div><br \/>\n<section class=\"av_textblock_section \"  itemscope=\"itemscope\" itemtype=\"https:\/\/schema.org\/CreativeWork\" ><div class='avia_textblock  '  style='font-size:16px; '  itemprop=\"text\" ><p>Nicht nur die Montage Ihres Sicherheitssystems, auch die Betreuung liegt uns am Herzen. Bereits im Angebot bieten wir Ihnen einen Wartungsvertrag an, denn durch eine regelm\u00e4\u00dfige Kontrolle lassen sich viele Probleme vermeiden, bevor sie \u00fcberhaupt entstehen. Sollten trotzdem Schwierigkeiten auftauchen, steht Ihnen w\u00e4hrend der Gesch\u00e4ftszeiten unsere Serviceabteilung zur Verf\u00fcgung. Aber auch au\u00dferhalb dieser Zeit sind Sie nicht verlassen. Unser 24-Stunden-Service, den wir speziell f\u00fcr Kunden mit Wartungsvertr\u00e4gen eingerichtet haben, bew\u00e4ltigt alle Probleme, egal ob nachts, an Sonn- oder Feiertagen.<\/p>\n<\/div><\/section><\/p><\/div>\n<style type=\"text\/css\" id=\"style-css-av-4vmqkl-7d23afa27a453be205a7b45e7918cf70\">\n#top .flex_column.av-4vmqkl-7d23afa27a453be205a7b45e7918cf70{\nborder-radius:0px;\n-webkit-border-radius:0px;\n-moz-border-radius:0px;\npadding:0px;\n}\n<\/style>\n<div class='flex_column av-4vmqkl-7d23afa27a453be205a7b45e7918cf70 av_one_full  avia-builder-el-8  el_after_av_one_half  el_before_av_one_full  first flex_column_div av-zero-column-padding column-top-margin'   ><style type=\"text\/css\" id=\"style-css-av-khc349x6-5a89aef889e43df38022985ad441474a\">\n.avia-image-container.av-khc349x6-5a89aef889e43df38022985ad441474a .av-image-caption-overlay-center{\ncolor:#ffffff;\n}\n<\/style>\n<div  class='avia-image-container av-khc349x6-5a89aef889e43df38022985ad441474a av-styling- avia-align-center  avia-builder-el-9  avia-builder-el-no-sibling  '  itemprop=\"image\" itemscope=\"itemscope\" itemtype=\"https:\/\/schema.org\/ImageObject\" ><div class=\"avia-image-container-inner\"><div class=\"avia-image-overlay-wrap\"><img class=\"wp-image-3896 avia-img-lazy-loading-not-3896 avia_image\" src=\"https:\/\/aas-gmbh.de\/wp-content\/uploads\/uh01.png\" alt=\"\" title=\"uh01\" height=\"684\" width=\"845\" itemprop=\"thumbnailUrl\" srcset=\"https:\/\/aas-gmbh.de\/wp-content\/uploads\/uh01.png 845w, https:\/\/aas-gmbh.de\/wp-content\/uploads\/uh01-300x243.png 300w, https:\/\/aas-gmbh.de\/wp-content\/uploads\/uh01-768x622.png 768w, https:\/\/aas-gmbh.de\/wp-content\/uploads\/uh01-495x400.png 495w, https:\/\/aas-gmbh.de\/wp-content\/uploads\/uh01-705x571.png 705w\" sizes=\"(max-width: 845px) 100vw, 845px\"><\/div><\/div><\/div><\/div><\/p>\n\n<style type=\"text\/css\" id=\"style-css-av-1waa79-2774f8f194c5fd5c7b88e037af11a2ec\">\n#top .flex_column.av-1waa79-2774f8f194c5fd5c7b88e037af11a2ec{\nborder-radius:0px;\n-webkit-border-radius:0px;\n-moz-border-radius:0px;\npadding:0px;\n}\n<\/style>\n<div class='flex_column av-1waa79-2774f8f194c5fd5c7b88e037af11a2ec av_one_full  avia-builder-el-10  el_after_av_one_full  el_before_av_codeblock  first flex_column_div av-zero-column-padding column-top-margin'   ><div  class='hr av-khbxznbd-25a69466a6c0bb9752e3d038de929fec hr-short  avia-builder-el-11  avia-builder-el-no-sibling  hr-center '><span class='hr-inner '><span class=\"hr-inner-style\"><\/span><\/span><\/div><\/div>\n\n","protected":false},"excerpt":{"rendered":"","protected":false},"author":1,"featured_media":0,"parent":0,"menu_order":0,"comment_status":"closed","ping_status":"closed","template":"","meta":[],"_links":{"self":[{"href":"https:\/\/aas-gmbh.de\/index.php\/wp-json\/wp\/v2\/pages\/3669"}],"collection":[{"href":"https:\/\/aas-gmbh.de\/index.php\/wp-json\/wp\/v2\/pages"}],"about":[{"href":"https:\/\/aas-gmbh.de\/index.php\/wp-json\/wp\/v2\/types\/page"}],"author":[{"embeddable":true,"href":"https:\/\/aas-gmbh.de\/index.php\/wp-json\/wp\/v2\/users\/1"}],"replies":[{"embeddable":true,"href":"https:\/\/aas-gmbh.de\/index.php\/wp-json\/wp\/v2\/comments?post=3669"}],"version-history":[{"count":6,"href":"https:\/\/aas-gmbh.de\/index.php\/wp-json\/wp\/v2\/pages\/3669\/revisions"}],"predecessor-version":[{"id":3969,"href":"https:\/\/aas-gmbh.de\/index.php\/wp-json\/wp\/v2\/pages\/3669\/revisions\/3969"}],"wp:attachment":[{"href":"https:\/\/aas-gmbh.de\/index.php\/wp-json\/wp\/v2\/media?parent=3669"}],"curies":[{"name":"wp","href":"https:\/\/api.w.org\/{rel}","templated":true}]}}