{"id":3718,"date":"2020-11-10T18:38:29","date_gmt":"2020-11-10T17:38:29","guid":{"rendered":"https:\/\/aas.xandit.de\/?page_id=3718"},"modified":"2020-12-17T14:42:02","modified_gmt":"2020-12-17T13:42:02","slug":"historie","status":"publish","type":"page","link":"https:\/\/aas-gmbh.de\/index.php\/historie\/","title":{"rendered":"Historie"},"content":{"rendered":"<div id='layer_slider_1'  class='avia-layerslider main_color avia-shadow  avia-builder-el-0  el_before_av_one_fourth  avia-builder-el-first  container_wrap fullsize'  style='height: 356px; max-width: 1110px; margin: 0 auto;'  ><\/div><div id='after_layer_slider_1'  class='main_color av_default_container_wrap container_wrap fullsize'  ><div class='container av-section-cont-open' ><div class='template-page content  av-content-full alpha units'><div class='post-entry post-entry-type-page post-entry-3718'><div class='entry-content-wrapper clearfix'>\n\n<style type=\"text\/css\" id=\"style-css-av-6l58ty-3462a182c0752949f6334e7567abbfcd\">\n#top .flex_column.av-6l58ty-3462a182c0752949f6334e7567abbfcd{\nborder-radius:0px;\n-webkit-border-radius:0px;\n-moz-border-radius:0px;\npadding:0px;\n}\n<\/style>\n<div class='flex_column av-6l58ty-3462a182c0752949f6334e7567abbfcd av_one_fourth  avia-builder-el-1  el_after_av_layerslider  el_before_av_one_half  avia-builder-el-first  first flex_column_div av-zero-column-padding '   ><\/div>\n\n<style type=\"text\/css\" id=\"style-css-av-3re1ty-5647aebdfdde0fa652c0499d848493c9\">\n#top .flex_column.av-3re1ty-5647aebdfdde0fa652c0499d848493c9{\nborder-radius:0px;\n-webkit-border-radius:0px;\n-moz-border-radius:0px;\npadding:0px;\n}\n<\/style>\n<div class='flex_column av-3re1ty-5647aebdfdde0fa652c0499d848493c9 av_one_half  avia-builder-el-2  el_after_av_one_fourth  el_before_av_one_fourth  flex_column_div av-zero-column-padding '   ><p>\n<style type=\"text\/css\" id=\"style-css-av-av_heading-0776de9bc1b30da26bbd59e322382502\">\n#top .av-special-heading.av-av_heading-0776de9bc1b30da26bbd59e322382502{\npadding-bottom:10px;\n}\n<\/style>\n<div  class='av-special-heading av-av_heading-0776de9bc1b30da26bbd59e322382502 av-special-heading-h3  avia-builder-el-3  el_before_av_textblock  avia-builder-el-first  '><h3 class='av-special-heading-tag '  itemprop=\"headline\"  >Historie<\/h3><div class='special-heading-border'><div class='special-heading-inner-border'><\/div><\/div><\/div><br \/>\n<section class=\"av_textblock_section \"  itemscope=\"itemscope\" itemtype=\"https:\/\/schema.org\/CreativeWork\" ><div class='avia_textblock  '  style='font-size:16px; '  itemprop=\"text\" ><p>Reale und gef\u00fchlte Sicherheit aus einer Hand- diesem Leitsatz hat sich die AAS seit 1975 verschrieben.<\/p>\n<p>Seit 1985 haben wir ca. 4200 Sicherheitssysteme aus den verschiedensten Sicherheitsbereichen geplant und installiert.<\/p>\n<p>Unsere Sicherheitskonzepte und Anlagen sind weit \u00fcber die Grenzen M\u00fcnchens und Bayerns bekannt und renommiert.<\/p>\n<p>Wir sind stolz darauf, dass wir seit 30 Jahren ein renommiertes, mittelst\u00e4ndisches Familienunternehmen sind &#8211; dadurch sind wir f\u00e4hig mit unseren Kunden auf k\u00fcrzestem Weg in direktem Kontakt zu stehen \u2013 von der Planung bis zum Notfall.<\/p>\n<p>Herr Stephan Beier und sein Team garantieren Sicherheit f\u00fcr Mensch, Sach- u. Verm\u00f6genswerte in Privathaushalten, Gewerbe und der Industrie.<\/p>\n<\/div><\/section><\/p><\/div>\n<style type=\"text\/css\" id=\"style-css-av-3auexi-c9b09728b60d87091f458a1bf6ab2e19\">\n#top .flex_column.av-3auexi-c9b09728b60d87091f458a1bf6ab2e19{\nborder-radius:0px;\n-webkit-border-radius:0px;\n-moz-border-radius:0px;\npadding:0px;\n}\n<\/style>\n<div class='flex_column av-3auexi-c9b09728b60d87091f458a1bf6ab2e19 av_one_fourth  avia-builder-el-5  el_after_av_one_half  el_before_av_codeblock  flex_column_div av-zero-column-padding '   ><\/div><\/p>\n\n","protected":false},"excerpt":{"rendered":"","protected":false},"author":1,"featured_media":0,"parent":0,"menu_order":0,"comment_status":"closed","ping_status":"closed","template":"","meta":[],"_links":{"self":[{"href":"https:\/\/aas-gmbh.de\/index.php\/wp-json\/wp\/v2\/pages\/3718"}],"collection":[{"href":"https:\/\/aas-gmbh.de\/index.php\/wp-json\/wp\/v2\/pages"}],"about":[{"href":"https:\/\/aas-gmbh.de\/index.php\/wp-json\/wp\/v2\/types\/page"}],"author":[{"embeddable":true,"href":"https:\/\/aas-gmbh.de\/index.php\/wp-json\/wp\/v2\/users\/1"}],"replies":[{"embeddable":true,"href":"https:\/\/aas-gmbh.de\/index.php\/wp-json\/wp\/v2\/comments?post=3718"}],"version-history":[{"count":4,"href":"https:\/\/aas-gmbh.de\/index.php\/wp-json\/wp\/v2\/pages\/3718\/revisions"}],"predecessor-version":[{"id":3964,"href":"https:\/\/aas-gmbh.de\/index.php\/wp-json\/wp\/v2\/pages\/3718\/revisions\/3964"}],"wp:attachment":[{"href":"https:\/\/aas-gmbh.de\/index.php\/wp-json\/wp\/v2\/media?parent=3718"}],"curies":[{"name":"wp","href":"https:\/\/api.w.org\/{rel}","templated":true}]}}