{"id":3721,"date":"2020-11-10T18:55:06","date_gmt":"2020-11-10T17:55:06","guid":{"rendered":"https:\/\/aas.xandit.de\/?page_id=3721"},"modified":"2020-12-18T08:06:12","modified_gmt":"2020-12-18T07:06:12","slug":"mission-2","status":"publish","type":"page","link":"https:\/\/aas-gmbh.de\/index.php\/mission-2\/","title":{"rendered":"Philosophie"},"content":{"rendered":"<div id='layer_slider_1'  class='avia-layerslider main_color avia-shadow  avia-builder-el-0  el_before_av_one_third  avia-builder-el-first  container_wrap fullsize'  style='height: 356px; max-width: 1110px; margin: 0 auto;'  ><\/div><div id='after_layer_slider_1'  class='main_color av_default_container_wrap container_wrap fullsize'  ><div class='container av-section-cont-open' ><div class='template-page content  av-content-full alpha units'><div class='post-entry post-entry-type-page post-entry-3721'><div class='entry-content-wrapper clearfix'>\n\n<style type=\"text\/css\" id=\"style-css-av-ev11xl-2f85e70c80e6f5d7ea144d4db5ce9d3e\">\n#top .flex_column.av-ev11xl-2f85e70c80e6f5d7ea144d4db5ce9d3e{\nborder-radius:0px;\n-webkit-border-radius:0px;\n-moz-border-radius:0px;\npadding:0px;\n}\n<\/style>\n<div class='flex_column av-ev11xl-2f85e70c80e6f5d7ea144d4db5ce9d3e av_one_third  avia-builder-el-1  el_after_av_layerslider  el_before_av_three_fifth  avia-builder-el-first  first flex_column_div av-zero-column-padding '   ><style type=\"text\/css\" id=\"style-css-av-khc9hy6z-3e57a976f1e8895f26e6f609d06afbf9\">\n.avia-image-container.av-khc9hy6z-3e57a976f1e8895f26e6f609d06afbf9 .av-image-caption-overlay-center{\ncolor:#ffffff;\n}\n<\/style>\n<div  class='avia-image-container av-khc9hy6z-3e57a976f1e8895f26e6f609d06afbf9 av-styling- avia-align-center  avia-builder-el-2  avia-builder-el-no-sibling  '  itemprop=\"image\" itemscope=\"itemscope\" itemtype=\"https:\/\/schema.org\/ImageObject\" ><div class=\"avia-image-container-inner\"><div class=\"avia-image-overlay-wrap\"><img class=\"wp-image-3722 avia-img-lazy-loading-not-3722 avia_image\" src=\"https:\/\/aas-gmbh.de\/wp-content\/uploads\/2020\/11\/miss-300x287.png\" alt=\"\" title=\"miss\" height=\"287\" width=\"300\" itemprop=\"thumbnailUrl\" srcset=\"https:\/\/aas-gmbh.de\/wp-content\/uploads\/2020\/11\/miss-300x287.png 300w, https:\/\/aas-gmbh.de\/wp-content\/uploads\/2020\/11\/miss.png 563w\" sizes=\"(max-width: 300px) 100vw, 300px\"><\/div><\/div><\/div><\/div>\n\n<style type=\"text\/css\" id=\"style-css-av-c887a1-b331f5c1586aaaf2c184251cac7ce9f4\">\n#top .flex_column.av-c887a1-b331f5c1586aaaf2c184251cac7ce9f4{\nborder-radius:0px;\n-webkit-border-radius:0px;\n-moz-border-radius:0px;\npadding:0px;\n}\n<\/style>\n<div class='flex_column av-c887a1-b331f5c1586aaaf2c184251cac7ce9f4 av_three_fifth  avia-builder-el-3  el_after_av_one_third  el_before_av_one_full  flex_column_div av-zero-column-padding '   ><p>\n<style type=\"text\/css\" id=\"style-css-av-kitxic7t-38e1f60c758ad6fdb21d94d5bac2ab44\">\n#top .av-special-heading.av-kitxic7t-38e1f60c758ad6fdb21d94d5bac2ab44{\npadding-bottom:10px;\n}\n<\/style>\n<div  class='av-special-heading av-kitxic7t-38e1f60c758ad6fdb21d94d5bac2ab44 av-special-heading-h3  avia-builder-el-4  el_before_av_textblock  avia-builder-el-first  '><h3 class='av-special-heading-tag '  itemprop=\"headline\"  >Philosophie<\/h3><div class='special-heading-border'><div class='special-heading-inner-border'><\/div><\/div><\/div><br \/>\n<section class=\"av_textblock_section \"  itemscope=\"itemscope\" itemtype=\"https:\/\/schema.org\/CreativeWork\" ><div class='avia_textblock  '  style='font-size:16px; '  itemprop=\"text\" ><p>Die AAS Automatic Alarm Systeme ist ein Familienunternehmen, das seit 30 Jahren Sicherheitstechnik plant, installiert und Instand h\u00e4lt.<\/p>\n<p>Wir installieren Sicherheitsanlagen f\u00fcr Industrie, Konzerne, \u00f6ffentliche Tr\u00e4ger, Gewerbe sowie Privatobjekte.<\/p>\n<p>Der Hauptfokus liegt auf der Entwicklung eines optimal wirkenden, funktionalen und leicht zu bedienenden Sicherheitssystems, bestehend aus Einbruchmelde- und Brandmeldeanlagen sowie Video\u00fcberwachungs- und Zutrittskontrollsysteme.<\/p>\n<p>Unsere anspruchsvollen Kunden sch\u00e4tzen die gemeinsame Planung und Umsetzung Ihrer individuellen Sicherheitsbed\u00fcrfnisse, wir vereinen im Sicherheitsbereich Funktion und Design.<\/p>\n<p>Unsere Erfahrung macht uns zu einem der besten Anbieter der Region.<\/p>\n<p>AAS- Automatic Alarm Systeme steht f\u00fcr reale und gef\u00fchlte Sicherheit aus einer Hand.<\/p>\n<\/div><\/section><\/p><\/div>\n<style type=\"text\/css\" id=\"style-css-av-8qzggp-e9cd0f1c90fb78d45055a6e0176bf9c2\">\n#top .flex_column.av-8qzggp-e9cd0f1c90fb78d45055a6e0176bf9c2{\nborder-radius:0px;\n-webkit-border-radius:0px;\n-moz-border-radius:0px;\npadding:0px;\n}\n<\/style>\n<div class='flex_column av-8qzggp-e9cd0f1c90fb78d45055a6e0176bf9c2 av_one_full  avia-builder-el-6  el_after_av_three_fifth  el_before_av_one_fourth  first flex_column_div av-zero-column-padding '   ><style type=\"text\/css\" id=\"style-css-av-khc9w195-c8c583a8f28f0da9efa3956a15f2ad99\">\n#top .avia-gallery.av-khc9w195-c8c583a8f28f0da9efa3956a15f2ad99 .avia-gallery-thumb a{\nwidth:33.3333%;\n}\n<\/style>\n<div  class='avia-gallery av-khc9w195-c8c583a8f28f0da9efa3956a15f2ad99 avia_animate_when_visible  avia-builder-el-7  avia-builder-el-no-sibling  animations_off  avia-gallery-1'  itemprop=\"image\" itemscope=\"itemscope\" itemtype=\"https:\/\/schema.org\/ImageObject\" ><div class='avia-gallery-thumb'> <a href=\"https:\/\/aas-gmbh.de\/wp-content\/uploads\/2020\/11\/guy-1.png\" data-srcset=\"https:\/\/aas-gmbh.de\/wp-content\/uploads\/2020\/11\/guy-1.png 1030w, https:\/\/aas-gmbh.de\/wp-content\/uploads\/2020\/11\/guy-1-300x200.png 300w, https:\/\/aas-gmbh.de\/wp-content\/uploads\/2020\/11\/guy-1-768x512.png 768w, https:\/\/aas-gmbh.de\/wp-content\/uploads\/2020\/11\/guy-1-705x470.png 705w\" data-sizes=\"(max-width: 1030px) 100vw, 1030px\" data-rel='gallery-1' data-prev-img='https:\/\/aas-gmbh.de\/wp-content\/uploads\/2020\/11\/guy-1-495x400.png' class='first_thumb avianolink noLightbox ' data-onclick='1' title='guy'  itemprop=\"thumbnailUrl\"  ><img class=\"wp-image-3727 avia-img-lazy-loading-not-3727\" src=\"https:\/\/aas-gmbh.de\/wp-content\/uploads\/2020\/11\/guy-1-300x200.png\" width=\"300\" height=\"200\" title=\"guy\" alt=\"\" srcset=\"https:\/\/aas-gmbh.de\/wp-content\/uploads\/2020\/11\/guy-1-300x200.png 300w, https:\/\/aas-gmbh.de\/wp-content\/uploads\/2020\/11\/guy-1-768x512.png 768w, https:\/\/aas-gmbh.de\/wp-content\/uploads\/2020\/11\/guy-1-705x470.png 705w, https:\/\/aas-gmbh.de\/wp-content\/uploads\/2020\/11\/guy-1.png 1030w\" sizes=\"(max-width: 300px) 100vw, 300px\"><\/a> <a href=\"https:\/\/aas-gmbh.de\/wp-content\/uploads\/mission-1.png\" data-srcset=\"https:\/\/aas-gmbh.de\/wp-content\/uploads\/mission-1.png 1000w, https:\/\/aas-gmbh.de\/wp-content\/uploads\/mission-1-300x200.png 300w, https:\/\/aas-gmbh.de\/wp-content\/uploads\/mission-1-768x512.png 768w, https:\/\/aas-gmbh.de\/wp-content\/uploads\/mission-1-705x470.png 705w\" data-sizes=\"(max-width: 1000px) 100vw, 1000px\" data-rel='gallery-1' data-prev-img='https:\/\/aas-gmbh.de\/wp-content\/uploads\/mission-1-495x400.png' class='avianolink noLightbox ' data-onclick='2' title='mission'  itemprop=\"thumbnailUrl\"  ><img class=\"wp-image-3937 avia-img-lazy-loading-not-3937\" src=\"https:\/\/aas-gmbh.de\/wp-content\/uploads\/mission-1-300x200.png\" width=\"300\" height=\"200\" title=\"mission\" alt=\"\" srcset=\"https:\/\/aas-gmbh.de\/wp-content\/uploads\/mission-1-300x200.png 300w, https:\/\/aas-gmbh.de\/wp-content\/uploads\/mission-1-768x512.png 768w, https:\/\/aas-gmbh.de\/wp-content\/uploads\/mission-1-705x470.png 705w, https:\/\/aas-gmbh.de\/wp-content\/uploads\/mission-1.png 1000w\" sizes=\"(max-width: 300px) 100vw, 300px\"><\/a> <a href=\"https:\/\/aas-gmbh.de\/wp-content\/uploads\/2020\/11\/ABI_OptischeInspektion_10-1030x687.jpg\" data-srcset=\"https:\/\/aas-gmbh.de\/wp-content\/uploads\/2020\/11\/ABI_OptischeInspektion_10-1030x687.jpg 1030w, https:\/\/aas-gmbh.de\/wp-content\/uploads\/2020\/11\/ABI_OptischeInspektion_10-300x200.jpg 300w, https:\/\/aas-gmbh.de\/wp-content\/uploads\/2020\/11\/ABI_OptischeInspektion_10-768x512.jpg 768w, https:\/\/aas-gmbh.de\/wp-content\/uploads\/2020\/11\/ABI_OptischeInspektion_10-1536x1024.jpg 1536w, https:\/\/aas-gmbh.de\/wp-content\/uploads\/2020\/11\/ABI_OptischeInspektion_10-2048x1365.jpg 2048w, https:\/\/aas-gmbh.de\/wp-content\/uploads\/2020\/11\/ABI_OptischeInspektion_10-1500x1000.jpg 1500w, https:\/\/aas-gmbh.de\/wp-content\/uploads\/2020\/11\/ABI_OptischeInspektion_10-705x470.jpg 705w\" data-sizes=\"(max-width: 1030px) 100vw, 1030px\" data-rel='gallery-1' data-prev-img='https:\/\/aas-gmbh.de\/wp-content\/uploads\/2020\/11\/ABI_OptischeInspektion_10-495x400.jpg' class='avianolink noLightbox ' data-onclick='3' title='ABI_OptischeInspektion_10'  itemprop=\"thumbnailUrl\"  ><img class=\"wp-image-3725 avia-img-lazy-loading-not-3725\" src=\"https:\/\/aas-gmbh.de\/wp-content\/uploads\/2020\/11\/ABI_OptischeInspektion_10-300x200.jpg\" width=\"300\" height=\"200\" title=\"ABI_OptischeInspektion_10\" alt=\"\" srcset=\"https:\/\/aas-gmbh.de\/wp-content\/uploads\/2020\/11\/ABI_OptischeInspektion_10-300x200.jpg 300w, https:\/\/aas-gmbh.de\/wp-content\/uploads\/2020\/11\/ABI_OptischeInspektion_10-1030x687.jpg 1030w, https:\/\/aas-gmbh.de\/wp-content\/uploads\/2020\/11\/ABI_OptischeInspektion_10-768x512.jpg 768w, https:\/\/aas-gmbh.de\/wp-content\/uploads\/2020\/11\/ABI_OptischeInspektion_10-1536x1024.jpg 1536w, https:\/\/aas-gmbh.de\/wp-content\/uploads\/2020\/11\/ABI_OptischeInspektion_10-2048x1365.jpg 2048w, https:\/\/aas-gmbh.de\/wp-content\/uploads\/2020\/11\/ABI_OptischeInspektion_10-1500x1000.jpg 1500w, https:\/\/aas-gmbh.de\/wp-content\/uploads\/2020\/11\/ABI_OptischeInspektion_10-705x470.jpg 705w\" sizes=\"(max-width: 300px) 100vw, 300px\"><\/a><\/div><\/div><\/div><\/p>\n\n<style type=\"text\/css\" id=\"style-css-av-pcpt5-d7f577fcf23931bc9ef23bed4e6243b9\">\n#top .flex_column.av-pcpt5-d7f577fcf23931bc9ef23bed4e6243b9{\nborder-radius:0px;\n-webkit-border-radius:0px;\n-moz-border-radius:0px;\npadding:0px;\n}\n<\/style>\n<div class='flex_column av-pcpt5-d7f577fcf23931bc9ef23bed4e6243b9 av_one_fourth  avia-builder-el-8  el_after_av_one_full  el_before_av_one_fourth  first flex_column_div av-zero-column-padding column-top-margin'   ><\/div>\n\n<style type=\"text\/css\" id=\"style-css-av-mc1rt-0f408cc8abcdb56e9b50811046bb5308\">\n#top .flex_column.av-mc1rt-0f408cc8abcdb56e9b50811046bb5308{\nborder-radius:0px;\n-webkit-border-radius:0px;\n-moz-border-radius:0px;\npadding:0px;\n}\n<\/style>\n<div class='flex_column av-mc1rt-0f408cc8abcdb56e9b50811046bb5308 av_one_fourth  avia-builder-el-9  el_after_av_one_fourth  el_before_av_one_fourth  flex_column_div av-zero-column-padding column-top-margin'   ><\/div>\n\n<style type=\"text\/css\" id=\"style-css-av-4kud4p-21c095bbc5624d4f7479e6224274c111\">\n#top .flex_column.av-4kud4p-21c095bbc5624d4f7479e6224274c111{\nborder-radius:0px;\n-webkit-border-radius:0px;\n-moz-border-radius:0px;\npadding:0px;\n}\n<\/style>\n<div class='flex_column av-4kud4p-21c095bbc5624d4f7479e6224274c111 av_one_fourth  avia-builder-el-10  el_after_av_one_fourth  el_before_av_one_fourth  flex_column_div av-zero-column-padding column-top-margin'   ><\/div>\n\n<style type=\"text\/css\" id=\"style-css-av-2e403d-2624e92c64d53d147749260741d3284f\">\n#top .flex_column.av-2e403d-2624e92c64d53d147749260741d3284f{\nborder-radius:0px;\n-webkit-border-radius:0px;\n-moz-border-radius:0px;\npadding:0px;\n}\n<\/style>\n<div class='flex_column av-2e403d-2624e92c64d53d147749260741d3284f av_one_fourth  avia-builder-el-11  el_after_av_one_fourth  el_before_av_codeblock  flex_column_div av-zero-column-padding column-top-margin'   ><\/div>\n\n","protected":false},"excerpt":{"rendered":"","protected":false},"author":1,"featured_media":0,"parent":0,"menu_order":0,"comment_status":"closed","ping_status":"closed","template":"","meta":[],"_links":{"self":[{"href":"https:\/\/aas-gmbh.de\/index.php\/wp-json\/wp\/v2\/pages\/3721"}],"collection":[{"href":"https:\/\/aas-gmbh.de\/index.php\/wp-json\/wp\/v2\/pages"}],"about":[{"href":"https:\/\/aas-gmbh.de\/index.php\/wp-json\/wp\/v2\/types\/page"}],"author":[{"embeddable":true,"href":"https:\/\/aas-gmbh.de\/index.php\/wp-json\/wp\/v2\/users\/1"}],"replies":[{"embeddable":true,"href":"https:\/\/aas-gmbh.de\/index.php\/wp-json\/wp\/v2\/comments?post=3721"}],"version-history":[{"count":11,"href":"https:\/\/aas-gmbh.de\/index.php\/wp-json\/wp\/v2\/pages\/3721\/revisions"}],"predecessor-version":[{"id":3951,"href":"https:\/\/aas-gmbh.de\/index.php\/wp-json\/wp\/v2\/pages\/3721\/revisions\/3951"}],"wp:attachment":[{"href":"https:\/\/aas-gmbh.de\/index.php\/wp-json\/wp\/v2\/media?parent=3721"}],"curies":[{"name":"wp","href":"https:\/\/api.w.org\/{rel}","templated":true}]}}